{"id":3044,"date":"2024-09-26T22:40:07","date_gmt":"2024-09-26T22:40:07","guid":{"rendered":"https:\/\/electricity.entre.ee\/?page_id=3044"},"modified":"2024-09-26T22:41:42","modified_gmt":"2024-09-26T22:41:42","slug":"privaatsuspoliitika-2","status":"publish","type":"page","link":"https:\/\/electricity.entre.ee\/en\/privaatsuspoliitika-2\/","title":{"rendered":"Privaatsuspoliitika"},"content":{"rendered":"<div data-elementor-type=\"wp-page\" data-elementor-id=\"3044\" class=\"elementor elementor-3044\">\n\t\t\t\t<div class=\"elementor-element elementor-element-a5a9222 e-flex e-con-boxed e-con e-parent\" data-id=\"a5a9222\" data-element_type=\"container\" data-e-type=\"container\">\n\t\t\t\t\t<div class=\"e-con-inner\">\n\t\t\t\t<div class=\"elementor-element elementor-element-5c6083f exad-sticky-section-no exad-glass-effect-no elementor-widget elementor-widget-heading\" data-id=\"5c6083f\" data-element_type=\"widget\" data-e-type=\"widget\" data-widget_type=\"heading.default\">\n\t\t\t\t<div class=\"elementor-widget-container\">\n\t\t\t\t\t<h2 class=\"elementor-heading-title elementor-size-default\">Privaatsuspoliitika<\/h2>\t\t\t\t<\/div>\n\t\t\t\t<\/div>\n\t\t\t\t\t<\/div>\n\t\t\t\t<\/div>\n\t\t<div class=\"elementor-element elementor-element-e3e4b2b e-flex e-con-boxed e-con e-parent\" data-id=\"e3e4b2b\" data-element_type=\"container\" data-e-type=\"container\">\n\t\t\t\t\t<div class=\"e-con-inner\">\n\t\t\t\t<div class=\"elementor-element elementor-element-010e638 exad-sticky-section-no exad-glass-effect-no elementor-widget elementor-widget-text-editor\" data-id=\"010e638\" data-element_type=\"widget\" data-e-type=\"widget\" data-widget_type=\"text-editor.default\">\n\t\t\t\t<div class=\"elementor-widget-container\">\n\t\t\t\t\t\t\t\t\t<p><span style=\"text-decoration: underline;\"><strong>\u00dcldine teave<\/strong><\/span><\/p><p>Teie privaatsus on meile oluline. K\u00e4esolev privaatsuspoliitika selgitab, kuidas Temoris O\u00dc kogub, kasutab, avalikustab ja kaitseb teie isikuandmeid, mida esitate meie kodulehel t\u00e4idetava ankeedi kaudu. Andmeid kasutatakse Live Agentuur O\u00dc poolt \u00fcrituse tarbeks, kus osalevad registreerunud ettev\u00f5tted ja nende esindajad\/k\u00fclalised. Palume teil tutvuda selle privaatsuspoliitikaga hoolikalt enne andmete esitamist.<\/p><p><span style=\"text-decoration: underline;\"><b>Kogutavad andmed<\/b><\/span><\/p><p>Tellimuse t\u00e4itmise k\u00e4igus kogume j\u00e4rgmisi isikuandmeid:<\/p><ul><li aria-level=\"1\">Eesnimi<\/li><li aria-level=\"1\">Perekonnanimi<\/li><li aria-level=\"1\">Ettev\u00f5te<\/li><li aria-level=\"1\">Ettev\u00f5tte aadress<\/li><li aria-level=\"1\">E-posti aadress<\/li><li aria-level=\"1\">Telefoni number<\/li><\/ul><p><span style=\"text-decoration: underline;\"><b>Andmete kasutamine<\/b><\/span><\/p><p>Teie isikuandmeid kasutatakse ainult allpool loetletud eesm\u00e4rkidel:<\/p><ul><li aria-level=\"1\">\u00dcrituse korraldamiseks ja haldamiseks, kus osalevad registreerunud ettev\u00f5tted\/k\u00fclalised.<\/li><li aria-level=\"1\">Teiega suhtlemiseks \u00fcritusega seotud k\u00fcsimustes.<\/li><\/ul><p><span style=\"text-decoration: underline;\"><b>Andmete jagamine<\/b><\/span><\/p><p>Teie isikuandmeid jagatakse ainult Live Agentuur O\u00dc-ga ja ainult k\u00e4esolevas privaatsuspoliitikas kirjeldatud eesm\u00e4rkidel. Me ei m\u00fc\u00fc, rendi ega jaga teie isikuandmeid kolmandate isikutega, v\u00e4lja arvatud juhul, kui see on seadusega n\u00f5utud.<\/p><p><span style=\"text-decoration: underline;\"><b>Andmete s\u00e4ilitamine<\/b><\/span><\/p><p>Teie isikuandmeid s\u00e4ilitatakse ainult nii kaua, kui see on vajalik \u00fcrituse korraldamiseks, kuid mitte kauem, kui\u00a0 \u00fcks kuu peale \u00fcrituse toimumist (10.04.2025). P\u00e4rast seda kustutatakse k\u00f5ik isikuandmed meie andmebaasidest.<\/p><p><span style=\"text-decoration: underline;\"><b>Teie \u00f5igused<\/b><\/span><\/p><p>Teil on \u00f5igus oma isikuandmetega tutvuda, neid parandada, kustutada v\u00f5i piirata nende t\u00f6\u00f6tlemist. Samuti on teil \u00f5igus v\u00f5tta tagasi oma n\u00f5usolek isikuandmete t\u00f6\u00f6tlemiseks. Nende \u00f5iguste kasutamiseks palume teil v\u00f5tta meiega \u00fchendust allpool toodud kontaktandmetel.<\/p><p><span style=\"text-decoration: underline;\"><b>Andmete kaitse<\/b><\/span><\/p><p>Me rakendame asjakohaseid tehnilisi ja korralduslikke meetmeid teie isikuandmete kaitsmiseks volitamata juurdep\u00e4\u00e4su, kasutamise, avalikustamise v\u00f5i h\u00e4vitamise eest.<\/p><p><span style=\"text-decoration: underline;\"><b>Contact<\/b><\/span><\/p><p>Kui teil on k\u00fcsimusi v\u00f5i muresid seoses k\u00e4esoleva privaatsuspoliitikaga v\u00f5i soovite kasutada oma \u00f5igusi, v\u00f5tke palun meiega \u00fchendust:<\/p><p>Temoris O\u00dc<\/p><ul><li aria-level=\"1\">E-post: info@entre.ee<\/li><li aria-level=\"1\">Telefon: +372 55935486<\/li><\/ul><p>Live Agentuur<\/p><ul><li aria-level=\"1\">E-post: angelina@liveagentuur.ee<\/li><li aria-level=\"1\">Telefon: +372 53585193<\/li><\/ul><p>Kinnitame, et teie isikuandmete t\u00f6\u00f6tlemine toimub koosk\u00f5las kehtivate seaduste ja m\u00e4\u00e4rustega.<\/p><p><span style=\"text-decoration: underline;\"><b>N\u00f5usolek<\/b><\/span><\/p><p>T\u00e4ites ja esitades tellimus, n\u00f5ustute k\u00e4esoleva privaatsuspoliitikaga ning annate oma n\u00f5usoleku teie isikuandmete kogumiseks ja t\u00f6\u00f6tlemiseks eespool kirjeldatud eesm\u00e4rkidel.<\/p><p><b>Viimati uuendatud:<\/b> 16.09.2024<\/p><p><!-- \/wp:paragraph --><\/p><p>\u00a0<\/p>\t\t\t\t\t\t\t\t<\/div>\n\t\t\t\t<\/div>\n\t\t\t\t\t<\/div>\n\t\t\t\t<\/div>\n\t\t\t\t<\/div>","protected":false},"excerpt":{"rendered":"<p>Privaatsuspoliitika \u00dcldine teave Teie privaatsus on meile oluline. K\u00e4esolev privaatsuspoliitika selgitab, kuidas Temoris O\u00dc kogub, kasutab, avalikustab ja kaitseb teie isikuandmeid, mida esitate meie kodulehel t\u00e4idetava ankeedi kaudu. Andmeid kasutatakse Live Agentuur O\u00dc poolt \u00fcrituse tarbeks, kus osalevad registreerunud ettev\u00f5tted ja nende esindajad\/k\u00fclalised. Palume teil tutvuda selle privaatsuspoliitikaga hoolikalt enne andmete esitamist. Kogutavad andmed Tellimuse [&hellip;]<\/p>\n","protected":false},"author":1,"featured_media":0,"parent":0,"menu_order":0,"comment_status":"closed","ping_status":"closed","template":"","meta":{"_monsterinsights_skip_tracking":false,"_monsterinsights_sitenote_active":false,"_monsterinsights_sitenote_note":"","_monsterinsights_sitenote_category":0,"site-sidebar-layout":"no-sidebar","site-content-layout":"page-builder","ast-site-content-layout":"full-width-container","site-content-style":"unboxed","site-sidebar-style":"unboxed","ast-global-header-display":"","ast-banner-title-visibility":"","ast-main-header-display":"","ast-hfb-above-header-display":"","ast-hfb-below-header-display":"","ast-hfb-mobile-header-display":"","site-post-title":"disabled","ast-breadcrumbs-content":"","ast-featured-img":"disabled","footer-sml-layout":"","ast-disable-related-posts":"","theme-transparent-header-meta":"disabled","adv-header-id-meta":"","stick-header-meta":"default","header-above-stick-meta":"","header-main-stick-meta":"","header-below-stick-meta":"","astra-migrate-meta-layouts":"set","ast-page-background-enabled":"default","ast-page-background-meta":{"desktop":{"background-color":"","background-image":"","background-repeat":"repeat","background-position":"center center","background-size":"auto","background-attachment":"scroll","background-type":"","background-media":"","overlay-type":"","overlay-color":"","overlay-opacity":"","overlay-gradient":""},"tablet":{"background-color":"","background-image":"","background-repeat":"repeat","background-position":"center center","background-size":"auto","background-attachment":"scroll","background-type":"","background-media":"","overlay-type":"","overlay-color":"","overlay-opacity":"","overlay-gradient":""},"mobile":{"background-color":"","background-image":"","background-repeat":"repeat","background-position":"center center","background-size":"auto","background-attachment":"scroll","background-type":"","background-media":"","overlay-type":"","overlay-color":"","overlay-opacity":"","overlay-gradient":""}},"ast-content-background-meta":{"desktop":{"background-color":"var(--ast-global-color-5)","background-image":"","background-repeat":"repeat","background-position":"center center","background-size":"auto","background-attachment":"scroll","background-type":"","background-media":"","overlay-type":"","overlay-color":"","overlay-opacity":"","overlay-gradient":""},"tablet":{"background-color":"var(--ast-global-color-5)","background-image":"","background-repeat":"repeat","background-position":"center center","background-size":"auto","background-attachment":"scroll","background-type":"","background-media":"","overlay-type":"","overlay-color":"","overlay-opacity":"","overlay-gradient":""},"mobile":{"background-color":"var(--ast-global-color-5)","background-image":"","background-repeat":"repeat","background-position":"center center","background-size":"auto","background-attachment":"scroll","background-type":"","background-media":"","overlay-type":"","overlay-color":"","overlay-opacity":"","overlay-gradient":""}},"footnotes":""},"class_list":["post-3044","page","type-page","status-publish","hentry"],"yoast_head":"<!-- This site is optimized with the Yoast SEO plugin v27.4 - https:\/\/yoast.com\/product\/yoast-seo-wordpress\/ -->\n<title>Privaatsuspoliitika - Electricity 2026<\/title>\n<meta name=\"robots\" content=\"index, follow, max-snippet:-1, max-image-preview:large, max-video-preview:-1\" \/>\n<link rel=\"canonical\" href=\"https:\/\/electricity.entre.ee\/en\/privaatsuspoliitika-2\/\" \/>\n<meta property=\"og:locale\" content=\"en_GB\" \/>\n<meta property=\"og:type\" content=\"article\" \/>\n<meta property=\"og:title\" content=\"Privaatsuspoliitika - Electricity 2026\" \/>\n<meta property=\"og:description\" content=\"Privaatsuspoliitika \u00dcldine teave Teie privaatsus on meile oluline. K\u00e4esolev privaatsuspoliitika selgitab, kuidas Temoris O\u00dc kogub, kasutab, avalikustab ja kaitseb teie isikuandmeid, mida esitate meie kodulehel t\u00e4idetava ankeedi kaudu. Andmeid kasutatakse Live Agentuur O\u00dc poolt \u00fcrituse tarbeks, kus osalevad registreerunud ettev\u00f5tted ja nende esindajad\/k\u00fclalised. Palume teil tutvuda selle privaatsuspoliitikaga hoolikalt enne andmete esitamist. Kogutavad andmed Tellimuse [&hellip;]\" \/>\n<meta property=\"og:url\" content=\"https:\/\/electricity.entre.ee\/en\/privaatsuspoliitika-2\/\" \/>\n<meta property=\"og:site_name\" content=\"Electricity 2026\" \/>\n<meta property=\"article:modified_time\" content=\"2024-09-26T22:41:42+00:00\" \/>\n<meta name=\"twitter:card\" content=\"summary_large_image\" \/>\n<meta name=\"twitter:label1\" content=\"Estimated reading time\" \/>\n\t<meta name=\"twitter:data1\" content=\"2 minutes\" \/>\n<script type=\"application\/ld+json\" class=\"yoast-schema-graph\">{\"@context\":\"https:\\\/\\\/schema.org\",\"@graph\":[{\"@type\":\"WebPage\",\"@id\":\"https:\\\/\\\/electricity.entre.ee\\\/privaatsuspoliitika-2\\\/\",\"url\":\"https:\\\/\\\/electricity.entre.ee\\\/privaatsuspoliitika-2\\\/\",\"name\":\"Privaatsuspoliitika - Electricity 2026\",\"isPartOf\":{\"@id\":\"https:\\\/\\\/electricity.entre.ee\\\/en\\\/#website\"},\"datePublished\":\"2024-09-26T22:40:07+00:00\",\"dateModified\":\"2024-09-26T22:41:42+00:00\",\"breadcrumb\":{\"@id\":\"https:\\\/\\\/electricity.entre.ee\\\/privaatsuspoliitika-2\\\/#breadcrumb\"},\"inLanguage\":\"en-GB\",\"potentialAction\":[{\"@type\":\"ReadAction\",\"target\":[\"https:\\\/\\\/electricity.entre.ee\\\/privaatsuspoliitika-2\\\/\"]}]},{\"@type\":\"BreadcrumbList\",\"@id\":\"https:\\\/\\\/electricity.entre.ee\\\/privaatsuspoliitika-2\\\/#breadcrumb\",\"itemListElement\":[{\"@type\":\"ListItem\",\"position\":1,\"name\":\"Home\",\"item\":\"https:\\\/\\\/electricity.entre.ee\\\/\"},{\"@type\":\"ListItem\",\"position\":2,\"name\":\"Privaatsuspoliitika\"}]},{\"@type\":\"WebSite\",\"@id\":\"https:\\\/\\\/electricity.entre.ee\\\/en\\\/#website\",\"url\":\"https:\\\/\\\/electricity.entre.ee\\\/en\\\/\",\"name\":\"Entre- Sinu idee ja vajadus, minu v\u00e4rske ja p\u00fchendunud teostus.\",\"description\":\"\",\"publisher\":{\"@id\":\"https:\\\/\\\/electricity.entre.ee\\\/en\\\/#organization\"},\"potentialAction\":[{\"@type\":\"SearchAction\",\"target\":{\"@type\":\"EntryPoint\",\"urlTemplate\":\"https:\\\/\\\/electricity.entre.ee\\\/en\\\/?s={search_term_string}\"},\"query-input\":{\"@type\":\"PropertyValueSpecification\",\"valueRequired\":true,\"valueName\":\"search_term_string\"}}],\"inLanguage\":\"en-GB\"},{\"@type\":\"Organization\",\"@id\":\"https:\\\/\\\/electricity.entre.ee\\\/en\\\/#organization\",\"name\":\"Entre- Sinu idee ja vajadus, minu v\u00e4rske ja p\u00fchendunud teostus.\",\"url\":\"https:\\\/\\\/electricity.entre.ee\\\/en\\\/\",\"logo\":{\"@type\":\"ImageObject\",\"inLanguage\":\"en-GB\",\"@id\":\"https:\\\/\\\/electricity.entre.ee\\\/en\\\/#\\\/schema\\\/logo\\\/image\\\/\",\"url\":\"https:\\\/\\\/electricity.entre.ee\\\/wp-content\\\/uploads\\\/2025\\\/01\\\/download-16.png\",\"contentUrl\":\"https:\\\/\\\/electricity.entre.ee\\\/wp-content\\\/uploads\\\/2025\\\/01\\\/download-16.png\",\"width\":2008,\"height\":351,\"caption\":\"Entre- Sinu idee ja vajadus, minu v\u00e4rske ja p\u00fchendunud teostus.\"},\"image\":{\"@id\":\"https:\\\/\\\/electricity.entre.ee\\\/en\\\/#\\\/schema\\\/logo\\\/image\\\/\"}}]}<\/script>\n<!-- \/ Yoast SEO plugin. -->","yoast_head_json":{"title":"Privaatsuspoliitika - Electricity 2026","robots":{"index":"index","follow":"follow","max-snippet":"max-snippet:-1","max-image-preview":"max-image-preview:large","max-video-preview":"max-video-preview:-1"},"canonical":"https:\/\/electricity.entre.ee\/en\/privaatsuspoliitika-2\/","og_locale":"en_GB","og_type":"article","og_title":"Privaatsuspoliitika - Electricity 2026","og_description":"Privaatsuspoliitika \u00dcldine teave Teie privaatsus on meile oluline. K\u00e4esolev privaatsuspoliitika selgitab, kuidas Temoris O\u00dc kogub, kasutab, avalikustab ja kaitseb teie isikuandmeid, mida esitate meie kodulehel t\u00e4idetava ankeedi kaudu. Andmeid kasutatakse Live Agentuur O\u00dc poolt \u00fcrituse tarbeks, kus osalevad registreerunud ettev\u00f5tted ja nende esindajad\/k\u00fclalised. Palume teil tutvuda selle privaatsuspoliitikaga hoolikalt enne andmete esitamist. Kogutavad andmed Tellimuse [&hellip;]","og_url":"https:\/\/electricity.entre.ee\/en\/privaatsuspoliitika-2\/","og_site_name":"Electricity 2026","article_modified_time":"2024-09-26T22:41:42+00:00","twitter_card":"summary_large_image","twitter_misc":{"Estimated reading time":"2 minutes"},"schema":{"@context":"https:\/\/schema.org","@graph":[{"@type":"WebPage","@id":"https:\/\/electricity.entre.ee\/privaatsuspoliitika-2\/","url":"https:\/\/electricity.entre.ee\/privaatsuspoliitika-2\/","name":"Privaatsuspoliitika - Electricity 2026","isPartOf":{"@id":"https:\/\/electricity.entre.ee\/en\/#website"},"datePublished":"2024-09-26T22:40:07+00:00","dateModified":"2024-09-26T22:41:42+00:00","breadcrumb":{"@id":"https:\/\/electricity.entre.ee\/privaatsuspoliitika-2\/#breadcrumb"},"inLanguage":"en-GB","potentialAction":[{"@type":"ReadAction","target":["https:\/\/electricity.entre.ee\/privaatsuspoliitika-2\/"]}]},{"@type":"BreadcrumbList","@id":"https:\/\/electricity.entre.ee\/privaatsuspoliitika-2\/#breadcrumb","itemListElement":[{"@type":"ListItem","position":1,"name":"Home","item":"https:\/\/electricity.entre.ee\/"},{"@type":"ListItem","position":2,"name":"Privaatsuspoliitika"}]},{"@type":"WebSite","@id":"https:\/\/electricity.entre.ee\/en\/#website","url":"https:\/\/electricity.entre.ee\/en\/","name":"Entre- Sinu idee ja vajadus, minu v\u00e4rske ja p\u00fchendunud teostus.","description":"","publisher":{"@id":"https:\/\/electricity.entre.ee\/en\/#organization"},"potentialAction":[{"@type":"SearchAction","target":{"@type":"EntryPoint","urlTemplate":"https:\/\/electricity.entre.ee\/en\/?s={search_term_string}"},"query-input":{"@type":"PropertyValueSpecification","valueRequired":true,"valueName":"search_term_string"}}],"inLanguage":"en-GB"},{"@type":"Organization","@id":"https:\/\/electricity.entre.ee\/en\/#organization","name":"Entre- Sinu idee ja vajadus, minu v\u00e4rske ja p\u00fchendunud teostus.","url":"https:\/\/electricity.entre.ee\/en\/","logo":{"@type":"ImageObject","inLanguage":"en-GB","@id":"https:\/\/electricity.entre.ee\/en\/#\/schema\/logo\/image\/","url":"https:\/\/electricity.entre.ee\/wp-content\/uploads\/2025\/01\/download-16.png","contentUrl":"https:\/\/electricity.entre.ee\/wp-content\/uploads\/2025\/01\/download-16.png","width":2008,"height":351,"caption":"Entre- Sinu idee ja vajadus, minu v\u00e4rske ja p\u00fchendunud teostus."},"image":{"@id":"https:\/\/electricity.entre.ee\/en\/#\/schema\/logo\/image\/"}}]}},"_links":{"self":[{"href":"https:\/\/electricity.entre.ee\/en\/wp-json\/wp\/v2\/pages\/3044","targetHints":{"allow":["GET"]}}],"collection":[{"href":"https:\/\/electricity.entre.ee\/en\/wp-json\/wp\/v2\/pages"}],"about":[{"href":"https:\/\/electricity.entre.ee\/en\/wp-json\/wp\/v2\/types\/page"}],"author":[{"embeddable":true,"href":"https:\/\/electricity.entre.ee\/en\/wp-json\/wp\/v2\/users\/1"}],"replies":[{"embeddable":true,"href":"https:\/\/electricity.entre.ee\/en\/wp-json\/wp\/v2\/comments?post=3044"}],"version-history":[{"count":4,"href":"https:\/\/electricity.entre.ee\/en\/wp-json\/wp\/v2\/pages\/3044\/revisions"}],"predecessor-version":[{"id":3048,"href":"https:\/\/electricity.entre.ee\/en\/wp-json\/wp\/v2\/pages\/3044\/revisions\/3048"}],"wp:attachment":[{"href":"https:\/\/electricity.entre.ee\/en\/wp-json\/wp\/v2\/media?parent=3044"}],"curies":[{"name":"wp","href":"https:\/\/api.w.org\/{rel}","templated":true}]}}