{"id":3247,"date":"2024-10-21T18:12:57","date_gmt":"2024-10-21T18:12:57","guid":{"rendered":"https:\/\/electricity.entre.ee\/?page_id=3247"},"modified":"2026-04-07T18:23:02","modified_gmt":"2026-04-07T18:23:02","slug":"schneider-electric-eesti-as","status":"publish","type":"page","link":"https:\/\/electricity.entre.ee\/en\/schneider-electric-eesti-as\/","title":{"rendered":"Schneider Electric Eesti AS"},"content":{"rendered":"<div data-elementor-type=\"wp-page\" data-elementor-id=\"3247\" class=\"elementor elementor-3247\">\n\t\t\t\t<div class=\"elementor-element elementor-element-374db46f e-grid e-con-boxed e-con e-parent\" data-id=\"374db46f\" data-element_type=\"container\" data-e-type=\"container\" data-settings=\"{&quot;background_background&quot;:&quot;classic&quot;}\">\n\t\t\t\t\t<div class=\"e-con-inner\">\n\t\t\t\t\t<\/div>\n\t\t\t\t<\/div>\n\t\t<div class=\"elementor-element elementor-element-4cd99d8 e-flex e-con-boxed e-con e-parent\" data-id=\"4cd99d8\" data-element_type=\"container\" data-e-type=\"container\">\n\t\t\t\t\t<div class=\"e-con-inner\">\n\t\t\t\t<div class=\"elementor-element elementor-element-f294e2d exad-sticky-section-no exad-glass-effect-no elementor-widget elementor-widget-spacer\" data-id=\"f294e2d\" data-element_type=\"widget\" data-e-type=\"widget\" data-widget_type=\"spacer.default\">\n\t\t\t\t<div class=\"elementor-widget-container\">\n\t\t\t\t\t\t\t<div class=\"elementor-spacer\">\n\t\t\t<div class=\"elementor-spacer-inner\"><\/div>\n\t\t<\/div>\n\t\t\t\t\t\t<\/div>\n\t\t\t\t<\/div>\n\t\t\t\t\t<\/div>\n\t\t\t\t<\/div>\n\t\t<div class=\"elementor-element elementor-element-e960b24 e-flex e-con-boxed e-con e-parent\" data-id=\"e960b24\" data-element_type=\"container\" data-e-type=\"container\">\n\t\t\t\t\t<div class=\"e-con-inner\">\n\t\t\t\t<div class=\"elementor-element elementor-element-5996a23 exad-sticky-section-no exad-glass-effect-no elementor-widget elementor-widget-heading\" data-id=\"5996a23\" data-element_type=\"widget\" data-e-type=\"widget\" data-widget_type=\"heading.default\">\n\t\t\t\t<div class=\"elementor-widget-container\">\n\t\t\t\t\t<h2 class=\"elementor-heading-title elementor-size-default\">Schneider Electric <\/h2>\t\t\t\t<\/div>\n\t\t\t\t<\/div>\n\t\t\t\t\t<\/div>\n\t\t\t\t<\/div>\n\t\t<div class=\"elementor-element elementor-element-84d926f e-flex e-con-boxed e-con e-parent\" data-id=\"84d926f\" data-element_type=\"container\" data-e-type=\"container\">\n\t\t\t\t\t<div class=\"e-con-inner\">\n\t\t\t\t<div class=\"elementor-element elementor-element-13984cb exad-sticky-section-no exad-glass-effect-no elementor-widget elementor-widget-spacer\" data-id=\"13984cb\" data-element_type=\"widget\" data-e-type=\"widget\" data-widget_type=\"spacer.default\">\n\t\t\t\t<div class=\"elementor-widget-container\">\n\t\t\t\t\t\t\t<div class=\"elementor-spacer\">\n\t\t\t<div class=\"elementor-spacer-inner\"><\/div>\n\t\t<\/div>\n\t\t\t\t\t\t<\/div>\n\t\t\t\t<\/div>\n\t\t\t\t\t<\/div>\n\t\t\t\t<\/div>\n\t\t<div class=\"elementor-element elementor-element-bb72ef5 e-flex e-con-boxed e-con e-parent\" data-id=\"bb72ef5\" data-element_type=\"container\" data-e-type=\"container\">\n\t\t\t\t\t<div class=\"e-con-inner\">\n\t\t<div class=\"elementor-element elementor-element-95f3c60 e-con-full e-flex e-con e-child\" data-id=\"95f3c60\" data-element_type=\"container\" data-e-type=\"container\">\n\t\t\t\t<div class=\"elementor-element elementor-element-9d42f06 exad-sticky-section-no exad-glass-effect-no elementor-widget elementor-widget-icon-box\" data-id=\"9d42f06\" data-element_type=\"widget\" data-e-type=\"widget\" data-widget_type=\"icon-box.default\">\n\t\t\t\t<div class=\"elementor-widget-container\">\n\t\t\t\t\t\t\t<div class=\"elementor-icon-box-wrapper\">\n\n\t\t\t\n\t\t\t\t\t\t<div class=\"elementor-icon-box-content\">\n\n\t\t\t\t\t\t\t\t\t<h3 class=\"elementor-icon-box-title\">\n\t\t\t\t\t\t<span  >\n\t\t\t\t\t\t\tStand V02\t\t\t\t\t\t<\/span>\n\t\t\t\t\t<\/h3>\n\t\t\t\t\n\t\t\t\t\n\t\t\t<\/div>\n\t\t\t\n\t\t<\/div>\n\t\t\t\t\t\t<\/div>\n\t\t\t\t<\/div>\n\t\t\t\t<div class=\"elementor-element elementor-element-eda652d exad-sticky-section-no exad-glass-effect-no elementor-widget elementor-widget-image\" data-id=\"eda652d\" data-element_type=\"widget\" data-e-type=\"widget\" data-widget_type=\"image.default\">\n\t\t\t\t<div class=\"elementor-widget-container\">\n\t\t\t\t\t\t\t\t\t\t\t\t\t\t\t\t<a href=\"https:\/\/www.se.com\/ee\/et\/\" target=\"_blank\">\n\t\t\t\t\t\t\t<img decoding=\"async\" width=\"300\" height=\"120\" src=\"https:\/\/electricity.entre.ee\/wp-content\/uploads\/2024\/10\/Schneider-Electric-logo-jpg--300x120.png\" class=\"attachment-medium size-medium wp-image-3249\" alt=\"\" srcset=\"https:\/\/electricity.entre.ee\/wp-content\/uploads\/2024\/10\/Schneider-Electric-logo-jpg--300x120.png 300w, https:\/\/electricity.entre.ee\/wp-content\/uploads\/2024\/10\/Schneider-Electric-logo-jpg--600x240.png 600w, https:\/\/electricity.entre.ee\/wp-content\/uploads\/2024\/10\/Schneider-Electric-logo-jpg--1024x410.png 1024w, https:\/\/electricity.entre.ee\/wp-content\/uploads\/2024\/10\/Schneider-Electric-logo-jpg--768x307.png 768w, https:\/\/electricity.entre.ee\/wp-content\/uploads\/2024\/10\/Schneider-Electric-logo-jpg--1536x615.png 1536w, https:\/\/electricity.entre.ee\/wp-content\/uploads\/2024\/10\/Schneider-Electric-logo-jpg--2048x820.png 2048w\" sizes=\"(max-width: 300px) 100vw, 300px\" \/>\t\t\t\t\t\t\t\t<\/a>\n\t\t\t\t\t\t\t\t\t\t\t\t\t\t\t<\/div>\n\t\t\t\t<\/div>\n\t\t\t\t<\/div>\n\t\t<div class=\"elementor-element elementor-element-1ab3508 e-con-full e-flex e-con e-child\" data-id=\"1ab3508\" data-element_type=\"container\" data-e-type=\"container\">\n\t\t\t\t<div class=\"elementor-element elementor-element-3d3f3ac exad-sticky-section-no exad-glass-effect-no elementor-widget elementor-widget-heading\" data-id=\"3d3f3ac\" data-element_type=\"widget\" data-e-type=\"widget\" data-widget_type=\"heading.default\">\n\t\t\t\t<div class=\"elementor-widget-container\">\n\t\t\t\t\t<h2 class=\"elementor-heading-title elementor-size-default\">Contact<\/h2>\t\t\t\t<\/div>\n\t\t\t\t<\/div>\n\t\t\t\t<div class=\"elementor-element elementor-element-2de25f6 elementor-align-center elementor-icon-list--layout-traditional elementor-list-item-link-full_width exad-sticky-section-no exad-glass-effect-no elementor-widget elementor-widget-icon-list\" data-id=\"2de25f6\" data-element_type=\"widget\" data-e-type=\"widget\" data-widget_type=\"icon-list.default\">\n\t\t\t\t<div class=\"elementor-widget-container\">\n\t\t\t\t\t\t\t<ul class=\"elementor-icon-list-items\">\n\t\t\t\t\t\t\t<li class=\"elementor-icon-list-item\">\n\t\t\t\t\t\t\t\t\t\t\t<a href=\"http:\/\/www.se.com\/ee\/et\/\" target=\"_blank\">\n\n\t\t\t\t\t\t\t\t\t\t\t\t<span class=\"elementor-icon-list-icon\">\n\t\t\t\t\t\t\t<svg aria-hidden=\"true\" class=\"e-font-icon-svg e-fas-globe\" viewbox=\"0 0 496 512\" xmlns=\"http:\/\/www.w3.org\/2000\/svg\"><path d=\"M336.5 160C322 70.7 287.8 8 248 8s-74 62.7-88.5 152h177zM152 256c0 22.2 1.2 43.5 3.3 64h185.3c2.1-20.5 3.3-41.8 3.3-64s-1.2-43.5-3.3-64H155.3c-2.1 20.5-3.3 41.8-3.3 64zm324.7-96c-28.6-67.9-86.5-120.4-158-141.6 24.4 33.8 41.2 84.7 50 141.6h108zM177.2 18.4C105.8 39.6 47.8 92.1 19.3 160h108c8.7-56.9 25.5-107.8 49.9-141.6zM487.4 192H372.7c2.1 21 3.3 42.5 3.3 64s-1.2 43-3.3 64h114.6c5.5-20.5 8.6-41.8 8.6-64s-3.1-43.5-8.5-64zM120 256c0-21.5 1.2-43 3.3-64H8.6C3.2 212.5 0 233.8 0 256s3.2 43.5 8.6 64h114.6c-2-21-3.2-42.5-3.2-64zm39.5 96c14.5 89.3 48.7 152 88.5 152s74-62.7 88.5-152h-177zm159.3 141.6c71.4-21.2 129.4-73.7 158-141.6h-108c-8.8 56.9-25.6 107.8-50 141.6zM19.3 352c28.6 67.9 86.5 120.4 158 141.6-24.4-33.8-41.2-84.7-50-141.6h-108z\"><\/path><\/svg>\t\t\t\t\t\t<\/span>\n\t\t\t\t\t\t\t\t\t\t<span class=\"elementor-icon-list-text\">www.se.com\/ee\/et\/<\/span>\n\t\t\t\t\t\t\t\t\t\t\t<\/a>\n\t\t\t\t\t\t\t\t\t<\/li>\n\t\t\t\t\t\t\t\t<li class=\"elementor-icon-list-item\">\n\t\t\t\t\t\t\t\t\t\t\t<a href=\"mailto:support@ee.schneider-electric.com\" target=\"_blank\">\n\n\t\t\t\t\t\t\t\t\t\t\t\t<span class=\"elementor-icon-list-icon\">\n\t\t\t\t\t\t\t<i aria-hidden=\"true\" class=\"icon icon-email\"><\/i>\t\t\t\t\t\t<\/span>\n\t\t\t\t\t\t\t\t\t\t<span class=\"elementor-icon-list-text\">support@ee.schneider-electric.com<\/span>\n\t\t\t\t\t\t\t\t\t\t\t<\/a>\n\t\t\t\t\t\t\t\t\t<\/li>\n\t\t\t\t\t\t\t\t<li class=\"elementor-icon-list-item\">\n\t\t\t\t\t\t\t\t\t\t\t<a href=\"https:\/\/g.co\/kgs\/YZo8c13\" target=\"_blank\">\n\n\t\t\t\t\t\t\t\t\t\t\t\t<span class=\"elementor-icon-list-icon\">\n\t\t\t\t\t\t\t<svg aria-hidden=\"true\" class=\"e-font-icon-svg e-fas-map-marker-alt\" viewbox=\"0 0 384 512\" xmlns=\"http:\/\/www.w3.org\/2000\/svg\"><path d=\"M172.268 501.67C26.97 291.031 0 269.413 0 192 0 85.961 85.961 0 192 0s192 85.961 192 192c0 77.413-26.97 99.031-172.268 309.67-9.535 13.774-29.93 13.773-39.464 0zM192 272c44.183 0 80-35.817 80-80s-35.817-80-80-80-80 35.817-80 80 35.817 80 80 80z\"><\/path><\/svg>\t\t\t\t\t\t<\/span>\n\t\t\t\t\t\t\t\t\t\t<span class=\"elementor-icon-list-text\">P\u00e4rnu mnt 139e-2, Tallinn<\/span>\n\t\t\t\t\t\t\t\t\t\t\t<\/a>\n\t\t\t\t\t\t\t\t\t<\/li>\n\t\t\t\t\t\t<\/ul>\n\t\t\t\t\t\t<\/div>\n\t\t\t\t<\/div>\n\t\t\t\t<\/div>\n\t\t<div class=\"elementor-element elementor-element-fc847db e-con-full e-flex e-con e-child\" data-id=\"fc847db\" data-element_type=\"container\" data-e-type=\"container\">\n\t\t\t\t<div class=\"elementor-element elementor-element-2e8439a exad-sticky-section-no exad-glass-effect-no elementor-widget elementor-widget-spacer\" data-id=\"2e8439a\" data-element_type=\"widget\" data-e-type=\"widget\" data-widget_type=\"spacer.default\">\n\t\t\t\t<div class=\"elementor-widget-container\">\n\t\t\t\t\t\t\t<div class=\"elementor-spacer\">\n\t\t\t<div class=\"elementor-spacer-inner\"><\/div>\n\t\t<\/div>\n\t\t\t\t\t\t<\/div>\n\t\t\t\t<\/div>\n\t\t\t\t<div class=\"elementor-element elementor-element-d83bb19 exad-sticky-section-no exad-glass-effect-no elementor-widget elementor-widget-heading\" data-id=\"d83bb19\" data-element_type=\"widget\" data-e-type=\"widget\" data-widget_type=\"heading.default\">\n\t\t\t\t<div class=\"elementor-widget-container\">\n\t\t\t\t\t<h2 class=\"elementor-heading-title elementor-size-default\">We are your energy technology partner.<\/h2>\t\t\t\t<\/div>\n\t\t\t\t<\/div>\n\t\t\t\t<div class=\"elementor-element elementor-element-6ae8ed8 exad-sticky-section-no exad-glass-effect-no elementor-widget elementor-widget-text-editor\" data-id=\"6ae8ed8\" data-element_type=\"widget\" data-e-type=\"widget\" data-widget_type=\"text-editor.default\">\n\t\t\t\t<div class=\"elementor-widget-container\">\n\t\t\t\t\t\t\t\t\t<div class=\"translation-block\">We electrify, automate, and digitalize industries, businesses, and homes to increase efficiency and support sustainable development. Schneider Electric leads the convergence of electrification, automation, and digital intelligence into integrated energy technology.<\/div><div class=\"translation-block\">We create technology that makes the energy transition possible. Our solutions enable buildings, data centers, factories, industrial facilities, infrastructure, and power grids to operate as open, software-driven systems. This reduces complexity and enables smarter, more efficient, and more sustainable operations across all sectors.<\/div><div>As a company that creates impact, we believe that performance and purpose go hand in hand. At the heart of our inclusive culture is empowering employees, partners, and customers to contribute to building a more sustainable and resilient future.<\/div>\t\t\t\t\t\t\t\t<\/div>\n\t\t\t\t<\/div>\n\t\t\t\t<div class=\"elementor-element elementor-element-e153153 elementor-hidden-desktop elementor-hidden-tablet elementor-hidden-mobile exad-sticky-section-no exad-glass-effect-no elementor-widget elementor-widget-text-editor\" data-id=\"e153153\" data-element_type=\"widget\" data-e-type=\"widget\" data-widget_type=\"text-editor.default\">\n\t\t\t\t<div class=\"elementor-widget-container\">\n\t\t\t\t\t\t\t\t\t<p class=\"translation-block\">Schneider aims to empower everyone to make the most of our energy and resources, combining success and sustainability for all.<\/p><p class=\"translation-block\">At Schneider, we call this Life Is On.Our mission is to be your digital partner for sustainability and efficiency.Our technology, software and services help customers manage and automate their operations, from simple switches to complex operating systems. It helps transform industries, transform cities and enrich lives.\nRecognised as the world's most sustainable company in 2021 by the Corporate Knights Global 100 Index<\/p>\t\t\t\t\t\t\t\t<\/div>\n\t\t\t\t<\/div>\n\t\t\t\t<\/div>\n\t\t\t\t\t<\/div>\n\t\t\t\t<\/div>\n\t\t\t\t<\/div>","protected":false},"excerpt":{"rendered":"<p>Schneider Electric Stend V02 Kontakt www.se.com\/ee\/et\/ support@ee.schneider-electric.com P\u00e4rnu mnt 139e-2, Tallinn Oleme teie energiatehnoloogia partner Elektrifitseerime, automatiseerime ja digitaliseerime k\u00f5iki t\u00f6\u00f6stusharusid, ettev\u00f5tteid ja kodusid, et suurendada t\u00f5husust ja toetada kestlikku arengut. Schneider Electric juhib elektrifitseerimise, automatiseerimise ja digitaalse arukuse \u00fchinemist terviklikuks energiatehnoloogiaks.Loome tehnoloogiat, mis teeb energi \u00fclemineku v\u00f5imalikuks. Meie lahendused v\u00f5imaldavad hoonetel, andmekeskustel, tehastel, tootmis\u00fcksustel, [&hellip;]<\/p>\n","protected":false},"author":1,"featured_media":0,"parent":0,"menu_order":0,"comment_status":"closed","ping_status":"closed","template":"","meta":{"_monsterinsights_skip_tracking":false,"_monsterinsights_sitenote_active":false,"_monsterinsights_sitenote_note":"","_monsterinsights_sitenote_category":0,"site-sidebar-layout":"no-sidebar","site-content-layout":"page-builder","ast-site-content-layout":"full-width-container","site-content-style":"unboxed","site-sidebar-style":"unboxed","ast-global-header-display":"","ast-banner-title-visibility":"","ast-main-header-display":"","ast-hfb-above-header-display":"","ast-hfb-below-header-display":"","ast-hfb-mobile-header-display":"","site-post-title":"disabled","ast-breadcrumbs-content":"","ast-featured-img":"disabled","footer-sml-layout":"","ast-disable-related-posts":"","theme-transparent-header-meta":"disabled","adv-header-id-meta":"","stick-header-meta":"default","header-above-stick-meta":"","header-main-stick-meta":"","header-below-stick-meta":"","astra-migrate-meta-layouts":"set","ast-page-background-enabled":"default","ast-page-background-meta":{"desktop":{"background-color":"","background-image":"","background-repeat":"repeat","background-position":"center center","background-size":"auto","background-attachment":"scroll","background-type":"","background-media":"","overlay-type":"","overlay-color":"","overlay-opacity":"","overlay-gradient":""},"tablet":{"background-color":"","background-image":"","background-repeat":"repeat","background-position":"center center","background-size":"auto","background-attachment":"scroll","background-type":"","background-media":"","overlay-type":"","overlay-color":"","overlay-opacity":"","overlay-gradient":""},"mobile":{"background-color":"","background-image":"","background-repeat":"repeat","background-position":"center center","background-size":"auto","background-attachment":"scroll","background-type":"","background-media":"","overlay-type":"","overlay-color":"","overlay-opacity":"","overlay-gradient":""}},"ast-content-background-meta":{"desktop":{"background-color":"var(--ast-global-color-5)","background-image":"","background-repeat":"repeat","background-position":"center center","background-size":"auto","background-attachment":"scroll","background-type":"","background-media":"","overlay-type":"","overlay-color":"","overlay-opacity":"","overlay-gradient":""},"tablet":{"background-color":"var(--ast-global-color-5)","background-image":"","background-repeat":"repeat","background-position":"center center","background-size":"auto","background-attachment":"scroll","background-type":"","background-media":"","overlay-type":"","overlay-color":"","overlay-opacity":"","overlay-gradient":""},"mobile":{"background-color":"var(--ast-global-color-5)","background-image":"","background-repeat":"repeat","background-position":"center center","background-size":"auto","background-attachment":"scroll","background-type":"","background-media":"","overlay-type":"","overlay-color":"","overlay-opacity":"","overlay-gradient":""}},"footnotes":""},"class_list":["post-3247","page","type-page","status-publish","hentry"],"yoast_head":"<!-- This site is optimized with the Yoast SEO plugin v27.4 - https:\/\/yoast.com\/product\/yoast-seo-wordpress\/ -->\n<title>Schneider Electric Eesti AS - Electricity 2026<\/title>\n<meta name=\"robots\" content=\"index, follow, max-snippet:-1, max-image-preview:large, max-video-preview:-1\" \/>\n<link rel=\"canonical\" href=\"https:\/\/electricity.entre.ee\/en\/schneider-electric-eesti-as\/\" \/>\n<meta property=\"og:locale\" content=\"en_GB\" \/>\n<meta property=\"og:type\" content=\"article\" \/>\n<meta property=\"og:title\" content=\"Schneider Electric Eesti AS - Electricity 2026\" \/>\n<meta property=\"og:description\" content=\"Schneider Electric Stend V02 Kontakt www.se.com\/ee\/et\/ support@ee.schneider-electric.com P\u00e4rnu mnt 139e-2, Tallinn Oleme teie energiatehnoloogia partner Elektrifitseerime, automatiseerime ja digitaliseerime k\u00f5iki t\u00f6\u00f6stusharusid, ettev\u00f5tteid ja kodusid, et suurendada t\u00f5husust ja toetada kestlikku arengut. Schneider Electric juhib elektrifitseerimise, automatiseerimise ja digitaalse arukuse \u00fchinemist terviklikuks energiatehnoloogiaks.Loome tehnoloogiat, mis teeb energi \u00fclemineku v\u00f5imalikuks. Meie lahendused v\u00f5imaldavad hoonetel, andmekeskustel, tehastel, tootmis\u00fcksustel, [&hellip;]\" \/>\n<meta property=\"og:url\" content=\"https:\/\/electricity.entre.ee\/en\/schneider-electric-eesti-as\/\" \/>\n<meta property=\"og:site_name\" content=\"Electricity 2026\" \/>\n<meta property=\"article:modified_time\" content=\"2026-04-07T18:23:02+00:00\" \/>\n<meta property=\"og:image\" content=\"https:\/\/electricity.entre.ee\/wp-content\/uploads\/2024\/10\/Schneider-Electric-logo-jpg--scaled.png\" \/>\n\t<meta property=\"og:image:width\" content=\"2560\" \/>\n\t<meta property=\"og:image:height\" content=\"1024\" \/>\n\t<meta property=\"og:image:type\" content=\"image\/png\" \/>\n<meta name=\"twitter:card\" content=\"summary_large_image\" \/>\n<meta name=\"twitter:label1\" content=\"Estimated reading time\" \/>\n\t<meta name=\"twitter:data1\" content=\"2 minutes\" \/>\n<script type=\"application\/ld+json\" class=\"yoast-schema-graph\">{\"@context\":\"https:\\\/\\\/schema.org\",\"@graph\":[{\"@type\":\"WebPage\",\"@id\":\"https:\\\/\\\/electricity.entre.ee\\\/schneider-electric-eesti-as\\\/\",\"url\":\"https:\\\/\\\/electricity.entre.ee\\\/schneider-electric-eesti-as\\\/\",\"name\":\"Schneider Electric Eesti AS - Electricity 2026\",\"isPartOf\":{\"@id\":\"https:\\\/\\\/electricity.entre.ee\\\/en\\\/#website\"},\"primaryImageOfPage\":{\"@id\":\"https:\\\/\\\/electricity.entre.ee\\\/schneider-electric-eesti-as\\\/#primaryimage\"},\"image\":{\"@id\":\"https:\\\/\\\/electricity.entre.ee\\\/schneider-electric-eesti-as\\\/#primaryimage\"},\"thumbnailUrl\":\"https:\\\/\\\/electricity.entre.ee\\\/wp-content\\\/uploads\\\/2024\\\/10\\\/Schneider-Electric-logo-jpg--300x120.png\",\"datePublished\":\"2024-10-21T18:12:57+00:00\",\"dateModified\":\"2026-04-07T18:23:02+00:00\",\"breadcrumb\":{\"@id\":\"https:\\\/\\\/electricity.entre.ee\\\/schneider-electric-eesti-as\\\/#breadcrumb\"},\"inLanguage\":\"en-GB\",\"potentialAction\":[{\"@type\":\"ReadAction\",\"target\":[\"https:\\\/\\\/electricity.entre.ee\\\/schneider-electric-eesti-as\\\/\"]}]},{\"@type\":\"ImageObject\",\"inLanguage\":\"en-GB\",\"@id\":\"https:\\\/\\\/electricity.entre.ee\\\/schneider-electric-eesti-as\\\/#primaryimage\",\"url\":\"https:\\\/\\\/electricity.entre.ee\\\/wp-content\\\/uploads\\\/2024\\\/10\\\/Schneider-Electric-logo-jpg--300x120.png\",\"contentUrl\":\"https:\\\/\\\/electricity.entre.ee\\\/wp-content\\\/uploads\\\/2024\\\/10\\\/Schneider-Electric-logo-jpg--300x120.png\"},{\"@type\":\"BreadcrumbList\",\"@id\":\"https:\\\/\\\/electricity.entre.ee\\\/schneider-electric-eesti-as\\\/#breadcrumb\",\"itemListElement\":[{\"@type\":\"ListItem\",\"position\":1,\"name\":\"Home\",\"item\":\"https:\\\/\\\/electricity.entre.ee\\\/\"},{\"@type\":\"ListItem\",\"position\":2,\"name\":\"Schneider Electric Eesti AS\"}]},{\"@type\":\"WebSite\",\"@id\":\"https:\\\/\\\/electricity.entre.ee\\\/en\\\/#website\",\"url\":\"https:\\\/\\\/electricity.entre.ee\\\/en\\\/\",\"name\":\"Entre- Sinu idee ja vajadus, minu v\u00e4rske ja p\u00fchendunud teostus.\",\"description\":\"\",\"publisher\":{\"@id\":\"https:\\\/\\\/electricity.entre.ee\\\/en\\\/#organization\"},\"potentialAction\":[{\"@type\":\"SearchAction\",\"target\":{\"@type\":\"EntryPoint\",\"urlTemplate\":\"https:\\\/\\\/electricity.entre.ee\\\/en\\\/?s={search_term_string}\"},\"query-input\":{\"@type\":\"PropertyValueSpecification\",\"valueRequired\":true,\"valueName\":\"search_term_string\"}}],\"inLanguage\":\"en-GB\"},{\"@type\":\"Organization\",\"@id\":\"https:\\\/\\\/electricity.entre.ee\\\/en\\\/#organization\",\"name\":\"Entre- Sinu idee ja vajadus, minu v\u00e4rske ja p\u00fchendunud teostus.\",\"url\":\"https:\\\/\\\/electricity.entre.ee\\\/en\\\/\",\"logo\":{\"@type\":\"ImageObject\",\"inLanguage\":\"en-GB\",\"@id\":\"https:\\\/\\\/electricity.entre.ee\\\/en\\\/#\\\/schema\\\/logo\\\/image\\\/\",\"url\":\"https:\\\/\\\/electricity.entre.ee\\\/wp-content\\\/uploads\\\/2025\\\/01\\\/download-16.png\",\"contentUrl\":\"https:\\\/\\\/electricity.entre.ee\\\/wp-content\\\/uploads\\\/2025\\\/01\\\/download-16.png\",\"width\":2008,\"height\":351,\"caption\":\"Entre- Sinu idee ja vajadus, minu v\u00e4rske ja p\u00fchendunud teostus.\"},\"image\":{\"@id\":\"https:\\\/\\\/electricity.entre.ee\\\/en\\\/#\\\/schema\\\/logo\\\/image\\\/\"}}]}<\/script>\n<!-- \/ Yoast SEO plugin. -->","yoast_head_json":{"title":"Schneider Electric Eesti AS - Electricity 2026","robots":{"index":"index","follow":"follow","max-snippet":"max-snippet:-1","max-image-preview":"max-image-preview:large","max-video-preview":"max-video-preview:-1"},"canonical":"https:\/\/electricity.entre.ee\/en\/schneider-electric-eesti-as\/","og_locale":"en_GB","og_type":"article","og_title":"Schneider Electric Eesti AS - Electricity 2026","og_description":"Schneider Electric Stend V02 Kontakt www.se.com\/ee\/et\/ support@ee.schneider-electric.com P\u00e4rnu mnt 139e-2, Tallinn Oleme teie energiatehnoloogia partner Elektrifitseerime, automatiseerime ja digitaliseerime k\u00f5iki t\u00f6\u00f6stusharusid, ettev\u00f5tteid ja kodusid, et suurendada t\u00f5husust ja toetada kestlikku arengut. Schneider Electric juhib elektrifitseerimise, automatiseerimise ja digitaalse arukuse \u00fchinemist terviklikuks energiatehnoloogiaks.Loome tehnoloogiat, mis teeb energi \u00fclemineku v\u00f5imalikuks. Meie lahendused v\u00f5imaldavad hoonetel, andmekeskustel, tehastel, tootmis\u00fcksustel, [&hellip;]","og_url":"https:\/\/electricity.entre.ee\/en\/schneider-electric-eesti-as\/","og_site_name":"Electricity 2026","article_modified_time":"2026-04-07T18:23:02+00:00","og_image":[{"width":2560,"height":1024,"url":"https:\/\/electricity.entre.ee\/wp-content\/uploads\/2024\/10\/Schneider-Electric-logo-jpg--scaled.png","type":"image\/png"}],"twitter_card":"summary_large_image","twitter_misc":{"Estimated reading time":"2 minutes"},"schema":{"@context":"https:\/\/schema.org","@graph":[{"@type":"WebPage","@id":"https:\/\/electricity.entre.ee\/schneider-electric-eesti-as\/","url":"https:\/\/electricity.entre.ee\/schneider-electric-eesti-as\/","name":"Schneider Electric Eesti AS - Electricity 2026","isPartOf":{"@id":"https:\/\/electricity.entre.ee\/en\/#website"},"primaryImageOfPage":{"@id":"https:\/\/electricity.entre.ee\/schneider-electric-eesti-as\/#primaryimage"},"image":{"@id":"https:\/\/electricity.entre.ee\/schneider-electric-eesti-as\/#primaryimage"},"thumbnailUrl":"https:\/\/electricity.entre.ee\/wp-content\/uploads\/2024\/10\/Schneider-Electric-logo-jpg--300x120.png","datePublished":"2024-10-21T18:12:57+00:00","dateModified":"2026-04-07T18:23:02+00:00","breadcrumb":{"@id":"https:\/\/electricity.entre.ee\/schneider-electric-eesti-as\/#breadcrumb"},"inLanguage":"en-GB","potentialAction":[{"@type":"ReadAction","target":["https:\/\/electricity.entre.ee\/schneider-electric-eesti-as\/"]}]},{"@type":"ImageObject","inLanguage":"en-GB","@id":"https:\/\/electricity.entre.ee\/schneider-electric-eesti-as\/#primaryimage","url":"https:\/\/electricity.entre.ee\/wp-content\/uploads\/2024\/10\/Schneider-Electric-logo-jpg--300x120.png","contentUrl":"https:\/\/electricity.entre.ee\/wp-content\/uploads\/2024\/10\/Schneider-Electric-logo-jpg--300x120.png"},{"@type":"BreadcrumbList","@id":"https:\/\/electricity.entre.ee\/schneider-electric-eesti-as\/#breadcrumb","itemListElement":[{"@type":"ListItem","position":1,"name":"Home","item":"https:\/\/electricity.entre.ee\/"},{"@type":"ListItem","position":2,"name":"Schneider Electric Eesti AS"}]},{"@type":"WebSite","@id":"https:\/\/electricity.entre.ee\/en\/#website","url":"https:\/\/electricity.entre.ee\/en\/","name":"Entre- Sinu idee ja vajadus, minu v\u00e4rske ja p\u00fchendunud teostus.","description":"","publisher":{"@id":"https:\/\/electricity.entre.ee\/en\/#organization"},"potentialAction":[{"@type":"SearchAction","target":{"@type":"EntryPoint","urlTemplate":"https:\/\/electricity.entre.ee\/en\/?s={search_term_string}"},"query-input":{"@type":"PropertyValueSpecification","valueRequired":true,"valueName":"search_term_string"}}],"inLanguage":"en-GB"},{"@type":"Organization","@id":"https:\/\/electricity.entre.ee\/en\/#organization","name":"Entre- Sinu idee ja vajadus, minu v\u00e4rske ja p\u00fchendunud teostus.","url":"https:\/\/electricity.entre.ee\/en\/","logo":{"@type":"ImageObject","inLanguage":"en-GB","@id":"https:\/\/electricity.entre.ee\/en\/#\/schema\/logo\/image\/","url":"https:\/\/electricity.entre.ee\/wp-content\/uploads\/2025\/01\/download-16.png","contentUrl":"https:\/\/electricity.entre.ee\/wp-content\/uploads\/2025\/01\/download-16.png","width":2008,"height":351,"caption":"Entre- Sinu idee ja vajadus, minu v\u00e4rske ja p\u00fchendunud teostus."},"image":{"@id":"https:\/\/electricity.entre.ee\/en\/#\/schema\/logo\/image\/"}}]}},"_links":{"self":[{"href":"https:\/\/electricity.entre.ee\/en\/wp-json\/wp\/v2\/pages\/3247","targetHints":{"allow":["GET"]}}],"collection":[{"href":"https:\/\/electricity.entre.ee\/en\/wp-json\/wp\/v2\/pages"}],"about":[{"href":"https:\/\/electricity.entre.ee\/en\/wp-json\/wp\/v2\/types\/page"}],"author":[{"embeddable":true,"href":"https:\/\/electricity.entre.ee\/en\/wp-json\/wp\/v2\/users\/1"}],"replies":[{"embeddable":true,"href":"https:\/\/electricity.entre.ee\/en\/wp-json\/wp\/v2\/comments?post=3247"}],"version-history":[{"count":5,"href":"https:\/\/electricity.entre.ee\/en\/wp-json\/wp\/v2\/pages\/3247\/revisions"}],"predecessor-version":[{"id":7443,"href":"https:\/\/electricity.entre.ee\/en\/wp-json\/wp\/v2\/pages\/3247\/revisions\/7443"}],"wp:attachment":[{"href":"https:\/\/electricity.entre.ee\/en\/wp-json\/wp\/v2\/media?parent=3247"}],"curies":[{"name":"wp","href":"https:\/\/api.w.org\/{rel}","templated":true}]}}