{"id":3419,"date":"2024-10-23T19:51:32","date_gmt":"2024-10-23T19:51:32","guid":{"rendered":"https:\/\/electricity.entre.ee\/?page_id=3419"},"modified":"2026-04-07T17:48:59","modified_gmt":"2026-04-07T17:48:59","slug":"baltic-lightning-protectionj-propster-gmbh","status":"publish","type":"page","link":"https:\/\/electricity.entre.ee\/en\/baltic-lightning-protectionj-propster-gmbh\/","title":{"rendered":"Baltic Lightning Protection(J.Pr\u00f6pster GmbH)"},"content":{"rendered":"<div data-elementor-type=\"wp-page\" data-elementor-id=\"3419\" class=\"elementor elementor-3419\">\n\t\t\t\t<div class=\"elementor-element elementor-element-2ba13c6d e-grid e-con-boxed e-con e-parent\" data-id=\"2ba13c6d\" data-element_type=\"container\" data-e-type=\"container\" data-settings=\"{&quot;background_background&quot;:&quot;classic&quot;}\">\n\t\t\t\t\t<div class=\"e-con-inner\">\n\t\t\t\t\t<\/div>\n\t\t\t\t<\/div>\n\t\t<div class=\"elementor-element elementor-element-84d926f e-flex e-con-boxed e-con e-parent\" data-id=\"84d926f\" data-element_type=\"container\" data-e-type=\"container\">\n\t\t\t\t\t<div class=\"e-con-inner\">\n\t\t\t\t\t<\/div>\n\t\t\t\t<\/div>\n\t\t<div class=\"elementor-element elementor-element-66fb732 e-flex e-con-boxed e-con e-parent\" data-id=\"66fb732\" data-element_type=\"container\" data-e-type=\"container\">\n\t\t\t\t\t<div class=\"e-con-inner\">\n\t\t\t\t<div class=\"elementor-element elementor-element-915cf4e exad-sticky-section-no exad-glass-effect-no elementor-widget elementor-widget-heading\" data-id=\"915cf4e\" data-element_type=\"widget\" data-e-type=\"widget\" data-widget_type=\"heading.default\">\n\t\t\t\t<div class=\"elementor-widget-container\">\n\t\t\t\t\t<h2 class=\"elementor-heading-title elementor-size-default\">J.Pr\u00f6pster GmbH<\/h2>\t\t\t\t<\/div>\n\t\t\t\t<\/div>\n\t\t\t\t\t<\/div>\n\t\t\t\t<\/div>\n\t\t<div class=\"elementor-element elementor-element-39a8b72 e-flex e-con-boxed e-con e-parent\" data-id=\"39a8b72\" data-element_type=\"container\" data-e-type=\"container\">\n\t\t\t\t\t<div class=\"e-con-inner\">\n\t\t\t\t<div class=\"elementor-element elementor-element-59d3f34 exad-sticky-section-no exad-glass-effect-no elementor-widget elementor-widget-spacer\" data-id=\"59d3f34\" data-element_type=\"widget\" data-e-type=\"widget\" data-widget_type=\"spacer.default\">\n\t\t\t\t<div class=\"elementor-widget-container\">\n\t\t\t\t\t\t\t<div class=\"elementor-spacer\">\n\t\t\t<div class=\"elementor-spacer-inner\"><\/div>\n\t\t<\/div>\n\t\t\t\t\t\t<\/div>\n\t\t\t\t<\/div>\n\t\t\t\t\t<\/div>\n\t\t\t\t<\/div>\n\t\t<div class=\"elementor-element elementor-element-bb72ef5 e-flex e-con-boxed e-con e-parent\" data-id=\"bb72ef5\" data-element_type=\"container\" data-e-type=\"container\">\n\t\t\t\t\t<div class=\"e-con-inner\">\n\t\t<div class=\"elementor-element elementor-element-95f3c60 e-con-full e-flex e-con e-child\" data-id=\"95f3c60\" data-element_type=\"container\" data-e-type=\"container\">\n\t\t\t\t<div class=\"elementor-element elementor-element-9d42f06 exad-sticky-section-no exad-glass-effect-no elementor-widget elementor-widget-icon-box\" data-id=\"9d42f06\" data-element_type=\"widget\" data-e-type=\"widget\" data-widget_type=\"icon-box.default\">\n\t\t\t\t<div class=\"elementor-widget-container\">\n\t\t\t\t\t\t\t<div class=\"elementor-icon-box-wrapper\">\n\n\t\t\t\n\t\t\t\t\t\t<div class=\"elementor-icon-box-content\">\n\n\t\t\t\t\t\t\t\t\t<h3 class=\"elementor-icon-box-title\">\n\t\t\t\t\t\t<span  >\n\t\t\t\t\t\t\tStand K32\t\t\t\t\t\t<\/span>\n\t\t\t\t\t<\/h3>\n\t\t\t\t\n\t\t\t\t\n\t\t\t<\/div>\n\t\t\t\n\t\t<\/div>\n\t\t\t\t\t\t<\/div>\n\t\t\t\t<\/div>\n\t\t\t\t<div class=\"elementor-element elementor-element-eda652d exad-sticky-section-no exad-glass-effect-no elementor-widget elementor-widget-image\" data-id=\"eda652d\" data-element_type=\"widget\" data-e-type=\"widget\" data-widget_type=\"image.default\">\n\t\t\t\t<div class=\"elementor-widget-container\">\n\t\t\t\t\t\t\t\t\t\t\t\t\t\t\t\t<a href=\"http:\/\/www.proepster.de\" target=\"_blank\">\n\t\t\t\t\t\t\t<img decoding=\"async\" width=\"300\" height=\"75\" src=\"https:\/\/electricity.entre.ee\/wp-content\/uploads\/2024\/10\/logo-3-300x75.png\" class=\"attachment-medium size-medium wp-image-3376\" alt=\"\" srcset=\"https:\/\/electricity.entre.ee\/wp-content\/uploads\/2024\/10\/logo-3-300x75.png 300w, https:\/\/electricity.entre.ee\/wp-content\/uploads\/2024\/10\/logo-3-18x5.png 18w, https:\/\/electricity.entre.ee\/wp-content\/uploads\/2024\/10\/logo-3-500x125.png 500w, https:\/\/electricity.entre.ee\/wp-content\/uploads\/2024\/10\/logo-3.png 560w\" sizes=\"(max-width: 300px) 100vw, 300px\" \/>\t\t\t\t\t\t\t\t<\/a>\n\t\t\t\t\t\t\t\t\t\t\t\t\t\t\t<\/div>\n\t\t\t\t<\/div>\n\t\t\t\t<\/div>\n\t\t<div class=\"elementor-element elementor-element-1ab3508 e-con-full e-flex e-con e-child\" data-id=\"1ab3508\" data-element_type=\"container\" data-e-type=\"container\">\n\t\t\t\t<div class=\"elementor-element elementor-element-a238899 exad-sticky-section-no exad-glass-effect-no elementor-widget elementor-widget-heading\" data-id=\"a238899\" data-element_type=\"widget\" data-e-type=\"widget\" data-widget_type=\"heading.default\">\n\t\t\t\t<div class=\"elementor-widget-container\">\n\t\t\t\t\t<h2 class=\"elementor-heading-title elementor-size-default\">Contact<\/h2>\t\t\t\t<\/div>\n\t\t\t\t<\/div>\n\t\t\t\t<div class=\"elementor-element elementor-element-e4ab412 elementor-icon-list--layout-traditional elementor-list-item-link-full_width exad-sticky-section-no exad-glass-effect-no elementor-widget elementor-widget-icon-list\" data-id=\"e4ab412\" data-element_type=\"widget\" data-e-type=\"widget\" data-widget_type=\"icon-list.default\">\n\t\t\t\t<div class=\"elementor-widget-container\">\n\t\t\t\t\t\t\t<ul class=\"elementor-icon-list-items\">\n\t\t\t\t\t\t\t<li class=\"elementor-icon-list-item\">\n\t\t\t\t\t\t\t\t\t\t\t<a href=\"http:\/\/www.proepster.de\" target=\"_blank\">\n\n\t\t\t\t\t\t\t\t\t\t\t\t<span class=\"elementor-icon-list-icon\">\n\t\t\t\t\t\t\t<svg aria-hidden=\"true\" class=\"e-font-icon-svg e-fas-globe\" viewbox=\"0 0 496 512\" xmlns=\"http:\/\/www.w3.org\/2000\/svg\"><path d=\"M336.5 160C322 70.7 287.8 8 248 8s-74 62.7-88.5 152h177zM152 256c0 22.2 1.2 43.5 3.3 64h185.3c2.1-20.5 3.3-41.8 3.3-64s-1.2-43.5-3.3-64H155.3c-2.1 20.5-3.3 41.8-3.3 64zm324.7-96c-28.6-67.9-86.5-120.4-158-141.6 24.4 33.8 41.2 84.7 50 141.6h108zM177.2 18.4C105.8 39.6 47.8 92.1 19.3 160h108c8.7-56.9 25.5-107.8 49.9-141.6zM487.4 192H372.7c2.1 21 3.3 42.5 3.3 64s-1.2 43-3.3 64h114.6c5.5-20.5 8.6-41.8 8.6-64s-3.1-43.5-8.5-64zM120 256c0-21.5 1.2-43 3.3-64H8.6C3.2 212.5 0 233.8 0 256s3.2 43.5 8.6 64h114.6c-2-21-3.2-42.5-3.2-64zm39.5 96c14.5 89.3 48.7 152 88.5 152s74-62.7 88.5-152h-177zm159.3 141.6c71.4-21.2 129.4-73.7 158-141.6h-108c-8.8 56.9-25.6 107.8-50 141.6zM19.3 352c28.6 67.9 86.5 120.4 158 141.6-24.4-33.8-41.2-84.7-50-141.6h-108z\"><\/path><\/svg>\t\t\t\t\t\t<\/span>\n\t\t\t\t\t\t\t\t\t\t<span class=\"elementor-icon-list-text\">www.proepster.de<\/span>\n\t\t\t\t\t\t\t\t\t\t\t<\/a>\n\t\t\t\t\t\t\t\t\t<\/li>\n\t\t\t\t\t\t\t\t<li class=\"elementor-icon-list-item\">\n\t\t\t\t\t\t\t\t\t\t\t<span class=\"elementor-icon-list-icon\">\n\t\t\t\t\t\t\t<svg aria-hidden=\"true\" class=\"e-font-icon-svg e-fas-map-marker-alt\" viewbox=\"0 0 384 512\" xmlns=\"http:\/\/www.w3.org\/2000\/svg\"><path d=\"M172.268 501.67C26.97 291.031 0 269.413 0 192 0 85.961 85.961 0 192 0s192 85.961 192 192c0 77.413-26.97 99.031-172.268 309.67-9.535 13.774-29.93 13.773-39.464 0zM192 272c44.183 0 80-35.817 80-80s-35.817-80-80-80-80 35.817-80 80 35.817 80 80 80z\"><\/path><\/svg>\t\t\t\t\t\t<\/span>\n\t\t\t\t\t\t\t\t\t\t<span class=\"elementor-icon-list-text\">Upenu 17-43D, LV1084, Riga<\/span>\n\t\t\t\t\t\t\t\t\t<\/li>\n\t\t\t\t\t\t<\/ul>\n\t\t\t\t\t\t<\/div>\n\t\t\t\t<\/div>\n\t\t\t\t<\/div>\n\t\t<div class=\"elementor-element elementor-element-fc847db e-con-full e-flex e-con e-child\" data-id=\"fc847db\" data-element_type=\"container\" data-e-type=\"container\">\n\t\t\t\t<div class=\"elementor-element elementor-element-635e76a exad-sticky-section-no exad-glass-effect-no elementor-widget elementor-widget-spacer\" data-id=\"635e76a\" data-element_type=\"widget\" data-e-type=\"widget\" data-widget_type=\"spacer.default\">\n\t\t\t\t<div class=\"elementor-widget-container\">\n\t\t\t\t\t\t\t<div class=\"elementor-spacer\">\n\t\t\t<div class=\"elementor-spacer-inner\"><\/div>\n\t\t<\/div>\n\t\t\t\t\t\t<\/div>\n\t\t\t\t<\/div>\n\t\t\t\t<div class=\"elementor-element elementor-element-3434520 exad-sticky-section-no exad-glass-effect-no elementor-widget elementor-widget-heading\" data-id=\"3434520\" data-element_type=\"widget\" data-e-type=\"widget\" data-widget_type=\"heading.default\">\n\t\t\t\t<div class=\"elementor-widget-container\">\n\t\t\t\t\t<h3 class=\"elementor-heading-title elementor-size-default\">\"Always safely one idea ahead!\"\nJ. Pr\u00f6pster GmbH - a strong family business - yesterday today tomorrow .<\/h3>\t\t\t\t<\/div>\n\t\t\t\t<\/div>\n\t\t\t\t<div class=\"elementor-element elementor-element-a72bca2 exad-sticky-section-no exad-glass-effect-no elementor-widget elementor-widget-text-editor\" data-id=\"a72bca2\" data-element_type=\"widget\" data-e-type=\"widget\" data-widget_type=\"text-editor.default\">\n\t\t\t\t<div class=\"elementor-widget-container\">\n\t\t\t\t\t\t\t\t\t<p>Our promise not only includes innovations and inventions, but also simplification of work, safety and quality with high price stability and readiness to deliver. Quality is our priority when we provide you with project planning support and reliably serve you with inexpensive special components and a perfect delivery service.<\/p><p>Company introduction.<\/p><ul><li>External lightning protection<\/li><li>Insulated lightning protection<\/li><li>Earthing material<\/li><li>Surge protection<\/li><\/ul><p>With numerous inventions and innovations, we have developed lightning protection components since 1980 which were previously neither available on the market nor required by the standards. Easy mounting systems, multifunctionality, high quality standard and long life were rare up to this time.<\/p>\t\t\t\t\t\t\t\t<\/div>\n\t\t\t\t<\/div>\n\t\t\t\t<\/div>\n\t\t\t\t\t<\/div>\n\t\t\t\t<\/div>\n\t\t\t\t<\/div>","protected":false},"excerpt":{"rendered":"<p>J.Pr\u00f6pster GmbH Stend K32 Kontakt www.proepster.de Upenu 17-43D, LV1084, Riga &#8220;Alati kindlalt \u00fcks idee ees!&#8221; J. Pr\u00f6pster GmbH &#8211; tugev pereettev\u00f5te &#8211; eile t\u00e4na homme . Meie lubadus ei sisalda mitte ainult uuendusi ja leiutisi, vaid ka t\u00f6\u00f6 lihtsustamist, ohutust ja kvaliteeti koos k\u00f5rge hinnastabiilsuse ja valmidusega. Kvaliteet on meie prioriteediks, kui pakume teile projekti [&hellip;]<\/p>\n","protected":false},"author":1,"featured_media":0,"parent":0,"menu_order":0,"comment_status":"closed","ping_status":"closed","template":"","meta":{"_monsterinsights_skip_tracking":false,"_monsterinsights_sitenote_active":false,"_monsterinsights_sitenote_note":"","_monsterinsights_sitenote_category":0,"site-sidebar-layout":"no-sidebar","site-content-layout":"page-builder","ast-site-content-layout":"full-width-container","site-content-style":"unboxed","site-sidebar-style":"unboxed","ast-global-header-display":"","ast-banner-title-visibility":"","ast-main-header-display":"","ast-hfb-above-header-display":"","ast-hfb-below-header-display":"","ast-hfb-mobile-header-display":"","site-post-title":"disabled","ast-breadcrumbs-content":"","ast-featured-img":"disabled","footer-sml-layout":"","ast-disable-related-posts":"","theme-transparent-header-meta":"disabled","adv-header-id-meta":"","stick-header-meta":"default","header-above-stick-meta":"","header-main-stick-meta":"","header-below-stick-meta":"","astra-migrate-meta-layouts":"set","ast-page-background-enabled":"default","ast-page-background-meta":{"desktop":{"background-color":"","background-image":"","background-repeat":"repeat","background-position":"center center","background-size":"auto","background-attachment":"scroll","background-type":"","background-media":"","overlay-type":"","overlay-color":"","overlay-opacity":"","overlay-gradient":""},"tablet":{"background-color":"","background-image":"","background-repeat":"repeat","background-position":"center center","background-size":"auto","background-attachment":"scroll","background-type":"","background-media":"","overlay-type":"","overlay-color":"","overlay-opacity":"","overlay-gradient":""},"mobile":{"background-color":"","background-image":"","background-repeat":"repeat","background-position":"center center","background-size":"auto","background-attachment":"scroll","background-type":"","background-media":"","overlay-type":"","overlay-color":"","overlay-opacity":"","overlay-gradient":""}},"ast-content-background-meta":{"desktop":{"background-color":"var(--ast-global-color-5)","background-image":"","background-repeat":"repeat","background-position":"center center","background-size":"auto","background-attachment":"scroll","background-type":"","background-media":"","overlay-type":"","overlay-color":"","overlay-opacity":"","overlay-gradient":""},"tablet":{"background-color":"var(--ast-global-color-5)","background-image":"","background-repeat":"repeat","background-position":"center center","background-size":"auto","background-attachment":"scroll","background-type":"","background-media":"","overlay-type":"","overlay-color":"","overlay-opacity":"","overlay-gradient":""},"mobile":{"background-color":"var(--ast-global-color-5)","background-image":"","background-repeat":"repeat","background-position":"center center","background-size":"auto","background-attachment":"scroll","background-type":"","background-media":"","overlay-type":"","overlay-color":"","overlay-opacity":"","overlay-gradient":""}},"footnotes":""},"class_list":["post-3419","page","type-page","status-publish","hentry"],"yoast_head":"<!-- This site is optimized with the Yoast SEO plugin v27.4 - https:\/\/yoast.com\/product\/yoast-seo-wordpress\/ -->\n<title>Baltic Lightning Protection(J.Pr\u00f6pster GmbH) - Electricity 2026<\/title>\n<meta name=\"robots\" content=\"index, follow, max-snippet:-1, max-image-preview:large, max-video-preview:-1\" \/>\n<link rel=\"canonical\" href=\"https:\/\/electricity.entre.ee\/en\/baltic-lightning-protectionj-propster-gmbh\/\" \/>\n<meta property=\"og:locale\" content=\"en_GB\" \/>\n<meta property=\"og:type\" content=\"article\" \/>\n<meta property=\"og:title\" content=\"Baltic Lightning Protection(J.Pr\u00f6pster GmbH) - Electricity 2026\" \/>\n<meta property=\"og:description\" content=\"J.Pr\u00f6pster GmbH Stend K32 Kontakt www.proepster.de Upenu 17-43D, LV1084, Riga &#8220;Alati kindlalt \u00fcks idee ees!&#8221; J. Pr\u00f6pster GmbH &#8211; tugev pereettev\u00f5te &#8211; eile t\u00e4na homme . Meie lubadus ei sisalda mitte ainult uuendusi ja leiutisi, vaid ka t\u00f6\u00f6 lihtsustamist, ohutust ja kvaliteeti koos k\u00f5rge hinnastabiilsuse ja valmidusega. Kvaliteet on meie prioriteediks, kui pakume teile projekti [&hellip;]\" \/>\n<meta property=\"og:url\" content=\"https:\/\/electricity.entre.ee\/en\/baltic-lightning-protectionj-propster-gmbh\/\" \/>\n<meta property=\"og:site_name\" content=\"Electricity 2026\" \/>\n<meta property=\"article:modified_time\" content=\"2026-04-07T17:48:59+00:00\" \/>\n<meta property=\"og:image\" content=\"https:\/\/electricity.entre.ee\/wp-content\/uploads\/2024\/10\/logo-3.png\" \/>\n\t<meta property=\"og:image:width\" content=\"560\" \/>\n\t<meta property=\"og:image:height\" content=\"140\" \/>\n\t<meta property=\"og:image:type\" content=\"image\/png\" \/>\n<meta name=\"twitter:card\" content=\"summary_large_image\" \/>\n<meta name=\"twitter:label1\" content=\"Estimated reading time\" \/>\n\t<meta name=\"twitter:data1\" content=\"1 minute\" \/>\n<script type=\"application\/ld+json\" class=\"yoast-schema-graph\">{\"@context\":\"https:\\\/\\\/schema.org\",\"@graph\":[{\"@type\":\"WebPage\",\"@id\":\"https:\\\/\\\/electricity.entre.ee\\\/baltic-lightning-protectionj-propster-gmbh\\\/\",\"url\":\"https:\\\/\\\/electricity.entre.ee\\\/baltic-lightning-protectionj-propster-gmbh\\\/\",\"name\":\"Baltic Lightning Protection(J.Pr\u00f6pster GmbH) - Electricity 2026\",\"isPartOf\":{\"@id\":\"https:\\\/\\\/electricity.entre.ee\\\/en\\\/#website\"},\"primaryImageOfPage\":{\"@id\":\"https:\\\/\\\/electricity.entre.ee\\\/baltic-lightning-protectionj-propster-gmbh\\\/#primaryimage\"},\"image\":{\"@id\":\"https:\\\/\\\/electricity.entre.ee\\\/baltic-lightning-protectionj-propster-gmbh\\\/#primaryimage\"},\"thumbnailUrl\":\"https:\\\/\\\/electricity.entre.ee\\\/wp-content\\\/uploads\\\/2024\\\/10\\\/logo-3-300x75.png\",\"datePublished\":\"2024-10-23T19:51:32+00:00\",\"dateModified\":\"2026-04-07T17:48:59+00:00\",\"breadcrumb\":{\"@id\":\"https:\\\/\\\/electricity.entre.ee\\\/baltic-lightning-protectionj-propster-gmbh\\\/#breadcrumb\"},\"inLanguage\":\"en-GB\",\"potentialAction\":[{\"@type\":\"ReadAction\",\"target\":[\"https:\\\/\\\/electricity.entre.ee\\\/baltic-lightning-protectionj-propster-gmbh\\\/\"]}]},{\"@type\":\"ImageObject\",\"inLanguage\":\"en-GB\",\"@id\":\"https:\\\/\\\/electricity.entre.ee\\\/baltic-lightning-protectionj-propster-gmbh\\\/#primaryimage\",\"url\":\"https:\\\/\\\/electricity.entre.ee\\\/wp-content\\\/uploads\\\/2024\\\/10\\\/logo-3-300x75.png\",\"contentUrl\":\"https:\\\/\\\/electricity.entre.ee\\\/wp-content\\\/uploads\\\/2024\\\/10\\\/logo-3-300x75.png\"},{\"@type\":\"BreadcrumbList\",\"@id\":\"https:\\\/\\\/electricity.entre.ee\\\/baltic-lightning-protectionj-propster-gmbh\\\/#breadcrumb\",\"itemListElement\":[{\"@type\":\"ListItem\",\"position\":1,\"name\":\"Home\",\"item\":\"https:\\\/\\\/electricity.entre.ee\\\/\"},{\"@type\":\"ListItem\",\"position\":2,\"name\":\"Baltic Lightning Protection(J.Pr\u00f6pster GmbH)\"}]},{\"@type\":\"WebSite\",\"@id\":\"https:\\\/\\\/electricity.entre.ee\\\/en\\\/#website\",\"url\":\"https:\\\/\\\/electricity.entre.ee\\\/en\\\/\",\"name\":\"Entre- Sinu idee ja vajadus, minu v\u00e4rske ja p\u00fchendunud teostus.\",\"description\":\"\",\"publisher\":{\"@id\":\"https:\\\/\\\/electricity.entre.ee\\\/en\\\/#organization\"},\"potentialAction\":[{\"@type\":\"SearchAction\",\"target\":{\"@type\":\"EntryPoint\",\"urlTemplate\":\"https:\\\/\\\/electricity.entre.ee\\\/en\\\/?s={search_term_string}\"},\"query-input\":{\"@type\":\"PropertyValueSpecification\",\"valueRequired\":true,\"valueName\":\"search_term_string\"}}],\"inLanguage\":\"en-GB\"},{\"@type\":\"Organization\",\"@id\":\"https:\\\/\\\/electricity.entre.ee\\\/en\\\/#organization\",\"name\":\"Entre- Sinu idee ja vajadus, minu v\u00e4rske ja p\u00fchendunud teostus.\",\"url\":\"https:\\\/\\\/electricity.entre.ee\\\/en\\\/\",\"logo\":{\"@type\":\"ImageObject\",\"inLanguage\":\"en-GB\",\"@id\":\"https:\\\/\\\/electricity.entre.ee\\\/en\\\/#\\\/schema\\\/logo\\\/image\\\/\",\"url\":\"https:\\\/\\\/electricity.entre.ee\\\/wp-content\\\/uploads\\\/2025\\\/01\\\/download-16.png\",\"contentUrl\":\"https:\\\/\\\/electricity.entre.ee\\\/wp-content\\\/uploads\\\/2025\\\/01\\\/download-16.png\",\"width\":2008,\"height\":351,\"caption\":\"Entre- Sinu idee ja vajadus, minu v\u00e4rske ja p\u00fchendunud teostus.\"},\"image\":{\"@id\":\"https:\\\/\\\/electricity.entre.ee\\\/en\\\/#\\\/schema\\\/logo\\\/image\\\/\"}}]}<\/script>\n<!-- \/ Yoast SEO plugin. -->","yoast_head_json":{"title":"Baltic Lightning Protection(J.Pr\u00f6pster GmbH) - Electricity 2026","robots":{"index":"index","follow":"follow","max-snippet":"max-snippet:-1","max-image-preview":"max-image-preview:large","max-video-preview":"max-video-preview:-1"},"canonical":"https:\/\/electricity.entre.ee\/en\/baltic-lightning-protectionj-propster-gmbh\/","og_locale":"en_GB","og_type":"article","og_title":"Baltic Lightning Protection(J.Pr\u00f6pster GmbH) - Electricity 2026","og_description":"J.Pr\u00f6pster GmbH Stend K32 Kontakt www.proepster.de Upenu 17-43D, LV1084, Riga &#8220;Alati kindlalt \u00fcks idee ees!&#8221; J. Pr\u00f6pster GmbH &#8211; tugev pereettev\u00f5te &#8211; eile t\u00e4na homme . Meie lubadus ei sisalda mitte ainult uuendusi ja leiutisi, vaid ka t\u00f6\u00f6 lihtsustamist, ohutust ja kvaliteeti koos k\u00f5rge hinnastabiilsuse ja valmidusega. Kvaliteet on meie prioriteediks, kui pakume teile projekti [&hellip;]","og_url":"https:\/\/electricity.entre.ee\/en\/baltic-lightning-protectionj-propster-gmbh\/","og_site_name":"Electricity 2026","article_modified_time":"2026-04-07T17:48:59+00:00","og_image":[{"width":560,"height":140,"url":"https:\/\/electricity.entre.ee\/wp-content\/uploads\/2024\/10\/logo-3.png","type":"image\/png"}],"twitter_card":"summary_large_image","twitter_misc":{"Estimated reading time":"1 minute"},"schema":{"@context":"https:\/\/schema.org","@graph":[{"@type":"WebPage","@id":"https:\/\/electricity.entre.ee\/baltic-lightning-protectionj-propster-gmbh\/","url":"https:\/\/electricity.entre.ee\/baltic-lightning-protectionj-propster-gmbh\/","name":"Baltic Lightning Protection(J.Pr\u00f6pster GmbH) - Electricity 2026","isPartOf":{"@id":"https:\/\/electricity.entre.ee\/en\/#website"},"primaryImageOfPage":{"@id":"https:\/\/electricity.entre.ee\/baltic-lightning-protectionj-propster-gmbh\/#primaryimage"},"image":{"@id":"https:\/\/electricity.entre.ee\/baltic-lightning-protectionj-propster-gmbh\/#primaryimage"},"thumbnailUrl":"https:\/\/electricity.entre.ee\/wp-content\/uploads\/2024\/10\/logo-3-300x75.png","datePublished":"2024-10-23T19:51:32+00:00","dateModified":"2026-04-07T17:48:59+00:00","breadcrumb":{"@id":"https:\/\/electricity.entre.ee\/baltic-lightning-protectionj-propster-gmbh\/#breadcrumb"},"inLanguage":"en-GB","potentialAction":[{"@type":"ReadAction","target":["https:\/\/electricity.entre.ee\/baltic-lightning-protectionj-propster-gmbh\/"]}]},{"@type":"ImageObject","inLanguage":"en-GB","@id":"https:\/\/electricity.entre.ee\/baltic-lightning-protectionj-propster-gmbh\/#primaryimage","url":"https:\/\/electricity.entre.ee\/wp-content\/uploads\/2024\/10\/logo-3-300x75.png","contentUrl":"https:\/\/electricity.entre.ee\/wp-content\/uploads\/2024\/10\/logo-3-300x75.png"},{"@type":"BreadcrumbList","@id":"https:\/\/electricity.entre.ee\/baltic-lightning-protectionj-propster-gmbh\/#breadcrumb","itemListElement":[{"@type":"ListItem","position":1,"name":"Home","item":"https:\/\/electricity.entre.ee\/"},{"@type":"ListItem","position":2,"name":"Baltic Lightning Protection(J.Pr\u00f6pster GmbH)"}]},{"@type":"WebSite","@id":"https:\/\/electricity.entre.ee\/en\/#website","url":"https:\/\/electricity.entre.ee\/en\/","name":"Entre- Sinu idee ja vajadus, minu v\u00e4rske ja p\u00fchendunud teostus.","description":"","publisher":{"@id":"https:\/\/electricity.entre.ee\/en\/#organization"},"potentialAction":[{"@type":"SearchAction","target":{"@type":"EntryPoint","urlTemplate":"https:\/\/electricity.entre.ee\/en\/?s={search_term_string}"},"query-input":{"@type":"PropertyValueSpecification","valueRequired":true,"valueName":"search_term_string"}}],"inLanguage":"en-GB"},{"@type":"Organization","@id":"https:\/\/electricity.entre.ee\/en\/#organization","name":"Entre- Sinu idee ja vajadus, minu v\u00e4rske ja p\u00fchendunud teostus.","url":"https:\/\/electricity.entre.ee\/en\/","logo":{"@type":"ImageObject","inLanguage":"en-GB","@id":"https:\/\/electricity.entre.ee\/en\/#\/schema\/logo\/image\/","url":"https:\/\/electricity.entre.ee\/wp-content\/uploads\/2025\/01\/download-16.png","contentUrl":"https:\/\/electricity.entre.ee\/wp-content\/uploads\/2025\/01\/download-16.png","width":2008,"height":351,"caption":"Entre- Sinu idee ja vajadus, minu v\u00e4rske ja p\u00fchendunud teostus."},"image":{"@id":"https:\/\/electricity.entre.ee\/en\/#\/schema\/logo\/image\/"}}]}},"_links":{"self":[{"href":"https:\/\/electricity.entre.ee\/en\/wp-json\/wp\/v2\/pages\/3419","targetHints":{"allow":["GET"]}}],"collection":[{"href":"https:\/\/electricity.entre.ee\/en\/wp-json\/wp\/v2\/pages"}],"about":[{"href":"https:\/\/electricity.entre.ee\/en\/wp-json\/wp\/v2\/types\/page"}],"author":[{"embeddable":true,"href":"https:\/\/electricity.entre.ee\/en\/wp-json\/wp\/v2\/users\/1"}],"replies":[{"embeddable":true,"href":"https:\/\/electricity.entre.ee\/en\/wp-json\/wp\/v2\/comments?post=3419"}],"version-history":[{"count":5,"href":"https:\/\/electricity.entre.ee\/en\/wp-json\/wp\/v2\/pages\/3419\/revisions"}],"predecessor-version":[{"id":7401,"href":"https:\/\/electricity.entre.ee\/en\/wp-json\/wp\/v2\/pages\/3419\/revisions\/7401"}],"wp:attachment":[{"href":"https:\/\/electricity.entre.ee\/en\/wp-json\/wp\/v2\/media?parent=3419"}],"curies":[{"name":"wp","href":"https:\/\/api.w.org\/{rel}","templated":true}]}}