{"id":3434,"date":"2024-10-23T20:11:29","date_gmt":"2024-10-23T20:11:29","guid":{"rendered":"https:\/\/electricity.entre.ee\/?page_id=3434"},"modified":"2025-01-05T15:13:09","modified_gmt":"2025-01-05T15:13:09","slug":"nkt-s-a","status":"publish","type":"page","link":"https:\/\/electricity.entre.ee\/en\/nkt-s-a\/","title":{"rendered":"NKT S.A."},"content":{"rendered":"<div data-elementor-type=\"wp-page\" data-elementor-id=\"3434\" class=\"elementor elementor-3434\">\n\t\t\t\t<div class=\"elementor-element elementor-element-661b2fc9 e-grid e-con-boxed e-con e-parent\" data-id=\"661b2fc9\" data-element_type=\"container\" data-e-type=\"container\" data-settings=\"{&quot;background_background&quot;:&quot;classic&quot;}\">\n\t\t\t\t\t<div class=\"e-con-inner\">\n\t\t\t\t\t<\/div>\n\t\t\t\t<\/div>\n\t\t<div class=\"elementor-element elementor-element-06be31c e-flex e-con-boxed e-con e-parent\" data-id=\"06be31c\" data-element_type=\"container\" data-e-type=\"container\">\n\t\t\t\t\t<div class=\"e-con-inner\">\n\t\t\t\t<div class=\"elementor-element elementor-element-022788b exad-sticky-section-no exad-glass-effect-no elementor-widget elementor-widget-spacer\" data-id=\"022788b\" data-element_type=\"widget\" data-e-type=\"widget\" data-widget_type=\"spacer.default\">\n\t\t\t\t<div class=\"elementor-widget-container\">\n\t\t\t\t\t\t\t<div class=\"elementor-spacer\">\n\t\t\t<div class=\"elementor-spacer-inner\"><\/div>\n\t\t<\/div>\n\t\t\t\t\t\t<\/div>\n\t\t\t\t<\/div>\n\t\t\t\t\t<\/div>\n\t\t\t\t<\/div>\n\t\t<div class=\"elementor-element elementor-element-84d926f e-flex e-con-boxed e-con e-parent\" data-id=\"84d926f\" data-element_type=\"container\" data-e-type=\"container\">\n\t\t\t\t\t<div class=\"e-con-inner\">\n\t\t\t\t<div class=\"elementor-element elementor-element-7022675 exad-sticky-section-no exad-glass-effect-no elementor-widget elementor-widget-heading\" data-id=\"7022675\" data-element_type=\"widget\" data-e-type=\"widget\" data-widget_type=\"heading.default\">\n\t\t\t\t<div class=\"elementor-widget-container\">\n\t\t\t\t\t<h2 class=\"elementor-heading-title elementor-size-default\">NKT S.A.<\/h2>\t\t\t\t<\/div>\n\t\t\t\t<\/div>\n\t\t\t\t\t<\/div>\n\t\t\t\t<\/div>\n\t\t<div class=\"elementor-element elementor-element-acd7fec e-flex e-con-boxed e-con e-parent\" data-id=\"acd7fec\" data-element_type=\"container\" data-e-type=\"container\">\n\t\t\t\t\t<div class=\"e-con-inner\">\n\t\t\t\t<div class=\"elementor-element elementor-element-931ed5f exad-sticky-section-no exad-glass-effect-no elementor-widget elementor-widget-spacer\" data-id=\"931ed5f\" data-element_type=\"widget\" data-e-type=\"widget\" data-widget_type=\"spacer.default\">\n\t\t\t\t<div class=\"elementor-widget-container\">\n\t\t\t\t\t\t\t<div class=\"elementor-spacer\">\n\t\t\t<div class=\"elementor-spacer-inner\"><\/div>\n\t\t<\/div>\n\t\t\t\t\t\t<\/div>\n\t\t\t\t<\/div>\n\t\t\t\t\t<\/div>\n\t\t\t\t<\/div>\n\t\t<div class=\"elementor-element elementor-element-bb72ef5 e-flex e-con-boxed e-con e-parent\" data-id=\"bb72ef5\" data-element_type=\"container\" data-e-type=\"container\">\n\t\t\t\t\t<div class=\"e-con-inner\">\n\t\t<div class=\"elementor-element elementor-element-95f3c60 e-con-full e-flex e-con e-child\" data-id=\"95f3c60\" data-element_type=\"container\" data-e-type=\"container\">\n\t\t\t\t<div class=\"exad-link-anything-wrapper elementor-element elementor-element-9d42f06 elementor-view-framed elementor-shape-rounded elementor-position-inline-start elementor-mobile-position-block-start exad-sticky-section-no exad-glass-effect-no elementor-widget elementor-widget-icon-box\" data-exad-element-link=\"{&quot;url&quot;:&quot;https:\\\/\\\/electricity.entre.ee\\\/?da_image=1658&quot;,&quot;is_external&quot;:&quot;&quot;,&quot;nofollow&quot;:&quot;&quot;,&quot;custom_attributes&quot;:&quot;&quot;}\" style=\"cursor: pointer\" data-id=\"9d42f06\" data-element_type=\"widget\" data-e-type=\"widget\" data-widget_type=\"icon-box.default\">\n\t\t\t\t<div class=\"elementor-widget-container\">\n\t\t\t\t\t\t\t<div class=\"elementor-icon-box-wrapper\">\n\n\t\t\t\t\t\t<div class=\"elementor-icon-box-icon\">\n\t\t\t\t<span  class=\"elementor-icon\">\n\t\t\t\t<i aria-hidden=\"true\" class=\"remixicon ri-arrow-go-back-fill\"><\/i>\t\t\t\t<\/span>\n\t\t\t<\/div>\n\t\t\t\n\t\t\t\t\t\t<div class=\"elementor-icon-box-content\">\n\n\t\t\t\t\t\t\t\t\t<h3 class=\"elementor-icon-box-title\">\n\t\t\t\t\t\t<span  >\n\t\t\t\t\t\t\tStand K28\t\t\t\t\t\t<\/span>\n\t\t\t\t\t<\/h3>\n\t\t\t\t\n\t\t\t\t\n\t\t\t<\/div>\n\t\t\t\n\t\t<\/div>\n\t\t\t\t\t\t<\/div>\n\t\t\t\t<\/div>\n\t\t\t\t<div class=\"exad-link-anything-wrapper elementor-element elementor-element-eda652d exad-sticky-section-no exad-glass-effect-no elementor-widget elementor-widget-image\" data-exad-element-link=\"{&quot;url&quot;:&quot;http:\\\/\\\/nkt.com&quot;,&quot;is_external&quot;:&quot;&quot;,&quot;nofollow&quot;:&quot;&quot;,&quot;custom_attributes&quot;:&quot;&quot;}\" style=\"cursor: pointer\" data-id=\"eda652d\" data-element_type=\"widget\" data-e-type=\"widget\" data-widget_type=\"image.default\">\n\t\t\t\t<div class=\"elementor-widget-container\">\n\t\t\t\t\t\t\t\t\t\t\t\t\t\t\t\t<a href=\"https:\/\/www.klinkmann.com\/et\/\" target=\"_blank\">\n\t\t\t\t\t\t\t<img decoding=\"async\" width=\"300\" height=\"114\" src=\"https:\/\/electricity.entre.ee\/wp-content\/uploads\/2024\/10\/NKT_NORDIC_BLUE_CMYK-01-300x114.png\" class=\"attachment-medium size-medium wp-image-3371\" alt=\"\" srcset=\"https:\/\/electricity.entre.ee\/wp-content\/uploads\/2024\/10\/NKT_NORDIC_BLUE_CMYK-01-300x114.png 300w, https:\/\/electricity.entre.ee\/wp-content\/uploads\/2024\/10\/NKT_NORDIC_BLUE_CMYK-01-600x228.png 600w, https:\/\/electricity.entre.ee\/wp-content\/uploads\/2024\/10\/NKT_NORDIC_BLUE_CMYK-01-1024x390.png 1024w, https:\/\/electricity.entre.ee\/wp-content\/uploads\/2024\/10\/NKT_NORDIC_BLUE_CMYK-01-768x292.png 768w, https:\/\/electricity.entre.ee\/wp-content\/uploads\/2024\/10\/NKT_NORDIC_BLUE_CMYK-01-18x7.png 18w, https:\/\/electricity.entre.ee\/wp-content\/uploads\/2024\/10\/NKT_NORDIC_BLUE_CMYK-01.png 1417w\" sizes=\"(max-width: 300px) 100vw, 300px\" \/>\t\t\t\t\t\t\t\t<\/a>\n\t\t\t\t\t\t\t\t\t\t\t\t\t\t\t<\/div>\n\t\t\t\t<\/div>\n\t\t\t\t<\/div>\n\t\t<div class=\"elementor-element elementor-element-1ab3508 e-con-full e-flex e-con e-child\" data-id=\"1ab3508\" data-element_type=\"container\" data-e-type=\"container\">\n\t\t\t\t<div class=\"elementor-element elementor-element-93e42f4 exad-sticky-section-no exad-glass-effect-no elementor-widget elementor-widget-heading\" data-id=\"93e42f4\" data-element_type=\"widget\" data-e-type=\"widget\" data-widget_type=\"heading.default\">\n\t\t\t\t<div class=\"elementor-widget-container\">\n\t\t\t\t\t<h2 class=\"elementor-heading-title elementor-size-default\">Contact<\/h2>\t\t\t\t<\/div>\n\t\t\t\t<\/div>\n\t\t\t\t<div class=\"elementor-element elementor-element-72820d6 elementor-align-center elementor-icon-list--layout-traditional elementor-list-item-link-full_width exad-sticky-section-no exad-glass-effect-no elementor-widget elementor-widget-icon-list\" data-id=\"72820d6\" data-element_type=\"widget\" data-e-type=\"widget\" data-widget_type=\"icon-list.default\">\n\t\t\t\t<div class=\"elementor-widget-container\">\n\t\t\t\t\t\t\t<ul class=\"elementor-icon-list-items\">\n\t\t\t\t\t\t\t<li class=\"elementor-icon-list-item\">\n\t\t\t\t\t\t\t\t\t\t\t<a href=\"http:\/\/www.nkt.com.pl\" target=\"_blank\">\n\n\t\t\t\t\t\t\t\t\t\t\t\t<span class=\"elementor-icon-list-icon\">\n\t\t\t\t\t\t\t<svg aria-hidden=\"true\" class=\"e-font-icon-svg e-fas-globe\" viewbox=\"0 0 496 512\" xmlns=\"http:\/\/www.w3.org\/2000\/svg\"><path d=\"M336.5 160C322 70.7 287.8 8 248 8s-74 62.7-88.5 152h177zM152 256c0 22.2 1.2 43.5 3.3 64h185.3c2.1-20.5 3.3-41.8 3.3-64s-1.2-43.5-3.3-64H155.3c-2.1 20.5-3.3 41.8-3.3 64zm324.7-96c-28.6-67.9-86.5-120.4-158-141.6 24.4 33.8 41.2 84.7 50 141.6h108zM177.2 18.4C105.8 39.6 47.8 92.1 19.3 160h108c8.7-56.9 25.5-107.8 49.9-141.6zM487.4 192H372.7c2.1 21 3.3 42.5 3.3 64s-1.2 43-3.3 64h114.6c5.5-20.5 8.6-41.8 8.6-64s-3.1-43.5-8.5-64zM120 256c0-21.5 1.2-43 3.3-64H8.6C3.2 212.5 0 233.8 0 256s3.2 43.5 8.6 64h114.6c-2-21-3.2-42.5-3.2-64zm39.5 96c14.5 89.3 48.7 152 88.5 152s74-62.7 88.5-152h-177zm159.3 141.6c71.4-21.2 129.4-73.7 158-141.6h-108c-8.8 56.9-25.6 107.8-50 141.6zM19.3 352c28.6 67.9 86.5 120.4 158 141.6-24.4-33.8-41.2-84.7-50-141.6h-108z\"><\/path><\/svg>\t\t\t\t\t\t<\/span>\n\t\t\t\t\t\t\t\t\t\t<span class=\"elementor-icon-list-text\">www.nkt.com.pl<\/span>\n\t\t\t\t\t\t\t\t\t\t\t<\/a>\n\t\t\t\t\t\t\t\t\t<\/li>\n\t\t\t\t\t\t\t\t<li class=\"elementor-icon-list-item\">\n\t\t\t\t\t\t\t\t\t\t\t<a href=\"https:\/\/www.google.com\/search?q=Gajowa%203%2C%2044-240%20%C5%BBory%2C%20Poola&#038;shndl=40&#038;source=sh%2Fx%2Floc%2Fgeo%2Fm1%2F1&#038;kgs=0e52983f53ef1d4d\" target=\"_blank\">\n\n\t\t\t\t\t\t\t\t\t\t\t\t<span class=\"elementor-icon-list-icon\">\n\t\t\t\t\t\t\t<svg aria-hidden=\"true\" class=\"e-font-icon-svg e-fas-map-marker-alt\" viewbox=\"0 0 384 512\" xmlns=\"http:\/\/www.w3.org\/2000\/svg\"><path d=\"M172.268 501.67C26.97 291.031 0 269.413 0 192 0 85.961 85.961 0 192 0s192 85.961 192 192c0 77.413-26.97 99.031-172.268 309.67-9.535 13.774-29.93 13.773-39.464 0zM192 272c44.183 0 80-35.817 80-80s-35.817-80-80-80-80 35.817-80 80 35.817 80 80 80z\"><\/path><\/svg>\t\t\t\t\t\t<\/span>\n\t\t\t\t\t\t\t\t\t\t<span class=\"elementor-icon-list-text\">Ul. Gajowa 3; 43-254 Warszowice; Poland<\/span>\n\t\t\t\t\t\t\t\t\t\t\t<\/a>\n\t\t\t\t\t\t\t\t\t<\/li>\n\t\t\t\t\t\t<\/ul>\n\t\t\t\t\t\t<\/div>\n\t\t\t\t<\/div>\n\t\t\t\t<\/div>\n\t\t<div class=\"elementor-element elementor-element-fc847db e-con-full e-flex e-con e-child\" data-id=\"fc847db\" data-element_type=\"container\" data-e-type=\"container\">\n\t\t\t\t<div class=\"elementor-element elementor-element-3d4e213 exad-sticky-section-no exad-glass-effect-no elementor-widget elementor-widget-spacer\" data-id=\"3d4e213\" data-element_type=\"widget\" data-e-type=\"widget\" data-widget_type=\"spacer.default\">\n\t\t\t\t<div class=\"elementor-widget-container\">\n\t\t\t\t\t\t\t<div class=\"elementor-spacer\">\n\t\t\t<div class=\"elementor-spacer-inner\"><\/div>\n\t\t<\/div>\n\t\t\t\t\t\t<\/div>\n\t\t\t\t<\/div>\n\t\t\t\t<div class=\"elementor-element elementor-element-9d69a7d exad-sticky-section-no exad-glass-effect-no elementor-widget elementor-widget-text-editor\" data-id=\"9d69a7d\" data-element_type=\"widget\" data-e-type=\"widget\" data-widget_type=\"text-editor.default\">\n\t\t\t\t<div class=\"elementor-widget-container\">\n\t\t\t\t\t\t\t\t\t<p><strong>Power cable and cable manufacturer and full-service provider<\/strong><br \/><br \/>NKT has been a pioneer in the cable industry since 1891. During the Second Industrial Revolution, we began developing highly innovative - for the time - low-voltage (LV) cables. Our cables provided support for the transformation of steam and water power into electricity and the foundation for modern, comfortable life as we know it.<br \/><br \/>Today, we are a partner to our customers in the energy sector, and our goal is to create a safe and sustainable future in an increasingly energy-dependent world.<br \/><br \/>Our understanding of the role we play in society has evolved over the years - from merely a cable manufacturer, constantly improving its quality and durability, to a reliable partner offering a comprehensive service.  Adding the first medium-voltage (MV) cables to our portfolio, followed by high-voltage (HV) cables, we became a leading cable supplier in Europe. However, due to the passage of time, and thus the need to repair or replace cables lying underground, our area of concentration has expanded. With the inclusion of cable accessories, 24\/7 service and a state-of-the-art cable carrier, we can meet the demands of a growing number of customers and partners.<\/p><p>We pride ourselves on solving our customers' real-world challenges every day, while delivering lasting value to the world's energy networks. Feel free to contact us, we are always happy to share our expertise and engage in discussions regarding future joint opportunities.<\/p>\t\t\t\t\t\t\t\t<\/div>\n\t\t\t\t<\/div>\n\t\t\t\t<\/div>\n\t\t\t\t\t<\/div>\n\t\t\t\t<\/div>\n\t\t\t\t<\/div>","protected":false},"excerpt":{"rendered":"<p>NKT S.A. Stend K28 Kontakt www.nkt.com.pl Ul. Gajowa 3; 43-254 Warszowice; Poland Elektrikaablite ja -kaablite tootja ja t\u00e4isteenuste pakkuja NKT on olnud kaablit\u00f6\u00f6stuse teerajaja alates 1891. aastast. Teise t\u00f6\u00f6stusrevolutsiooni ajal hakkasime v\u00e4lja t\u00f6\u00f6tama v\u00e4ga uuenduslikke &#8211; tolle aja kohta &#8211; madalpingekaableid. Meie kaablid toetasid auru- ja vee-energia muundamist elektrienergiaks ning panid aluse kaasaegsele, mugavale elule, [&hellip;]<\/p>\n","protected":false},"author":1,"featured_media":0,"parent":0,"menu_order":0,"comment_status":"closed","ping_status":"closed","template":"","meta":{"_monsterinsights_skip_tracking":false,"_monsterinsights_sitenote_active":false,"_monsterinsights_sitenote_note":"","_monsterinsights_sitenote_category":0,"site-sidebar-layout":"no-sidebar","site-content-layout":"page-builder","ast-site-content-layout":"full-width-container","site-content-style":"unboxed","site-sidebar-style":"unboxed","ast-global-header-display":"","ast-banner-title-visibility":"","ast-main-header-display":"","ast-hfb-above-header-display":"","ast-hfb-below-header-display":"","ast-hfb-mobile-header-display":"","site-post-title":"disabled","ast-breadcrumbs-content":"","ast-featured-img":"disabled","footer-sml-layout":"","ast-disable-related-posts":"","theme-transparent-header-meta":"default","adv-header-id-meta":"","stick-header-meta":"default","header-above-stick-meta":"","header-main-stick-meta":"","header-below-stick-meta":"","astra-migrate-meta-layouts":"set","ast-page-background-enabled":"default","ast-page-background-meta":{"desktop":{"background-color":"","background-image":"","background-repeat":"repeat","background-position":"center center","background-size":"auto","background-attachment":"scroll","background-type":"","background-media":"","overlay-type":"","overlay-color":"","overlay-opacity":"","overlay-gradient":""},"tablet":{"background-color":"","background-image":"","background-repeat":"repeat","background-position":"center center","background-size":"auto","background-attachment":"scroll","background-type":"","background-media":"","overlay-type":"","overlay-color":"","overlay-opacity":"","overlay-gradient":""},"mobile":{"background-color":"","background-image":"","background-repeat":"repeat","background-position":"center center","background-size":"auto","background-attachment":"scroll","background-type":"","background-media":"","overlay-type":"","overlay-color":"","overlay-opacity":"","overlay-gradient":""}},"ast-content-background-meta":{"desktop":{"background-color":"var(--ast-global-color-5)","background-image":"","background-repeat":"repeat","background-position":"center center","background-size":"auto","background-attachment":"scroll","background-type":"","background-media":"","overlay-type":"","overlay-color":"","overlay-opacity":"","overlay-gradient":""},"tablet":{"background-color":"var(--ast-global-color-5)","background-image":"","background-repeat":"repeat","background-position":"center center","background-size":"auto","background-attachment":"scroll","background-type":"","background-media":"","overlay-type":"","overlay-color":"","overlay-opacity":"","overlay-gradient":""},"mobile":{"background-color":"var(--ast-global-color-5)","background-image":"","background-repeat":"repeat","background-position":"center center","background-size":"auto","background-attachment":"scroll","background-type":"","background-media":"","overlay-type":"","overlay-color":"","overlay-opacity":"","overlay-gradient":""}},"footnotes":""},"class_list":["post-3434","page","type-page","status-publish","hentry"],"yoast_head":"<!-- This site is optimized with the Yoast SEO plugin v27.5 - https:\/\/yoast.com\/product\/yoast-seo-wordpress\/ -->\n<title>NKT S.A. - Electricity 2026<\/title>\n<meta name=\"robots\" content=\"index, follow, max-snippet:-1, max-image-preview:large, max-video-preview:-1\" \/>\n<link rel=\"canonical\" href=\"https:\/\/electricity.entre.ee\/en\/nkt-s-a\/\" \/>\n<meta property=\"og:locale\" content=\"en_GB\" \/>\n<meta property=\"og:type\" content=\"article\" \/>\n<meta property=\"og:title\" content=\"NKT S.A. - Electricity 2026\" \/>\n<meta property=\"og:description\" content=\"NKT S.A. Stend K28 Kontakt www.nkt.com.pl Ul. Gajowa 3; 43-254 Warszowice; Poland Elektrikaablite ja -kaablite tootja ja t\u00e4isteenuste pakkuja NKT on olnud kaablit\u00f6\u00f6stuse teerajaja alates 1891. aastast. Teise t\u00f6\u00f6stusrevolutsiooni ajal hakkasime v\u00e4lja t\u00f6\u00f6tama v\u00e4ga uuenduslikke &#8211; tolle aja kohta &#8211; madalpingekaableid. Meie kaablid toetasid auru- ja vee-energia muundamist elektrienergiaks ning panid aluse kaasaegsele, mugavale elule, [&hellip;]\" \/>\n<meta property=\"og:url\" content=\"https:\/\/electricity.entre.ee\/en\/nkt-s-a\/\" \/>\n<meta property=\"og:site_name\" content=\"Electricity 2026\" \/>\n<meta property=\"article:modified_time\" content=\"2025-01-05T15:13:09+00:00\" \/>\n<meta property=\"og:image\" content=\"https:\/\/electricity.entre.ee\/wp-content\/uploads\/2024\/10\/NKT_NORDIC_BLUE_CMYK-01-300x114.png\" \/>\n<meta name=\"twitter:card\" content=\"summary_large_image\" \/>\n<meta name=\"twitter:label1\" content=\"Estimated reading time\" \/>\n\t<meta name=\"twitter:data1\" content=\"2 minutes\" \/>\n<script type=\"application\/ld+json\" class=\"yoast-schema-graph\">{\"@context\":\"https:\\\/\\\/schema.org\",\"@graph\":[{\"@type\":\"WebPage\",\"@id\":\"https:\\\/\\\/electricity.entre.ee\\\/nkt-s-a\\\/\",\"url\":\"https:\\\/\\\/electricity.entre.ee\\\/nkt-s-a\\\/\",\"name\":\"NKT S.A. - Electricity 2026\",\"isPartOf\":{\"@id\":\"https:\\\/\\\/electricity.entre.ee\\\/en\\\/#website\"},\"primaryImageOfPage\":{\"@id\":\"https:\\\/\\\/electricity.entre.ee\\\/nkt-s-a\\\/#primaryimage\"},\"image\":{\"@id\":\"https:\\\/\\\/electricity.entre.ee\\\/nkt-s-a\\\/#primaryimage\"},\"thumbnailUrl\":\"https:\\\/\\\/electricity.entre.ee\\\/wp-content\\\/uploads\\\/2024\\\/10\\\/NKT_NORDIC_BLUE_CMYK-01-300x114.png\",\"datePublished\":\"2024-10-23T20:11:29+00:00\",\"dateModified\":\"2025-01-05T15:13:09+00:00\",\"breadcrumb\":{\"@id\":\"https:\\\/\\\/electricity.entre.ee\\\/nkt-s-a\\\/#breadcrumb\"},\"inLanguage\":\"en-GB\",\"potentialAction\":[{\"@type\":\"ReadAction\",\"target\":[\"https:\\\/\\\/electricity.entre.ee\\\/nkt-s-a\\\/\"]}]},{\"@type\":\"ImageObject\",\"inLanguage\":\"en-GB\",\"@id\":\"https:\\\/\\\/electricity.entre.ee\\\/nkt-s-a\\\/#primaryimage\",\"url\":\"https:\\\/\\\/electricity.entre.ee\\\/wp-content\\\/uploads\\\/2024\\\/10\\\/NKT_NORDIC_BLUE_CMYK-01-300x114.png\",\"contentUrl\":\"https:\\\/\\\/electricity.entre.ee\\\/wp-content\\\/uploads\\\/2024\\\/10\\\/NKT_NORDIC_BLUE_CMYK-01-300x114.png\"},{\"@type\":\"BreadcrumbList\",\"@id\":\"https:\\\/\\\/electricity.entre.ee\\\/nkt-s-a\\\/#breadcrumb\",\"itemListElement\":[{\"@type\":\"ListItem\",\"position\":1,\"name\":\"Home\",\"item\":\"https:\\\/\\\/electricity.entre.ee\\\/\"},{\"@type\":\"ListItem\",\"position\":2,\"name\":\"NKT S.A.\"}]},{\"@type\":\"WebSite\",\"@id\":\"https:\\\/\\\/electricity.entre.ee\\\/en\\\/#website\",\"url\":\"https:\\\/\\\/electricity.entre.ee\\\/en\\\/\",\"name\":\"Entre- Sinu idee ja vajadus, minu v\u00e4rske ja p\u00fchendunud teostus.\",\"description\":\"\",\"publisher\":{\"@id\":\"https:\\\/\\\/electricity.entre.ee\\\/en\\\/#organization\"},\"potentialAction\":[{\"@type\":\"SearchAction\",\"target\":{\"@type\":\"EntryPoint\",\"urlTemplate\":\"https:\\\/\\\/electricity.entre.ee\\\/en\\\/?s={search_term_string}\"},\"query-input\":{\"@type\":\"PropertyValueSpecification\",\"valueRequired\":true,\"valueName\":\"search_term_string\"}}],\"inLanguage\":\"en-GB\"},{\"@type\":\"Organization\",\"@id\":\"https:\\\/\\\/electricity.entre.ee\\\/en\\\/#organization\",\"name\":\"Entre- Sinu idee ja vajadus, minu v\u00e4rske ja p\u00fchendunud teostus.\",\"url\":\"https:\\\/\\\/electricity.entre.ee\\\/en\\\/\",\"logo\":{\"@type\":\"ImageObject\",\"inLanguage\":\"en-GB\",\"@id\":\"https:\\\/\\\/electricity.entre.ee\\\/en\\\/#\\\/schema\\\/logo\\\/image\\\/\",\"url\":\"https:\\\/\\\/electricity.entre.ee\\\/wp-content\\\/uploads\\\/2025\\\/01\\\/download-16.png\",\"contentUrl\":\"https:\\\/\\\/electricity.entre.ee\\\/wp-content\\\/uploads\\\/2025\\\/01\\\/download-16.png\",\"width\":2008,\"height\":351,\"caption\":\"Entre- Sinu idee ja vajadus, minu v\u00e4rske ja p\u00fchendunud teostus.\"},\"image\":{\"@id\":\"https:\\\/\\\/electricity.entre.ee\\\/en\\\/#\\\/schema\\\/logo\\\/image\\\/\"}}]}<\/script>\n<!-- \/ Yoast SEO plugin. -->","yoast_head_json":{"title":"NKT S.A. - Electricity 2026","robots":{"index":"index","follow":"follow","max-snippet":"max-snippet:-1","max-image-preview":"max-image-preview:large","max-video-preview":"max-video-preview:-1"},"canonical":"https:\/\/electricity.entre.ee\/en\/nkt-s-a\/","og_locale":"en_GB","og_type":"article","og_title":"NKT S.A. - Electricity 2026","og_description":"NKT S.A. Stend K28 Kontakt www.nkt.com.pl Ul. Gajowa 3; 43-254 Warszowice; Poland Elektrikaablite ja -kaablite tootja ja t\u00e4isteenuste pakkuja NKT on olnud kaablit\u00f6\u00f6stuse teerajaja alates 1891. aastast. Teise t\u00f6\u00f6stusrevolutsiooni ajal hakkasime v\u00e4lja t\u00f6\u00f6tama v\u00e4ga uuenduslikke &#8211; tolle aja kohta &#8211; madalpingekaableid. Meie kaablid toetasid auru- ja vee-energia muundamist elektrienergiaks ning panid aluse kaasaegsele, mugavale elule, [&hellip;]","og_url":"https:\/\/electricity.entre.ee\/en\/nkt-s-a\/","og_site_name":"Electricity 2026","article_modified_time":"2025-01-05T15:13:09+00:00","og_image":[{"url":"https:\/\/electricity.entre.ee\/wp-content\/uploads\/2024\/10\/NKT_NORDIC_BLUE_CMYK-01-300x114.png","type":"","width":"","height":""}],"twitter_card":"summary_large_image","twitter_misc":{"Estimated reading time":"2 minutes"},"schema":{"@context":"https:\/\/schema.org","@graph":[{"@type":"WebPage","@id":"https:\/\/electricity.entre.ee\/nkt-s-a\/","url":"https:\/\/electricity.entre.ee\/nkt-s-a\/","name":"NKT S.A. - Electricity 2026","isPartOf":{"@id":"https:\/\/electricity.entre.ee\/en\/#website"},"primaryImageOfPage":{"@id":"https:\/\/electricity.entre.ee\/nkt-s-a\/#primaryimage"},"image":{"@id":"https:\/\/electricity.entre.ee\/nkt-s-a\/#primaryimage"},"thumbnailUrl":"https:\/\/electricity.entre.ee\/wp-content\/uploads\/2024\/10\/NKT_NORDIC_BLUE_CMYK-01-300x114.png","datePublished":"2024-10-23T20:11:29+00:00","dateModified":"2025-01-05T15:13:09+00:00","breadcrumb":{"@id":"https:\/\/electricity.entre.ee\/nkt-s-a\/#breadcrumb"},"inLanguage":"en-GB","potentialAction":[{"@type":"ReadAction","target":["https:\/\/electricity.entre.ee\/nkt-s-a\/"]}]},{"@type":"ImageObject","inLanguage":"en-GB","@id":"https:\/\/electricity.entre.ee\/nkt-s-a\/#primaryimage","url":"https:\/\/electricity.entre.ee\/wp-content\/uploads\/2024\/10\/NKT_NORDIC_BLUE_CMYK-01-300x114.png","contentUrl":"https:\/\/electricity.entre.ee\/wp-content\/uploads\/2024\/10\/NKT_NORDIC_BLUE_CMYK-01-300x114.png"},{"@type":"BreadcrumbList","@id":"https:\/\/electricity.entre.ee\/nkt-s-a\/#breadcrumb","itemListElement":[{"@type":"ListItem","position":1,"name":"Home","item":"https:\/\/electricity.entre.ee\/"},{"@type":"ListItem","position":2,"name":"NKT S.A."}]},{"@type":"WebSite","@id":"https:\/\/electricity.entre.ee\/en\/#website","url":"https:\/\/electricity.entre.ee\/en\/","name":"Entre- Sinu idee ja vajadus, minu v\u00e4rske ja p\u00fchendunud teostus.","description":"","publisher":{"@id":"https:\/\/electricity.entre.ee\/en\/#organization"},"potentialAction":[{"@type":"SearchAction","target":{"@type":"EntryPoint","urlTemplate":"https:\/\/electricity.entre.ee\/en\/?s={search_term_string}"},"query-input":{"@type":"PropertyValueSpecification","valueRequired":true,"valueName":"search_term_string"}}],"inLanguage":"en-GB"},{"@type":"Organization","@id":"https:\/\/electricity.entre.ee\/en\/#organization","name":"Entre- Sinu idee ja vajadus, minu v\u00e4rske ja p\u00fchendunud teostus.","url":"https:\/\/electricity.entre.ee\/en\/","logo":{"@type":"ImageObject","inLanguage":"en-GB","@id":"https:\/\/electricity.entre.ee\/en\/#\/schema\/logo\/image\/","url":"https:\/\/electricity.entre.ee\/wp-content\/uploads\/2025\/01\/download-16.png","contentUrl":"https:\/\/electricity.entre.ee\/wp-content\/uploads\/2025\/01\/download-16.png","width":2008,"height":351,"caption":"Entre- Sinu idee ja vajadus, minu v\u00e4rske ja p\u00fchendunud teostus."},"image":{"@id":"https:\/\/electricity.entre.ee\/en\/#\/schema\/logo\/image\/"}}]}},"_links":{"self":[{"href":"https:\/\/electricity.entre.ee\/en\/wp-json\/wp\/v2\/pages\/3434","targetHints":{"allow":["GET"]}}],"collection":[{"href":"https:\/\/electricity.entre.ee\/en\/wp-json\/wp\/v2\/pages"}],"about":[{"href":"https:\/\/electricity.entre.ee\/en\/wp-json\/wp\/v2\/types\/page"}],"author":[{"embeddable":true,"href":"https:\/\/electricity.entre.ee\/en\/wp-json\/wp\/v2\/users\/1"}],"replies":[{"embeddable":true,"href":"https:\/\/electricity.entre.ee\/en\/wp-json\/wp\/v2\/comments?post=3434"}],"version-history":[{"count":5,"href":"https:\/\/electricity.entre.ee\/en\/wp-json\/wp\/v2\/pages\/3434\/revisions"}],"predecessor-version":[{"id":5842,"href":"https:\/\/electricity.entre.ee\/en\/wp-json\/wp\/v2\/pages\/3434\/revisions\/5842"}],"wp:attachment":[{"href":"https:\/\/electricity.entre.ee\/en\/wp-json\/wp\/v2\/media?parent=3434"}],"curies":[{"name":"wp","href":"https:\/\/api.w.org\/{rel}","templated":true}]}}