{"id":3941,"date":"2024-10-30T05:24:01","date_gmt":"2024-10-30T05:24:01","guid":{"rendered":"https:\/\/electricity.entre.ee\/?page_id=3941"},"modified":"2026-04-27T06:38:50","modified_gmt":"2026-04-27T06:38:50","slug":"fronius-solar-energy","status":"publish","type":"page","link":"https:\/\/electricity.entre.ee\/en\/fronius-solar-energy\/","title":{"rendered":"Fronius Solar Energy"},"content":{"rendered":"<div data-elementor-type=\"wp-page\" data-elementor-id=\"3941\" class=\"elementor elementor-3941\">\n\t\t\t\t<div class=\"elementor-element elementor-element-b3d5d95 e-flex e-con-boxed e-con e-parent\" data-id=\"b3d5d95\" data-element_type=\"container\" data-e-type=\"container\" data-settings=\"{&quot;background_background&quot;:&quot;classic&quot;}\">\n\t\t\t\t\t<div class=\"e-con-inner\">\n\t\t\t\t\t<\/div>\n\t\t\t\t<\/div>\n\t\t<div class=\"elementor-element elementor-element-9d7bb93 e-flex e-con-boxed e-con e-parent\" data-id=\"9d7bb93\" data-element_type=\"container\" data-e-type=\"container\">\n\t\t\t\t\t<div class=\"e-con-inner\">\n\t\t\t\t<div class=\"elementor-element elementor-element-a986496 exad-sticky-section-no exad-glass-effect-no elementor-widget elementor-widget-spacer\" data-id=\"a986496\" data-element_type=\"widget\" data-e-type=\"widget\" data-widget_type=\"spacer.default\">\n\t\t\t\t<div class=\"elementor-widget-container\">\n\t\t\t\t\t\t\t<div class=\"elementor-spacer\">\n\t\t\t<div class=\"elementor-spacer-inner\"><\/div>\n\t\t<\/div>\n\t\t\t\t\t\t<\/div>\n\t\t\t\t<\/div>\n\t\t\t\t\t<\/div>\n\t\t\t\t<\/div>\n\t\t<div class=\"elementor-element elementor-element-84d926f e-flex e-con-boxed e-con e-parent\" data-id=\"84d926f\" data-element_type=\"container\" data-e-type=\"container\">\n\t\t\t\t\t<div class=\"e-con-inner\">\n\t\t\t\t<div class=\"elementor-element elementor-element-54c0180 exad-sticky-section-no exad-glass-effect-no elementor-widget elementor-widget-heading\" data-id=\"54c0180\" data-element_type=\"widget\" data-e-type=\"widget\" data-widget_type=\"heading.default\">\n\t\t\t\t<div class=\"elementor-widget-container\">\n\t\t\t\t\t<h2 class=\"elementor-heading-title elementor-size-default\">Fronius <\/h2>\t\t\t\t<\/div>\n\t\t\t\t<\/div>\n\t\t\t\t\t<\/div>\n\t\t\t\t<\/div>\n\t\t<div class=\"elementor-element elementor-element-bb72ef5 e-flex e-con-boxed e-con e-parent\" data-id=\"bb72ef5\" data-element_type=\"container\" data-e-type=\"container\">\n\t\t\t\t\t<div class=\"e-con-inner\">\n\t\t<div class=\"elementor-element elementor-element-95f3c60 e-con-full e-flex e-con e-child\" data-id=\"95f3c60\" data-element_type=\"container\" data-e-type=\"container\">\n\t\t\t\t<div class=\"elementor-element elementor-element-9d42f06 exad-sticky-section-no exad-glass-effect-no elementor-widget elementor-widget-icon-box\" data-id=\"9d42f06\" data-element_type=\"widget\" data-e-type=\"widget\" data-widget_type=\"icon-box.default\">\n\t\t\t\t<div class=\"elementor-widget-container\">\n\t\t\t\t\t\t\t<div class=\"elementor-icon-box-wrapper\">\n\n\t\t\t\n\t\t\t\t\t\t<div class=\"elementor-icon-box-content\">\n\n\t\t\t\t\t\t\t\t\t<h3 class=\"elementor-icon-box-title\">\n\t\t\t\t\t\t<span  >\n\t\t\t\t\t\t\tStand K28\t\t\t\t\t\t<\/span>\n\t\t\t\t\t<\/h3>\n\t\t\t\t\n\t\t\t\t\n\t\t\t<\/div>\n\t\t\t\n\t\t<\/div>\n\t\t\t\t\t\t<\/div>\n\t\t\t\t<\/div>\n\t\t\t\t<div class=\"exad-link-anything-wrapper elementor-element elementor-element-c542ae3 exad-sticky-section-no exad-glass-effect-no elementor-widget elementor-widget-image\" data-exad-element-link=\"{&quot;url&quot;:&quot;https:\\\/\\\/www.fronius.com\\\/et-ee\\\/estonia&quot;,&quot;is_external&quot;:&quot;on&quot;,&quot;nofollow&quot;:&quot;&quot;,&quot;custom_attributes&quot;:&quot;&quot;}\" style=\"cursor: pointer\" data-id=\"c542ae3\" data-element_type=\"widget\" data-e-type=\"widget\" data-widget_type=\"image.default\">\n\t\t\t\t<div class=\"elementor-widget-container\">\n\t\t\t\t\t\t\t\t\t\t\t\t\t\t\t<img decoding=\"async\" width=\"300\" height=\"83\" src=\"https:\/\/electricity.entre.ee\/wp-content\/uploads\/2024\/12\/Fronius-Solar-Energy-300x83.png\" class=\"attachment-medium size-medium wp-image-5059\" alt=\"Fronius Solar Energy\" srcset=\"https:\/\/electricity.entre.ee\/wp-content\/uploads\/2024\/12\/Fronius-Solar-Energy-300x83.png 300w, https:\/\/electricity.entre.ee\/wp-content\/uploads\/2024\/12\/Fronius-Solar-Energy-18x5.png 18w, https:\/\/electricity.entre.ee\/wp-content\/uploads\/2024\/12\/Fronius-Solar-Energy.png 426w\" sizes=\"(max-width: 300px) 100vw, 300px\" \/>\t\t\t\t\t\t\t\t\t\t\t\t\t\t\t<\/div>\n\t\t\t\t<\/div>\n\t\t\t\t<\/div>\n\t\t<div class=\"elementor-element elementor-element-1ab3508 e-con-full e-flex e-con e-child\" data-id=\"1ab3508\" data-element_type=\"container\" data-e-type=\"container\">\n\t\t\t\t<div class=\"elementor-element elementor-element-77b0aff exad-sticky-section-no exad-glass-effect-no elementor-widget elementor-widget-heading\" data-id=\"77b0aff\" data-element_type=\"widget\" data-e-type=\"widget\" data-widget_type=\"heading.default\">\n\t\t\t\t<div class=\"elementor-widget-container\">\n\t\t\t\t\t<h2 class=\"elementor-heading-title elementor-size-default\">Contact<\/h2>\t\t\t\t<\/div>\n\t\t\t\t<\/div>\n\t\t\t\t<div class=\"elementor-element elementor-element-baeec82 elementor-icon-list--layout-traditional elementor-list-item-link-full_width exad-sticky-section-no exad-glass-effect-no elementor-widget elementor-widget-icon-list\" data-id=\"baeec82\" data-element_type=\"widget\" data-e-type=\"widget\" data-widget_type=\"icon-list.default\">\n\t\t\t\t<div class=\"elementor-widget-container\">\n\t\t\t\t\t\t\t<ul class=\"elementor-icon-list-items\">\n\t\t\t\t\t\t\t<li class=\"elementor-icon-list-item\">\n\t\t\t\t\t\t\t\t\t\t\t<a href=\"https:\/\/www.fronius.com\/et-ee\/estonia\" target=\"_blank\">\n\n\t\t\t\t\t\t\t\t\t\t\t\t<span class=\"elementor-icon-list-icon\">\n\t\t\t\t\t\t\t<svg aria-hidden=\"true\" class=\"e-font-icon-svg e-fas-globe\" viewbox=\"0 0 496 512\" xmlns=\"http:\/\/www.w3.org\/2000\/svg\"><path d=\"M336.5 160C322 70.7 287.8 8 248 8s-74 62.7-88.5 152h177zM152 256c0 22.2 1.2 43.5 3.3 64h185.3c2.1-20.5 3.3-41.8 3.3-64s-1.2-43.5-3.3-64H155.3c-2.1 20.5-3.3 41.8-3.3 64zm324.7-96c-28.6-67.9-86.5-120.4-158-141.6 24.4 33.8 41.2 84.7 50 141.6h108zM177.2 18.4C105.8 39.6 47.8 92.1 19.3 160h108c8.7-56.9 25.5-107.8 49.9-141.6zM487.4 192H372.7c2.1 21 3.3 42.5 3.3 64s-1.2 43-3.3 64h114.6c5.5-20.5 8.6-41.8 8.6-64s-3.1-43.5-8.5-64zM120 256c0-21.5 1.2-43 3.3-64H8.6C3.2 212.5 0 233.8 0 256s3.2 43.5 8.6 64h114.6c-2-21-3.2-42.5-3.2-64zm39.5 96c14.5 89.3 48.7 152 88.5 152s74-62.7 88.5-152h-177zm159.3 141.6c71.4-21.2 129.4-73.7 158-141.6h-108c-8.8 56.9-25.6 107.8-50 141.6zM19.3 352c28.6 67.9 86.5 120.4 158 141.6-24.4-33.8-41.2-84.7-50-141.6h-108z\"><\/path><\/svg>\t\t\t\t\t\t<\/span>\n\t\t\t\t\t\t\t\t\t\t<span class=\"elementor-icon-list-text\">https:\/\/www.fronius.com\/en\/solar-energy\/installers-partners<\/span>\n\t\t\t\t\t\t\t\t\t\t\t<\/a>\n\t\t\t\t\t\t\t\t\t<\/li>\n\t\t\t\t\t\t\t\t<li class=\"elementor-icon-list-item\">\n\t\t\t\t\t\t\t\t\t\t\t<a href=\"mailto:pv-sales.marketing@fronius.com\" target=\"_blank\">\n\n\t\t\t\t\t\t\t\t\t\t\t\t<span class=\"elementor-icon-list-icon\">\n\t\t\t\t\t\t\t<i aria-hidden=\"true\" class=\"icon icon-email\"><\/i>\t\t\t\t\t\t<\/span>\n\t\t\t\t\t\t\t\t\t\t<span class=\"elementor-icon-list-text\">pv-sales.marketing@fronius.com<\/span>\n\t\t\t\t\t\t\t\t\t\t\t<\/a>\n\t\t\t\t\t\t\t\t\t<\/li>\n\t\t\t\t\t\t\t\t<li class=\"elementor-icon-list-item\">\n\t\t\t\t\t\t\t\t\t\t\t<a href=\"https:\/\/share.google\/kfJUkoj8dYZPwZPjF\" target=\"_blank\">\n\n\t\t\t\t\t\t\t\t\t\t\t\t<span class=\"elementor-icon-list-icon\">\n\t\t\t\t\t\t\t<svg aria-hidden=\"true\" class=\"e-font-icon-svg e-fas-map-marker-alt\" viewbox=\"0 0 384 512\" xmlns=\"http:\/\/www.w3.org\/2000\/svg\"><path d=\"M172.268 501.67C26.97 291.031 0 269.413 0 192 0 85.961 85.961 0 192 0s192 85.961 192 192c0 77.413-26.97 99.031-172.268 309.67-9.535 13.774-29.93 13.773-39.464 0zM192 272c44.183 0 80-35.817 80-80s-35.817-80-80-80-80 35.817-80 80 35.817 80 80 80z\"><\/path><\/svg>\t\t\t\t\t\t<\/span>\n\t\t\t\t\t\t\t\t\t\t<span class=\"elementor-icon-list-text\">Fronius International GmbH Sales International Froniusplatz 1, A-4600 Wels<\/span>\n\t\t\t\t\t\t\t\t\t\t\t<\/a>\n\t\t\t\t\t\t\t\t\t<\/li>\n\t\t\t\t\t\t<\/ul>\n\t\t\t\t\t\t<\/div>\n\t\t\t\t<\/div>\n\t\t\t\t<\/div>\n\t\t\t\t\t<\/div>\n\t\t\t\t<\/div>\n\t\t<div class=\"elementor-element elementor-element-369513a e-flex e-con-boxed e-con e-parent\" data-id=\"369513a\" data-element_type=\"container\" data-e-type=\"container\">\n\t\t\t\t\t<div class=\"e-con-inner\">\n\t\t\t\t<div class=\"elementor-element elementor-element-8629c14 exad-sticky-section-no exad-glass-effect-no elementor-widget elementor-widget-text-editor\" data-id=\"8629c14\" data-element_type=\"widget\" data-e-type=\"widget\" data-widget_type=\"text-editor.default\">\n\t\t\t\t<div class=\"elementor-widget-container\">\n\t\t\t\t\t\t\t\t\t<p data-start=\"233\" data-end=\"602\">2024.aasta l\u00f5pu seisuga t\u00f6\u00f6tab meil \u00fcle maailma ligikaudu 6 700 t\u00f6\u00f6tajat, meie ekspordiosakaal on 90% ning meil on 1 752 aktiivset patenti \u2013 see olemegi meie, Fronius. Asutatud 1945. aastal regionaalse \u00fchemeheettev\u00f5ttena, oleme t\u00e4naseks kasvanud globaalseks tegijaks. Seda kinnitavad meie 37 rahvusvahelist t\u00fctarettev\u00f5tet ning m\u00fc\u00fcgipartnerite v\u00f5rgustik enam kui 60 riigis.<\/p><p data-start=\"604\" data-end=\"954\" class=\"translation-block\">And yet, at heart, we are still a family-owned company from Austria, active in the electrical and electronics industry. Fronius Welding continuously revolutionizes welding technology, while Fronius Solar &amp; Energy focuses on making the best possible use of solar energy and optimizing battery charging systems for intralogistics.<\/p><p data-start=\"956\" data-end=\"1271\">We have been pursuing a clear goal for 80 years now: researching electricity and putting it to efficient use as the fuel of the future. We develop products and solutions for a future worth living in, offering our customers an all-in-one package in the process: from advance planning and consulting to ongoing monitoring and services tailored to their specific needs.<\/p><p data-start=\"1273\" data-end=\"1344\" class=\"translation-block\">We are innovative. \nWe are curious. \nWe are Fronius.<\/p>\t\t\t\t\t\t\t\t<\/div>\n\t\t\t\t<\/div>\n\t\t\t\t<div class=\"elementor-element elementor-element-4611de5 exad-sticky-section-no exad-glass-effect-no elementor-widget elementor-widget-text-editor\" data-id=\"4611de5\" data-element_type=\"widget\" data-e-type=\"widget\" data-widget_type=\"text-editor.default\">\n\t\t\t\t<div class=\"elementor-widget-container\">\n\t\t\t\t\t\t\t\t\t<h3 data-start=\"1351\" data-end=\"1381\"><strong data-start=\"1355\" data-end=\"1381\">Fronius Solar &amp; Energy<\/strong><\/h3><p data-start=\"1383\" data-end=\"1715\">We create energy solutions for an emissions-free future: in private homes, on farms, in small and medium-sized enterprises, and for large-scale commercial and industrial projects. Our innovative products are the answer for using solar energy as a power supply, for heating and air conditioning, and to charge electric vehicles.<\/p><p data-start=\"1717\" data-end=\"1844\">We also offer charging solutions for traction batteries in intralogistics and for starter batteries in vehicle workshops.<\/p>\t\t\t\t\t\t\t\t<\/div>\n\t\t\t\t<\/div>\n\t\t\t\t<div class=\"elementor-element elementor-element-9ca0fa4 exad-sticky-section-no exad-glass-effect-no elementor-widget elementor-widget-video\" data-id=\"9ca0fa4\" data-element_type=\"widget\" data-e-type=\"widget\" data-settings=\"{&quot;youtube_url&quot;:&quot;https:\\\/\\\/www.youtube.com\\\/watch?v=GXPIr9PDh3g&quot;,&quot;video_type&quot;:&quot;youtube&quot;,&quot;controls&quot;:&quot;yes&quot;}\" data-widget_type=\"video.default\">\n\t\t\t\t<div class=\"elementor-widget-container\">\n\t\t\t\t\t\t\t<div class=\"elementor-wrapper elementor-open-inline\">\n\t\t\t<div class=\"elementor-video\"><\/div>\t\t<\/div>\n\t\t\t\t\t\t<\/div>\n\t\t\t\t<\/div>\n\t\t\t\t\t<\/div>\n\t\t\t\t<\/div>\n\t\t\t\t<\/div>","protected":false},"excerpt":{"rendered":"<p>Fronius Stend K28 Kontakt https:\/\/www.fronius.com\/en\/solar-energy\/installers-partners pv-sales.marketing@fronius.com Fronius International GmbH Sales International Froniusplatz 1, A-4600 Wels 2024.aasta l\u00f5pu seisuga t\u00f6\u00f6tab meil \u00fcle maailma ligikaudu 6 700 t\u00f6\u00f6tajat, meie ekspordiosakaal on 90% ning meil on 1 752 aktiivset patenti \u2013 see olemegi meie, Fronius. Asutatud 1945. aastal regionaalse \u00fchemeheettev\u00f5ttena, oleme t\u00e4naseks kasvanud globaalseks tegijaks. Seda kinnitavad meie [&hellip;]<\/p>\n","protected":false},"author":1,"featured_media":0,"parent":0,"menu_order":0,"comment_status":"closed","ping_status":"closed","template":"","meta":{"_monsterinsights_skip_tracking":false,"_monsterinsights_sitenote_active":false,"_monsterinsights_sitenote_note":"","_monsterinsights_sitenote_category":0,"site-sidebar-layout":"no-sidebar","site-content-layout":"page-builder","ast-site-content-layout":"full-width-container","site-content-style":"unboxed","site-sidebar-style":"unboxed","ast-global-header-display":"","ast-banner-title-visibility":"","ast-main-header-display":"","ast-hfb-above-header-display":"","ast-hfb-below-header-display":"","ast-hfb-mobile-header-display":"","site-post-title":"disabled","ast-breadcrumbs-content":"","ast-featured-img":"disabled","footer-sml-layout":"","ast-disable-related-posts":"","theme-transparent-header-meta":"disabled","adv-header-id-meta":"","stick-header-meta":"default","header-above-stick-meta":"","header-main-stick-meta":"","header-below-stick-meta":"","astra-migrate-meta-layouts":"set","ast-page-background-enabled":"default","ast-page-background-meta":{"desktop":{"background-color":"","background-image":"","background-repeat":"repeat","background-position":"center center","background-size":"auto","background-attachment":"scroll","background-type":"","background-media":"","overlay-type":"","overlay-color":"","overlay-opacity":"","overlay-gradient":""},"tablet":{"background-color":"","background-image":"","background-repeat":"repeat","background-position":"center center","background-size":"auto","background-attachment":"scroll","background-type":"","background-media":"","overlay-type":"","overlay-color":"","overlay-opacity":"","overlay-gradient":""},"mobile":{"background-color":"","background-image":"","background-repeat":"repeat","background-position":"center center","background-size":"auto","background-attachment":"scroll","background-type":"","background-media":"","overlay-type":"","overlay-color":"","overlay-opacity":"","overlay-gradient":""}},"ast-content-background-meta":{"desktop":{"background-color":"var(--ast-global-color-5)","background-image":"","background-repeat":"repeat","background-position":"center center","background-size":"auto","background-attachment":"scroll","background-type":"","background-media":"","overlay-type":"","overlay-color":"","overlay-opacity":"","overlay-gradient":""},"tablet":{"background-color":"var(--ast-global-color-5)","background-image":"","background-repeat":"repeat","background-position":"center center","background-size":"auto","background-attachment":"scroll","background-type":"","background-media":"","overlay-type":"","overlay-color":"","overlay-opacity":"","overlay-gradient":""},"mobile":{"background-color":"var(--ast-global-color-5)","background-image":"","background-repeat":"repeat","background-position":"center center","background-size":"auto","background-attachment":"scroll","background-type":"","background-media":"","overlay-type":"","overlay-color":"","overlay-opacity":"","overlay-gradient":""}},"footnotes":""},"class_list":["post-3941","page","type-page","status-publish","hentry"],"yoast_head":"<!-- This site is optimized with the Yoast SEO plugin v27.4 - https:\/\/yoast.com\/product\/yoast-seo-wordpress\/ -->\n<title>Fronius Solar Energy - Electricity 2026<\/title>\n<meta name=\"robots\" content=\"index, follow, max-snippet:-1, max-image-preview:large, max-video-preview:-1\" \/>\n<link rel=\"canonical\" href=\"https:\/\/electricity.entre.ee\/en\/fronius-solar-energy\/\" \/>\n<meta property=\"og:locale\" content=\"en_GB\" \/>\n<meta property=\"og:type\" content=\"article\" \/>\n<meta property=\"og:title\" content=\"Fronius Solar Energy - Electricity 2026\" \/>\n<meta property=\"og:description\" content=\"Fronius Stend K28 Kontakt https:\/\/www.fronius.com\/en\/solar-energy\/installers-partners pv-sales.marketing@fronius.com Fronius International GmbH Sales International Froniusplatz 1, A-4600 Wels 2024.aasta l\u00f5pu seisuga t\u00f6\u00f6tab meil \u00fcle maailma ligikaudu 6 700 t\u00f6\u00f6tajat, meie ekspordiosakaal on 90% ning meil on 1 752 aktiivset patenti \u2013 see olemegi meie, Fronius. Asutatud 1945. aastal regionaalse \u00fchemeheettev\u00f5ttena, oleme t\u00e4naseks kasvanud globaalseks tegijaks. Seda kinnitavad meie [&hellip;]\" \/>\n<meta property=\"og:url\" content=\"https:\/\/electricity.entre.ee\/en\/fronius-solar-energy\/\" \/>\n<meta property=\"og:site_name\" content=\"Electricity 2026\" \/>\n<meta property=\"article:modified_time\" content=\"2026-04-27T06:38:50+00:00\" \/>\n<meta property=\"og:image\" content=\"https:\/\/electricity.entre.ee\/wp-content\/uploads\/2024\/12\/Fronius-Solar-Energy.png\" \/>\n\t<meta property=\"og:image:width\" content=\"426\" \/>\n\t<meta property=\"og:image:height\" content=\"118\" \/>\n\t<meta property=\"og:image:type\" content=\"image\/png\" \/>\n<meta name=\"twitter:card\" content=\"summary_large_image\" \/>\n<meta name=\"twitter:label1\" content=\"Estimated reading time\" \/>\n\t<meta name=\"twitter:data1\" content=\"2 minutes\" \/>\n<script type=\"application\/ld+json\" class=\"yoast-schema-graph\">{\"@context\":\"https:\\\/\\\/schema.org\",\"@graph\":[{\"@type\":\"WebPage\",\"@id\":\"https:\\\/\\\/electricity.entre.ee\\\/fronius-solar-energy\\\/\",\"url\":\"https:\\\/\\\/electricity.entre.ee\\\/fronius-solar-energy\\\/\",\"name\":\"Fronius Solar Energy - Electricity 2026\",\"isPartOf\":{\"@id\":\"https:\\\/\\\/electricity.entre.ee\\\/en\\\/#website\"},\"primaryImageOfPage\":{\"@id\":\"https:\\\/\\\/electricity.entre.ee\\\/fronius-solar-energy\\\/#primaryimage\"},\"image\":{\"@id\":\"https:\\\/\\\/electricity.entre.ee\\\/fronius-solar-energy\\\/#primaryimage\"},\"thumbnailUrl\":\"https:\\\/\\\/electricity.entre.ee\\\/wp-content\\\/uploads\\\/2024\\\/12\\\/Fronius-Solar-Energy-300x83.png\",\"datePublished\":\"2024-10-30T05:24:01+00:00\",\"dateModified\":\"2026-04-27T06:38:50+00:00\",\"breadcrumb\":{\"@id\":\"https:\\\/\\\/electricity.entre.ee\\\/fronius-solar-energy\\\/#breadcrumb\"},\"inLanguage\":\"en-GB\",\"potentialAction\":[{\"@type\":\"ReadAction\",\"target\":[\"https:\\\/\\\/electricity.entre.ee\\\/fronius-solar-energy\\\/\"]}]},{\"@type\":\"ImageObject\",\"inLanguage\":\"en-GB\",\"@id\":\"https:\\\/\\\/electricity.entre.ee\\\/fronius-solar-energy\\\/#primaryimage\",\"url\":\"https:\\\/\\\/electricity.entre.ee\\\/wp-content\\\/uploads\\\/2024\\\/12\\\/Fronius-Solar-Energy-300x83.png\",\"contentUrl\":\"https:\\\/\\\/electricity.entre.ee\\\/wp-content\\\/uploads\\\/2024\\\/12\\\/Fronius-Solar-Energy-300x83.png\"},{\"@type\":\"BreadcrumbList\",\"@id\":\"https:\\\/\\\/electricity.entre.ee\\\/fronius-solar-energy\\\/#breadcrumb\",\"itemListElement\":[{\"@type\":\"ListItem\",\"position\":1,\"name\":\"Home\",\"item\":\"https:\\\/\\\/electricity.entre.ee\\\/\"},{\"@type\":\"ListItem\",\"position\":2,\"name\":\"Fronius Solar Energy\"}]},{\"@type\":\"WebSite\",\"@id\":\"https:\\\/\\\/electricity.entre.ee\\\/en\\\/#website\",\"url\":\"https:\\\/\\\/electricity.entre.ee\\\/en\\\/\",\"name\":\"Entre- Sinu idee ja vajadus, minu v\u00e4rske ja p\u00fchendunud teostus.\",\"description\":\"\",\"publisher\":{\"@id\":\"https:\\\/\\\/electricity.entre.ee\\\/en\\\/#organization\"},\"potentialAction\":[{\"@type\":\"SearchAction\",\"target\":{\"@type\":\"EntryPoint\",\"urlTemplate\":\"https:\\\/\\\/electricity.entre.ee\\\/en\\\/?s={search_term_string}\"},\"query-input\":{\"@type\":\"PropertyValueSpecification\",\"valueRequired\":true,\"valueName\":\"search_term_string\"}}],\"inLanguage\":\"en-GB\"},{\"@type\":\"Organization\",\"@id\":\"https:\\\/\\\/electricity.entre.ee\\\/en\\\/#organization\",\"name\":\"Entre- Sinu idee ja vajadus, minu v\u00e4rske ja p\u00fchendunud teostus.\",\"url\":\"https:\\\/\\\/electricity.entre.ee\\\/en\\\/\",\"logo\":{\"@type\":\"ImageObject\",\"inLanguage\":\"en-GB\",\"@id\":\"https:\\\/\\\/electricity.entre.ee\\\/en\\\/#\\\/schema\\\/logo\\\/image\\\/\",\"url\":\"https:\\\/\\\/electricity.entre.ee\\\/wp-content\\\/uploads\\\/2025\\\/01\\\/download-16.png\",\"contentUrl\":\"https:\\\/\\\/electricity.entre.ee\\\/wp-content\\\/uploads\\\/2025\\\/01\\\/download-16.png\",\"width\":2008,\"height\":351,\"caption\":\"Entre- Sinu idee ja vajadus, minu v\u00e4rske ja p\u00fchendunud teostus.\"},\"image\":{\"@id\":\"https:\\\/\\\/electricity.entre.ee\\\/en\\\/#\\\/schema\\\/logo\\\/image\\\/\"}}]}<\/script>\n<!-- \/ Yoast SEO plugin. -->","yoast_head_json":{"title":"Fronius Solar Energy - Electricity 2026","robots":{"index":"index","follow":"follow","max-snippet":"max-snippet:-1","max-image-preview":"max-image-preview:large","max-video-preview":"max-video-preview:-1"},"canonical":"https:\/\/electricity.entre.ee\/en\/fronius-solar-energy\/","og_locale":"en_GB","og_type":"article","og_title":"Fronius Solar Energy - Electricity 2026","og_description":"Fronius Stend K28 Kontakt https:\/\/www.fronius.com\/en\/solar-energy\/installers-partners pv-sales.marketing@fronius.com Fronius International GmbH Sales International Froniusplatz 1, A-4600 Wels 2024.aasta l\u00f5pu seisuga t\u00f6\u00f6tab meil \u00fcle maailma ligikaudu 6 700 t\u00f6\u00f6tajat, meie ekspordiosakaal on 90% ning meil on 1 752 aktiivset patenti \u2013 see olemegi meie, Fronius. Asutatud 1945. aastal regionaalse \u00fchemeheettev\u00f5ttena, oleme t\u00e4naseks kasvanud globaalseks tegijaks. Seda kinnitavad meie [&hellip;]","og_url":"https:\/\/electricity.entre.ee\/en\/fronius-solar-energy\/","og_site_name":"Electricity 2026","article_modified_time":"2026-04-27T06:38:50+00:00","og_image":[{"width":426,"height":118,"url":"https:\/\/electricity.entre.ee\/wp-content\/uploads\/2024\/12\/Fronius-Solar-Energy.png","type":"image\/png"}],"twitter_card":"summary_large_image","twitter_misc":{"Estimated reading time":"2 minutes"},"schema":{"@context":"https:\/\/schema.org","@graph":[{"@type":"WebPage","@id":"https:\/\/electricity.entre.ee\/fronius-solar-energy\/","url":"https:\/\/electricity.entre.ee\/fronius-solar-energy\/","name":"Fronius Solar Energy - Electricity 2026","isPartOf":{"@id":"https:\/\/electricity.entre.ee\/en\/#website"},"primaryImageOfPage":{"@id":"https:\/\/electricity.entre.ee\/fronius-solar-energy\/#primaryimage"},"image":{"@id":"https:\/\/electricity.entre.ee\/fronius-solar-energy\/#primaryimage"},"thumbnailUrl":"https:\/\/electricity.entre.ee\/wp-content\/uploads\/2024\/12\/Fronius-Solar-Energy-300x83.png","datePublished":"2024-10-30T05:24:01+00:00","dateModified":"2026-04-27T06:38:50+00:00","breadcrumb":{"@id":"https:\/\/electricity.entre.ee\/fronius-solar-energy\/#breadcrumb"},"inLanguage":"en-GB","potentialAction":[{"@type":"ReadAction","target":["https:\/\/electricity.entre.ee\/fronius-solar-energy\/"]}]},{"@type":"ImageObject","inLanguage":"en-GB","@id":"https:\/\/electricity.entre.ee\/fronius-solar-energy\/#primaryimage","url":"https:\/\/electricity.entre.ee\/wp-content\/uploads\/2024\/12\/Fronius-Solar-Energy-300x83.png","contentUrl":"https:\/\/electricity.entre.ee\/wp-content\/uploads\/2024\/12\/Fronius-Solar-Energy-300x83.png"},{"@type":"BreadcrumbList","@id":"https:\/\/electricity.entre.ee\/fronius-solar-energy\/#breadcrumb","itemListElement":[{"@type":"ListItem","position":1,"name":"Home","item":"https:\/\/electricity.entre.ee\/"},{"@type":"ListItem","position":2,"name":"Fronius Solar Energy"}]},{"@type":"WebSite","@id":"https:\/\/electricity.entre.ee\/en\/#website","url":"https:\/\/electricity.entre.ee\/en\/","name":"Entre- Sinu idee ja vajadus, minu v\u00e4rske ja p\u00fchendunud teostus.","description":"","publisher":{"@id":"https:\/\/electricity.entre.ee\/en\/#organization"},"potentialAction":[{"@type":"SearchAction","target":{"@type":"EntryPoint","urlTemplate":"https:\/\/electricity.entre.ee\/en\/?s={search_term_string}"},"query-input":{"@type":"PropertyValueSpecification","valueRequired":true,"valueName":"search_term_string"}}],"inLanguage":"en-GB"},{"@type":"Organization","@id":"https:\/\/electricity.entre.ee\/en\/#organization","name":"Entre- Sinu idee ja vajadus, minu v\u00e4rske ja p\u00fchendunud teostus.","url":"https:\/\/electricity.entre.ee\/en\/","logo":{"@type":"ImageObject","inLanguage":"en-GB","@id":"https:\/\/electricity.entre.ee\/en\/#\/schema\/logo\/image\/","url":"https:\/\/electricity.entre.ee\/wp-content\/uploads\/2025\/01\/download-16.png","contentUrl":"https:\/\/electricity.entre.ee\/wp-content\/uploads\/2025\/01\/download-16.png","width":2008,"height":351,"caption":"Entre- Sinu idee ja vajadus, minu v\u00e4rske ja p\u00fchendunud teostus."},"image":{"@id":"https:\/\/electricity.entre.ee\/en\/#\/schema\/logo\/image\/"}}]}},"_links":{"self":[{"href":"https:\/\/electricity.entre.ee\/en\/wp-json\/wp\/v2\/pages\/3941","targetHints":{"allow":["GET"]}}],"collection":[{"href":"https:\/\/electricity.entre.ee\/en\/wp-json\/wp\/v2\/pages"}],"about":[{"href":"https:\/\/electricity.entre.ee\/en\/wp-json\/wp\/v2\/types\/page"}],"author":[{"embeddable":true,"href":"https:\/\/electricity.entre.ee\/en\/wp-json\/wp\/v2\/users\/1"}],"replies":[{"embeddable":true,"href":"https:\/\/electricity.entre.ee\/en\/wp-json\/wp\/v2\/comments?post=3941"}],"version-history":[{"count":8,"href":"https:\/\/electricity.entre.ee\/en\/wp-json\/wp\/v2\/pages\/3941\/revisions"}],"predecessor-version":[{"id":7632,"href":"https:\/\/electricity.entre.ee\/en\/wp-json\/wp\/v2\/pages\/3941\/revisions\/7632"}],"wp:attachment":[{"href":"https:\/\/electricity.entre.ee\/en\/wp-json\/wp\/v2\/media?parent=3941"}],"curies":[{"name":"wp","href":"https:\/\/api.w.org\/{rel}","templated":true}]}}