{"id":4109,"date":"2024-12-17T19:23:05","date_gmt":"2024-12-17T19:23:05","guid":{"rendered":"https:\/\/electricity.entre.ee\/?page_id=4109"},"modified":"2025-01-07T09:51:26","modified_gmt":"2025-01-07T09:51:26","slug":"toimumiskoht","status":"publish","type":"page","link":"https:\/\/electricity.entre.ee\/en\/toimumiskoht\/","title":{"rendered":"Venue"},"content":{"rendered":"<div data-elementor-type=\"wp-page\" data-elementor-id=\"4109\" class=\"elementor elementor-4109\">\n\t\t\t\t<div class=\"elementor-element elementor-element-2197711 e-grid e-con-full e-con e-parent\" data-id=\"2197711\" data-element_type=\"container\" data-e-type=\"container\" data-settings=\"{&quot;background_background&quot;:&quot;classic&quot;}\">\n\t\t\t\t<\/div>\n\t\t<div class=\"elementor-element elementor-element-d42f441 e-flex e-con-boxed e-con e-parent\" data-id=\"d42f441\" data-element_type=\"container\" data-e-type=\"container\">\n\t\t\t\t\t<div class=\"e-con-inner\">\n\t\t\t\t<div class=\"elementor-element elementor-element-4434d74 exad-sticky-section-no exad-glass-effect-no elementor-widget elementor-widget-spacer\" data-id=\"4434d74\" data-element_type=\"widget\" data-e-type=\"widget\" data-widget_type=\"spacer.default\">\n\t\t\t\t<div class=\"elementor-widget-container\">\n\t\t\t\t\t\t\t<div class=\"elementor-spacer\">\n\t\t\t<div class=\"elementor-spacer-inner\"><\/div>\n\t\t<\/div>\n\t\t\t\t\t\t<\/div>\n\t\t\t\t<\/div>\n\t\t\t\t<div class=\"elementor-element elementor-element-09996d7 exad-sticky-section-no exad-glass-effect-no elementor-widget elementor-widget-heading\" data-id=\"09996d7\" data-element_type=\"widget\" data-e-type=\"widget\" data-widget_type=\"heading.default\">\n\t\t\t\t<div class=\"elementor-widget-container\">\n\t\t\t\t\t<h2 class=\"elementor-heading-title elementor-size-default\">Venue<\/h2>\t\t\t\t<\/div>\n\t\t\t\t<\/div>\n\t\t\t\t\t<\/div>\n\t\t\t\t<\/div>\n\t\t<div class=\"elementor-element elementor-element-2e60d46 e-flex e-con-boxed e-con e-parent\" data-id=\"2e60d46\" data-element_type=\"container\" data-e-type=\"container\">\n\t\t\t\t\t<div class=\"e-con-inner\">\n\t\t\t\t<div class=\"elementor-element elementor-element-396b752 exad-sticky-section-no exad-glass-effect-no elementor-widget elementor-widget-spacer\" data-id=\"396b752\" data-element_type=\"widget\" data-e-type=\"widget\" data-widget_type=\"spacer.default\">\n\t\t\t\t<div class=\"elementor-widget-container\">\n\t\t\t\t\t\t\t<div class=\"elementor-spacer\">\n\t\t\t<div class=\"elementor-spacer-inner\"><\/div>\n\t\t<\/div>\n\t\t\t\t\t\t<\/div>\n\t\t\t\t<\/div>\n\t\t\t\t\t<\/div>\n\t\t\t\t<\/div>\n\t\t<div class=\"elementor-element elementor-element-fbf83fb e-flex e-con-boxed e-con e-parent\" data-id=\"fbf83fb\" data-element_type=\"container\" data-e-type=\"container\">\n\t\t\t\t\t<div class=\"e-con-inner\">\n\t\t\t\t<div class=\"elementor-element elementor-element-8c02f44 exad-sticky-section-no exad-glass-effect-no elementor-widget elementor-widget-text-editor\" data-id=\"8c02f44\" data-element_type=\"widget\" data-e-type=\"widget\" data-widget_type=\"text-editor.default\">\n\t\t\t\t<div class=\"elementor-widget-container\">\n\t\t\t\t\t\t\t\t\t<div class=\"w100 WB PT summary\"><h2><strong>The Creative Cub (Kultuurikatel), Kursi tn 3, Tallinn<\/strong><\/h2><p>\u00a0Events  will be hosted in the Creative Hub.<\/p><p>The Creative Hub is an event and a creative space located in what was once the building of the central power plant of Tallinn. The power plant was completed in 1913 and operated for 66 years. In 1977, the facility of the power plant along with Rotermann City were one of the main shooting locations for Andrei Tarkosky\u2019s film Stalker. Now, the facility has been reconstructed and serves as a space where it is possible to organise events and where many creative businesses have found a home. The Creative Hub is located near Tallinn Old Town and is easily accessible via public transport.\u00a0<\/p><p class=\"translation-block\">The information is based on materials introducing the Creative Hub and its history on the Creative Hub website.\n\nHeader photo by: Kaupo Kalda<\/p><\/div><div id=\"1674475875-7953-1\" class=\"tailwind-wrapper my-9 lg:my-11\"><div class=\"container tailwind-wrapper\"><h2 class=\"mb-6 font-normal text-2xl lg:text-3xl text-left\">How to get here?<\/h2><div class=\"!wysiwyg clearfix\"><p>The Creative Hub is located in the heart of Tallinn within walking distance from the Old Town on the border of Kalamaja. Viru Gate and the Port of Tallinn are only a few hundred metres away. The distance to the airport is 6.5 kilometres.<\/p><p>You can easily reach the Creative Hub via public transport, and taxis have good access, too. You can park in the nearby car parks.<\/p><ul><li>Buses no. 3 (Veerenni\u2013Randla\u2013Veerenni), 21 (Balti jaam\u2013Landi), 21B (Balti jaam\u2013Kakum\u00e4e), 41 (Balti jaam\u2013Landi), 41B (Balti jaam\u2013Kakum\u00e4e), 66 (Priisle\u2013Pelguranna\u2013Priisle) and 73 (Veerenni\u2013T\u00f6\u00f6stuse\u2013Veerenni) also stop here.<\/li><li>Visitors of the Tallinn Creative Hub can park their cars in the paid parking spaces near Tallinn City Hall.<\/li><\/ul><\/div><\/div><\/div>\t\t\t\t\t\t\t\t<\/div>\n\t\t\t\t<\/div>\n\t\t\t\t\t<\/div>\n\t\t\t\t<\/div>\n\t\t\t\t<\/div>","protected":false},"excerpt":{"rendered":"<p>Toimumiskoht Kultuurikatel, Kursi tn 3,\u00a0Tallinn \u00a0\u00dcritus toimub Kultuurikatlas. Kultuurikatel on \u00fcritus- ja loomeruum, mis asub kunagises Tallinna keskelektrijaama hoones. Elektrijaam valmis 1913. aastal ja t\u00f6\u00f6tas 66 aastat. 1977. aastal oli elektrijaama rajatis koos Rotermanni linnaga \u00fcheks peamiseks filmiv\u00f5ttepaigaks Andrei Tarkoski filmi &#8220;Stalker&#8221; jaoks. N\u00fc\u00fcdseks on rajatis rekonstrueeritud ja toimib ruumina, kus on v\u00f5imalik korraldada \u00fcritusi [&hellip;]<\/p>\n","protected":false},"author":1,"featured_media":0,"parent":0,"menu_order":0,"comment_status":"closed","ping_status":"closed","template":"","meta":{"_monsterinsights_skip_tracking":false,"_monsterinsights_sitenote_active":false,"_monsterinsights_sitenote_note":"","_monsterinsights_sitenote_category":0,"site-sidebar-layout":"no-sidebar","site-content-layout":"page-builder","ast-site-content-layout":"full-width-container","site-content-style":"unboxed","site-sidebar-style":"unboxed","ast-global-header-display":"","ast-banner-title-visibility":"","ast-main-header-display":"","ast-hfb-above-header-display":"","ast-hfb-below-header-display":"","ast-hfb-mobile-header-display":"","site-post-title":"disabled","ast-breadcrumbs-content":"","ast-featured-img":"disabled","footer-sml-layout":"","ast-disable-related-posts":"","theme-transparent-header-meta":"disabled","adv-header-id-meta":"","stick-header-meta":"default","header-above-stick-meta":"","header-main-stick-meta":"","header-below-stick-meta":"","astra-migrate-meta-layouts":"set","ast-page-background-enabled":"default","ast-page-background-meta":{"desktop":{"background-color":"","background-image":"","background-repeat":"repeat","background-position":"center center","background-size":"auto","background-attachment":"scroll","background-type":"","background-media":"","overlay-type":"","overlay-color":"","overlay-opacity":"","overlay-gradient":""},"tablet":{"background-color":"","background-image":"","background-repeat":"repeat","background-position":"center center","background-size":"auto","background-attachment":"scroll","background-type":"","background-media":"","overlay-type":"","overlay-color":"","overlay-opacity":"","overlay-gradient":""},"mobile":{"background-color":"","background-image":"","background-repeat":"repeat","background-position":"center center","background-size":"auto","background-attachment":"scroll","background-type":"","background-media":"","overlay-type":"","overlay-color":"","overlay-opacity":"","overlay-gradient":""}},"ast-content-background-meta":{"desktop":{"background-color":"var(--ast-global-color-5)","background-image":"","background-repeat":"repeat","background-position":"center center","background-size":"auto","background-attachment":"scroll","background-type":"","background-media":"","overlay-type":"","overlay-color":"","overlay-opacity":"","overlay-gradient":""},"tablet":{"background-color":"var(--ast-global-color-5)","background-image":"","background-repeat":"repeat","background-position":"center center","background-size":"auto","background-attachment":"scroll","background-type":"","background-media":"","overlay-type":"","overlay-color":"","overlay-opacity":"","overlay-gradient":""},"mobile":{"background-color":"var(--ast-global-color-5)","background-image":"","background-repeat":"repeat","background-position":"center center","background-size":"auto","background-attachment":"scroll","background-type":"","background-media":"","overlay-type":"","overlay-color":"","overlay-opacity":"","overlay-gradient":""}},"footnotes":""},"class_list":["post-4109","page","type-page","status-publish","hentry"],"yoast_head":"<!-- This site is optimized with the Yoast SEO plugin v27.4 - https:\/\/yoast.com\/product\/yoast-seo-wordpress\/ -->\n<title>Toimumiskoht - Electricity 2026<\/title>\n<meta name=\"robots\" content=\"index, follow, max-snippet:-1, max-image-preview:large, max-video-preview:-1\" \/>\n<link rel=\"canonical\" href=\"https:\/\/electricity.entre.ee\/en\/toimumiskoht\/\" \/>\n<meta property=\"og:locale\" content=\"en_GB\" \/>\n<meta property=\"og:type\" content=\"article\" \/>\n<meta property=\"og:title\" content=\"Toimumiskoht - Electricity 2026\" \/>\n<meta property=\"og:description\" content=\"Toimumiskoht Kultuurikatel, Kursi tn 3,\u00a0Tallinn \u00a0\u00dcritus toimub Kultuurikatlas. Kultuurikatel on \u00fcritus- ja loomeruum, mis asub kunagises Tallinna keskelektrijaama hoones. Elektrijaam valmis 1913. aastal ja t\u00f6\u00f6tas 66 aastat. 1977. aastal oli elektrijaama rajatis koos Rotermanni linnaga \u00fcheks peamiseks filmiv\u00f5ttepaigaks Andrei Tarkoski filmi &#8220;Stalker&#8221; jaoks. N\u00fc\u00fcdseks on rajatis rekonstrueeritud ja toimib ruumina, kus on v\u00f5imalik korraldada \u00fcritusi [&hellip;]\" \/>\n<meta property=\"og:url\" content=\"https:\/\/electricity.entre.ee\/en\/toimumiskoht\/\" \/>\n<meta property=\"og:site_name\" content=\"Electricity 2026\" \/>\n<meta property=\"article:modified_time\" content=\"2025-01-07T09:51:26+00:00\" \/>\n<meta name=\"twitter:card\" content=\"summary_large_image\" \/>\n<meta name=\"twitter:label1\" content=\"Estimated reading time\" \/>\n\t<meta name=\"twitter:data1\" content=\"1 minute\" \/>\n<script type=\"application\/ld+json\" class=\"yoast-schema-graph\">{\"@context\":\"https:\\\/\\\/schema.org\",\"@graph\":[{\"@type\":\"WebPage\",\"@id\":\"https:\\\/\\\/electricity.entre.ee\\\/en\\\/toimumiskoht\\\/\",\"url\":\"https:\\\/\\\/electricity.entre.ee\\\/en\\\/toimumiskoht\\\/\",\"name\":\"Toimumiskoht - Electricity 2026\",\"isPartOf\":{\"@id\":\"https:\\\/\\\/electricity.entre.ee\\\/en\\\/#website\"},\"datePublished\":\"2024-12-17T19:23:05+00:00\",\"dateModified\":\"2025-01-07T09:51:26+00:00\",\"breadcrumb\":{\"@id\":\"https:\\\/\\\/electricity.entre.ee\\\/en\\\/toimumiskoht\\\/#breadcrumb\"},\"inLanguage\":\"en-GB\",\"potentialAction\":[{\"@type\":\"ReadAction\",\"target\":[\"https:\\\/\\\/electricity.entre.ee\\\/en\\\/toimumiskoht\\\/\"]}]},{\"@type\":\"BreadcrumbList\",\"@id\":\"https:\\\/\\\/electricity.entre.ee\\\/en\\\/toimumiskoht\\\/#breadcrumb\",\"itemListElement\":[{\"@type\":\"ListItem\",\"position\":1,\"name\":\"Home\",\"item\":\"https:\\\/\\\/electricity.entre.ee\\\/\"},{\"@type\":\"ListItem\",\"position\":2,\"name\":\"Toimumiskoht\"}]},{\"@type\":\"WebSite\",\"@id\":\"https:\\\/\\\/electricity.entre.ee\\\/en\\\/#website\",\"url\":\"https:\\\/\\\/electricity.entre.ee\\\/en\\\/\",\"name\":\"Entre- Sinu idee ja vajadus, minu v\u00e4rske ja p\u00fchendunud teostus.\",\"description\":\"\",\"publisher\":{\"@id\":\"https:\\\/\\\/electricity.entre.ee\\\/en\\\/#organization\"},\"potentialAction\":[{\"@type\":\"SearchAction\",\"target\":{\"@type\":\"EntryPoint\",\"urlTemplate\":\"https:\\\/\\\/electricity.entre.ee\\\/en\\\/?s={search_term_string}\"},\"query-input\":{\"@type\":\"PropertyValueSpecification\",\"valueRequired\":true,\"valueName\":\"search_term_string\"}}],\"inLanguage\":\"en-GB\"},{\"@type\":\"Organization\",\"@id\":\"https:\\\/\\\/electricity.entre.ee\\\/en\\\/#organization\",\"name\":\"Entre- Sinu idee ja vajadus, minu v\u00e4rske ja p\u00fchendunud teostus.\",\"url\":\"https:\\\/\\\/electricity.entre.ee\\\/en\\\/\",\"logo\":{\"@type\":\"ImageObject\",\"inLanguage\":\"en-GB\",\"@id\":\"https:\\\/\\\/electricity.entre.ee\\\/en\\\/#\\\/schema\\\/logo\\\/image\\\/\",\"url\":\"https:\\\/\\\/electricity.entre.ee\\\/wp-content\\\/uploads\\\/2025\\\/01\\\/download-16.png\",\"contentUrl\":\"https:\\\/\\\/electricity.entre.ee\\\/wp-content\\\/uploads\\\/2025\\\/01\\\/download-16.png\",\"width\":2008,\"height\":351,\"caption\":\"Entre- Sinu idee ja vajadus, minu v\u00e4rske ja p\u00fchendunud teostus.\"},\"image\":{\"@id\":\"https:\\\/\\\/electricity.entre.ee\\\/en\\\/#\\\/schema\\\/logo\\\/image\\\/\"}}]}<\/script>\n<!-- \/ Yoast SEO plugin. -->","yoast_head_json":{"title":"Toimumiskoht - Electricity 2026","robots":{"index":"index","follow":"follow","max-snippet":"max-snippet:-1","max-image-preview":"max-image-preview:large","max-video-preview":"max-video-preview:-1"},"canonical":"https:\/\/electricity.entre.ee\/en\/toimumiskoht\/","og_locale":"en_GB","og_type":"article","og_title":"Toimumiskoht - Electricity 2026","og_description":"Toimumiskoht Kultuurikatel, Kursi tn 3,\u00a0Tallinn \u00a0\u00dcritus toimub Kultuurikatlas. Kultuurikatel on \u00fcritus- ja loomeruum, mis asub kunagises Tallinna keskelektrijaama hoones. Elektrijaam valmis 1913. aastal ja t\u00f6\u00f6tas 66 aastat. 1977. aastal oli elektrijaama rajatis koos Rotermanni linnaga \u00fcheks peamiseks filmiv\u00f5ttepaigaks Andrei Tarkoski filmi &#8220;Stalker&#8221; jaoks. N\u00fc\u00fcdseks on rajatis rekonstrueeritud ja toimib ruumina, kus on v\u00f5imalik korraldada \u00fcritusi [&hellip;]","og_url":"https:\/\/electricity.entre.ee\/en\/toimumiskoht\/","og_site_name":"Electricity 2026","article_modified_time":"2025-01-07T09:51:26+00:00","twitter_card":"summary_large_image","twitter_misc":{"Estimated reading time":"1 minute"},"schema":{"@context":"https:\/\/schema.org","@graph":[{"@type":"WebPage","@id":"https:\/\/electricity.entre.ee\/en\/toimumiskoht\/","url":"https:\/\/electricity.entre.ee\/en\/toimumiskoht\/","name":"Toimumiskoht - Electricity 2026","isPartOf":{"@id":"https:\/\/electricity.entre.ee\/en\/#website"},"datePublished":"2024-12-17T19:23:05+00:00","dateModified":"2025-01-07T09:51:26+00:00","breadcrumb":{"@id":"https:\/\/electricity.entre.ee\/en\/toimumiskoht\/#breadcrumb"},"inLanguage":"en-GB","potentialAction":[{"@type":"ReadAction","target":["https:\/\/electricity.entre.ee\/en\/toimumiskoht\/"]}]},{"@type":"BreadcrumbList","@id":"https:\/\/electricity.entre.ee\/en\/toimumiskoht\/#breadcrumb","itemListElement":[{"@type":"ListItem","position":1,"name":"Home","item":"https:\/\/electricity.entre.ee\/"},{"@type":"ListItem","position":2,"name":"Toimumiskoht"}]},{"@type":"WebSite","@id":"https:\/\/electricity.entre.ee\/en\/#website","url":"https:\/\/electricity.entre.ee\/en\/","name":"Entre- Sinu idee ja vajadus, minu v\u00e4rske ja p\u00fchendunud teostus.","description":"","publisher":{"@id":"https:\/\/electricity.entre.ee\/en\/#organization"},"potentialAction":[{"@type":"SearchAction","target":{"@type":"EntryPoint","urlTemplate":"https:\/\/electricity.entre.ee\/en\/?s={search_term_string}"},"query-input":{"@type":"PropertyValueSpecification","valueRequired":true,"valueName":"search_term_string"}}],"inLanguage":"en-GB"},{"@type":"Organization","@id":"https:\/\/electricity.entre.ee\/en\/#organization","name":"Entre- Sinu idee ja vajadus, minu v\u00e4rske ja p\u00fchendunud teostus.","url":"https:\/\/electricity.entre.ee\/en\/","logo":{"@type":"ImageObject","inLanguage":"en-GB","@id":"https:\/\/electricity.entre.ee\/en\/#\/schema\/logo\/image\/","url":"https:\/\/electricity.entre.ee\/wp-content\/uploads\/2025\/01\/download-16.png","contentUrl":"https:\/\/electricity.entre.ee\/wp-content\/uploads\/2025\/01\/download-16.png","width":2008,"height":351,"caption":"Entre- Sinu idee ja vajadus, minu v\u00e4rske ja p\u00fchendunud teostus."},"image":{"@id":"https:\/\/electricity.entre.ee\/en\/#\/schema\/logo\/image\/"}}]}},"_links":{"self":[{"href":"https:\/\/electricity.entre.ee\/en\/wp-json\/wp\/v2\/pages\/4109","targetHints":{"allow":["GET"]}}],"collection":[{"href":"https:\/\/electricity.entre.ee\/en\/wp-json\/wp\/v2\/pages"}],"about":[{"href":"https:\/\/electricity.entre.ee\/en\/wp-json\/wp\/v2\/types\/page"}],"author":[{"embeddable":true,"href":"https:\/\/electricity.entre.ee\/en\/wp-json\/wp\/v2\/users\/1"}],"replies":[{"embeddable":true,"href":"https:\/\/electricity.entre.ee\/en\/wp-json\/wp\/v2\/comments?post=4109"}],"version-history":[{"count":5,"href":"https:\/\/electricity.entre.ee\/en\/wp-json\/wp\/v2\/pages\/4109\/revisions"}],"predecessor-version":[{"id":5995,"href":"https:\/\/electricity.entre.ee\/en\/wp-json\/wp\/v2\/pages\/4109\/revisions\/5995"}],"wp:attachment":[{"href":"https:\/\/electricity.entre.ee\/en\/wp-json\/wp\/v2\/media?parent=4109"}],"curies":[{"name":"wp","href":"https:\/\/api.w.org\/{rel}","templated":true}]}}