{"id":4893,"date":"2024-12-28T14:48:45","date_gmt":"2024-12-28T14:48:45","guid":{"rendered":"https:\/\/electricity.entre.ee\/?page_id=4893"},"modified":"2026-04-07T17:38:13","modified_gmt":"2026-04-07T17:38:13","slug":"comfort-heat-uab","status":"publish","type":"page","link":"https:\/\/electricity.entre.ee\/en\/comfort-heat-uab\/","title":{"rendered":"Comfort Heat UAB"},"content":{"rendered":"<div data-elementor-type=\"wp-page\" data-elementor-id=\"4893\" class=\"elementor elementor-4893\">\n\t\t\t\t<div class=\"elementor-element elementor-element-f231cd8 e-grid e-con-boxed e-con e-parent\" data-id=\"f231cd8\" data-element_type=\"container\" data-e-type=\"container\" data-settings=\"{&quot;background_background&quot;:&quot;classic&quot;}\">\n\t\t\t\t\t<div class=\"e-con-inner\">\n\t\t\t\t\t<\/div>\n\t\t\t\t<\/div>\n\t\t<div class=\"elementor-element elementor-element-b6e3977 e-flex e-con-boxed e-con e-parent\" data-id=\"b6e3977\" data-element_type=\"container\" data-e-type=\"container\">\n\t\t\t\t\t<div class=\"e-con-inner\">\n\t\t\t\t<div class=\"elementor-element elementor-element-bf4e9de exad-sticky-section-no exad-glass-effect-no elementor-widget elementor-widget-spacer\" data-id=\"bf4e9de\" data-element_type=\"widget\" data-e-type=\"widget\" data-widget_type=\"spacer.default\">\n\t\t\t\t<div class=\"elementor-widget-container\">\n\t\t\t\t\t\t\t<div class=\"elementor-spacer\">\n\t\t\t<div class=\"elementor-spacer-inner\"><\/div>\n\t\t<\/div>\n\t\t\t\t\t\t<\/div>\n\t\t\t\t<\/div>\n\t\t\t\t\t<\/div>\n\t\t\t\t<\/div>\n\t\t<div class=\"elementor-element elementor-element-84d926f e-flex e-con-boxed e-con e-parent\" data-id=\"84d926f\" data-element_type=\"container\" data-e-type=\"container\">\n\t\t\t\t\t<div class=\"e-con-inner\">\n\t\t\t\t<div class=\"elementor-element elementor-element-72d3847 exad-sticky-section-no exad-glass-effect-no elementor-widget elementor-widget-heading\" data-id=\"72d3847\" data-element_type=\"widget\" data-e-type=\"widget\" data-widget_type=\"heading.default\">\n\t\t\t\t<div class=\"elementor-widget-container\">\n\t\t\t\t\t<h2 class=\"elementor-heading-title elementor-size-default\">COMFORT HEAT<\/h2>\t\t\t\t<\/div>\n\t\t\t\t<\/div>\n\t\t\t\t<div class=\"elementor-element elementor-element-51e6cff exad-sticky-section-no exad-glass-effect-no elementor-widget elementor-widget-spacer\" data-id=\"51e6cff\" data-element_type=\"widget\" data-e-type=\"widget\" data-widget_type=\"spacer.default\">\n\t\t\t\t<div class=\"elementor-widget-container\">\n\t\t\t\t\t\t\t<div class=\"elementor-spacer\">\n\t\t\t<div class=\"elementor-spacer-inner\"><\/div>\n\t\t<\/div>\n\t\t\t\t\t\t<\/div>\n\t\t\t\t<\/div>\n\t\t\t\t\t<\/div>\n\t\t\t\t<\/div>\n\t\t<div class=\"elementor-element elementor-element-bb72ef5 e-flex e-con-boxed e-con e-parent\" data-id=\"bb72ef5\" data-element_type=\"container\" data-e-type=\"container\">\n\t\t\t\t\t<div class=\"e-con-inner\">\n\t\t<div class=\"elementor-element elementor-element-95f3c60 e-con-full e-flex e-con e-child\" data-id=\"95f3c60\" data-element_type=\"container\" data-e-type=\"container\">\n\t\t\t\t<div class=\"elementor-element elementor-element-9d42f06 exad-sticky-section-no exad-glass-effect-no elementor-widget elementor-widget-icon-box\" data-id=\"9d42f06\" data-element_type=\"widget\" data-e-type=\"widget\" data-widget_type=\"icon-box.default\">\n\t\t\t\t<div class=\"elementor-widget-container\">\n\t\t\t\t\t\t\t<div class=\"elementor-icon-box-wrapper\">\n\n\t\t\t\n\t\t\t\t\t\t<div class=\"elementor-icon-box-content\">\n\n\t\t\t\t\t\t\t\t\t<h3 class=\"elementor-icon-box-title\">\n\t\t\t\t\t\t<span  >\n\t\t\t\t\t\t\tStend K29\t\t\t\t\t\t<\/span>\n\t\t\t\t\t<\/h3>\n\t\t\t\t\n\t\t\t\t\n\t\t\t<\/div>\n\t\t\t\n\t\t<\/div>\n\t\t\t\t\t\t<\/div>\n\t\t\t\t<\/div>\n\t\t\t\t<div class=\"elementor-element elementor-element-eda652d exad-sticky-section-no exad-glass-effect-no elementor-widget elementor-widget-image\" data-id=\"eda652d\" data-element_type=\"widget\" data-e-type=\"widget\" data-widget_type=\"image.default\">\n\t\t\t\t<div class=\"elementor-widget-container\">\n\t\t\t\t\t\t\t\t\t\t\t\t\t\t\t\t<a href=\"http:\/\/comfortheat.eu\" target=\"_blank\">\n\t\t\t\t\t\t\t<img fetchpriority=\"high\" decoding=\"async\" width=\"224\" height=\"224\" src=\"https:\/\/electricity.entre.ee\/wp-content\/uploads\/2024\/12\/Comfort-Heat-UAB.png\" class=\"attachment-medium size-medium wp-image-4895\" alt=\"Comfort Heat UAB\" srcset=\"https:\/\/electricity.entre.ee\/wp-content\/uploads\/2024\/12\/Comfort-Heat-UAB.png 225w, https:\/\/electricity.entre.ee\/wp-content\/uploads\/2024\/12\/Comfort-Heat-UAB-100x100.png 100w, https:\/\/electricity.entre.ee\/wp-content\/uploads\/2024\/12\/Comfort-Heat-UAB-150x150.png 150w, https:\/\/electricity.entre.ee\/wp-content\/uploads\/2024\/12\/Comfort-Heat-UAB-12x12.png 12w\" sizes=\"(max-width: 224px) 100vw, 224px\" \/>\t\t\t\t\t\t\t\t<\/a>\n\t\t\t\t\t\t\t\t\t\t\t\t\t\t\t<\/div>\n\t\t\t\t<\/div>\n\t\t\t\t<\/div>\n\t\t<div class=\"elementor-element elementor-element-1ab3508 e-con-full e-flex e-con e-child\" data-id=\"1ab3508\" data-element_type=\"container\" data-e-type=\"container\">\n\t\t<div class=\"elementor-element elementor-element-8bc758a e-con-full e-flex e-con e-child\" data-id=\"8bc758a\" data-element_type=\"container\" data-e-type=\"container\">\n\t\t\t\t<div class=\"elementor-element elementor-element-495350f exad-sticky-section-no exad-glass-effect-no elementor-widget elementor-widget-heading\" data-id=\"495350f\" data-element_type=\"widget\" data-e-type=\"widget\" data-widget_type=\"heading.default\">\n\t\t\t\t<div class=\"elementor-widget-container\">\n\t\t\t\t\t<h2 class=\"elementor-heading-title elementor-size-default\">Contact<\/h2>\t\t\t\t<\/div>\n\t\t\t\t<\/div>\n\t\t\t\t<div class=\"elementor-element elementor-element-a8ba1cd elementor-icon-list--layout-traditional elementor-list-item-link-full_width exad-sticky-section-no exad-glass-effect-no elementor-widget elementor-widget-icon-list\" data-id=\"a8ba1cd\" data-element_type=\"widget\" data-e-type=\"widget\" data-widget_type=\"icon-list.default\">\n\t\t\t\t<div class=\"elementor-widget-container\">\n\t\t\t\t\t\t\t<ul class=\"elementor-icon-list-items\">\n\t\t\t\t\t\t\t<li class=\"elementor-icon-list-item\">\n\t\t\t\t\t\t\t\t\t\t\t<a href=\"https:\/\/comfortheat.eu\/\" target=\"_blank\">\n\n\t\t\t\t\t\t\t\t\t\t\t\t<span class=\"elementor-icon-list-icon\">\n\t\t\t\t\t\t\t<svg aria-hidden=\"true\" class=\"e-font-icon-svg e-fas-globe\" viewbox=\"0 0 496 512\" xmlns=\"http:\/\/www.w3.org\/2000\/svg\"><path d=\"M336.5 160C322 70.7 287.8 8 248 8s-74 62.7-88.5 152h177zM152 256c0 22.2 1.2 43.5 3.3 64h185.3c2.1-20.5 3.3-41.8 3.3-64s-1.2-43.5-3.3-64H155.3c-2.1 20.5-3.3 41.8-3.3 64zm324.7-96c-28.6-67.9-86.5-120.4-158-141.6 24.4 33.8 41.2 84.7 50 141.6h108zM177.2 18.4C105.8 39.6 47.8 92.1 19.3 160h108c8.7-56.9 25.5-107.8 49.9-141.6zM487.4 192H372.7c2.1 21 3.3 42.5 3.3 64s-1.2 43-3.3 64h114.6c5.5-20.5 8.6-41.8 8.6-64s-3.1-43.5-8.5-64zM120 256c0-21.5 1.2-43 3.3-64H8.6C3.2 212.5 0 233.8 0 256s3.2 43.5 8.6 64h114.6c-2-21-3.2-42.5-3.2-64zm39.5 96c14.5 89.3 48.7 152 88.5 152s74-62.7 88.5-152h-177zm159.3 141.6c71.4-21.2 129.4-73.7 158-141.6h-108c-8.8 56.9-25.6 107.8-50 141.6zM19.3 352c28.6 67.9 86.5 120.4 158 141.6-24.4-33.8-41.2-84.7-50-141.6h-108z\"><\/path><\/svg>\t\t\t\t\t\t<\/span>\n\t\t\t\t\t\t\t\t\t\t<span class=\"elementor-icon-list-text\">comfortheat.eu<\/span>\n\t\t\t\t\t\t\t\t\t\t\t<\/a>\n\t\t\t\t\t\t\t\t\t<\/li>\n\t\t\t\t\t\t\t\t<li class=\"elementor-icon-list-item\">\n\t\t\t\t\t\t\t\t\t\t\t<a href=\"mailto:info@comfortheat.eu\">\n\n\t\t\t\t\t\t\t\t\t\t\t\t<span class=\"elementor-icon-list-icon\">\n\t\t\t\t\t\t\t<i aria-hidden=\"true\" class=\"icon icon-email\"><\/i>\t\t\t\t\t\t<\/span>\n\t\t\t\t\t\t\t\t\t\t<span class=\"elementor-icon-list-text\">info@comfortheat.eu<\/span>\n\t\t\t\t\t\t\t\t\t\t\t<\/a>\n\t\t\t\t\t\t\t\t\t<\/li>\n\t\t\t\t\t\t\t\t<li class=\"elementor-icon-list-item\">\n\t\t\t\t\t\t\t\t\t\t\t<a href=\"https:\/\/www.google.com\/maps?q=Ukmerg%C4%97s+g.+364,+Vilnius,+LT-+14188,+Lithuania\" target=\"_blank\">\n\n\t\t\t\t\t\t\t\t\t\t\t\t<span class=\"elementor-icon-list-icon\">\n\t\t\t\t\t\t\t<svg aria-hidden=\"true\" class=\"e-font-icon-svg e-fas-map-marker-alt\" viewbox=\"0 0 384 512\" xmlns=\"http:\/\/www.w3.org\/2000\/svg\"><path d=\"M172.268 501.67C26.97 291.031 0 269.413 0 192 0 85.961 85.961 0 192 0s192 85.961 192 192c0 77.413-26.97 99.031-172.268 309.67-9.535 13.774-29.93 13.773-39.464 0zM192 272c44.183 0 80-35.817 80-80s-35.817-80-80-80-80 35.817-80 80 35.817 80 80 80z\"><\/path><\/svg>\t\t\t\t\t\t<\/span>\n\t\t\t\t\t\t\t\t\t\t<span class=\"elementor-icon-list-text\">Ukmerg\u0117s g. 364, Vilnius, LT- 14188, Lithuania<\/span>\n\t\t\t\t\t\t\t\t\t\t\t<\/a>\n\t\t\t\t\t\t\t\t\t<\/li>\n\t\t\t\t\t\t<\/ul>\n\t\t\t\t\t\t<\/div>\n\t\t\t\t<\/div>\n\t\t\t\t<\/div>\n\t\t\t\t<\/div>\n\t\t\t\t\t<\/div>\n\t\t\t\t<\/div>\n\t\t<div class=\"elementor-element elementor-element-668cd37 e-flex e-con-boxed e-con e-parent\" data-id=\"668cd37\" data-element_type=\"container\" data-e-type=\"container\">\n\t\t\t\t\t<div class=\"e-con-inner\">\n\t\t\t\t<div class=\"elementor-element elementor-element-f264d7d exad-sticky-section-no exad-glass-effect-no elementor-widget elementor-widget-text-editor\" data-id=\"f264d7d\" data-element_type=\"widget\" data-e-type=\"widget\" data-widget_type=\"text-editor.default\">\n\t\t\t\t<div class=\"elementor-widget-container\">\n\t\t\t\t\t\t\t\t\t<p class=\"translation-block\">Comfort Heat has over 25 years of experience in electrical heating products &amp; solutions,  and we are currently operating in more than 18 countries providing services for customers in the commercial, public &amp; industrial sectors.<\/p><p>We develop &amp; manufacture heating systems, products and accessories such as heating cables, heating mats and thermostats for applications ranging from residential, and commercial construction and renovation to large-scale professional solutions in power plants, oil refineries, road &amp; railway infrastructure, agriculture &amp; food industry.<\/p><p>Long-lasting Comfort Heat electrical heating systems are environmentally friendly, and provide maximum comfort level at minimum energy consumption and minimal maintenance cost.<\/p><p>We work towards meeting the growing need for renewable solar energy providing sustainable and efficient heating solutions.<\/p>\t\t\t\t\t\t\t\t<\/div>\n\t\t\t\t<\/div>\n\t\t\t\t\t<\/div>\n\t\t\t\t<\/div>\n\t\t\t\t<\/div>","protected":false},"excerpt":{"rendered":"<p>COMFORT HEAT Stend K29 Kontakt comfortheat.eu info@comfortheat.eu Ukmerg\u0117s g. 364, Vilnius, LT- 14188, Lithuania Comfort Heatil\u00a0on \u00fcle 25 aasta kogemust elektrik\u00fcttetoodete ja -lahenduste valdkonnas ning me tegutseme praegu rohkem kui 18 riigis, pakkudes teenuseid klientidele \u00e4risektoris, avalikus ja t\u00f6\u00f6stussektoris. Me arendame ja toodame k\u00fcttes\u00fcsteeme, tooteid ja tarvikuid, nagu n\u00e4iteks k\u00fcttekaablid, k\u00fcttemattid ja termostaadid, mis on [&hellip;]<\/p>\n","protected":false},"author":1,"featured_media":0,"parent":0,"menu_order":0,"comment_status":"closed","ping_status":"closed","template":"","meta":{"_monsterinsights_skip_tracking":false,"_monsterinsights_sitenote_active":false,"_monsterinsights_sitenote_note":"","_monsterinsights_sitenote_category":0,"site-sidebar-layout":"no-sidebar","site-content-layout":"page-builder","ast-site-content-layout":"full-width-container","site-content-style":"unboxed","site-sidebar-style":"unboxed","ast-global-header-display":"","ast-banner-title-visibility":"","ast-main-header-display":"","ast-hfb-above-header-display":"","ast-hfb-below-header-display":"","ast-hfb-mobile-header-display":"","site-post-title":"disabled","ast-breadcrumbs-content":"","ast-featured-img":"disabled","footer-sml-layout":"","ast-disable-related-posts":"","theme-transparent-header-meta":"default","adv-header-id-meta":"","stick-header-meta":"default","header-above-stick-meta":"","header-main-stick-meta":"","header-below-stick-meta":"","astra-migrate-meta-layouts":"set","ast-page-background-enabled":"default","ast-page-background-meta":{"desktop":{"background-color":"","background-image":"","background-repeat":"repeat","background-position":"center center","background-size":"auto","background-attachment":"scroll","background-type":"","background-media":"","overlay-type":"","overlay-color":"","overlay-opacity":"","overlay-gradient":""},"tablet":{"background-color":"","background-image":"","background-repeat":"repeat","background-position":"center center","background-size":"auto","background-attachment":"scroll","background-type":"","background-media":"","overlay-type":"","overlay-color":"","overlay-opacity":"","overlay-gradient":""},"mobile":{"background-color":"","background-image":"","background-repeat":"repeat","background-position":"center center","background-size":"auto","background-attachment":"scroll","background-type":"","background-media":"","overlay-type":"","overlay-color":"","overlay-opacity":"","overlay-gradient":""}},"ast-content-background-meta":{"desktop":{"background-color":"var(--ast-global-color-5)","background-image":"","background-repeat":"repeat","background-position":"center center","background-size":"auto","background-attachment":"scroll","background-type":"","background-media":"","overlay-type":"","overlay-color":"","overlay-opacity":"","overlay-gradient":""},"tablet":{"background-color":"var(--ast-global-color-5)","background-image":"","background-repeat":"repeat","background-position":"center center","background-size":"auto","background-attachment":"scroll","background-type":"","background-media":"","overlay-type":"","overlay-color":"","overlay-opacity":"","overlay-gradient":""},"mobile":{"background-color":"var(--ast-global-color-5)","background-image":"","background-repeat":"repeat","background-position":"center center","background-size":"auto","background-attachment":"scroll","background-type":"","background-media":"","overlay-type":"","overlay-color":"","overlay-opacity":"","overlay-gradient":""}},"footnotes":""},"class_list":["post-4893","page","type-page","status-publish","hentry"],"yoast_head":"<!-- This site is optimized with the Yoast SEO plugin v27.4 - https:\/\/yoast.com\/product\/yoast-seo-wordpress\/ -->\n<title>Comfort Heat UAB - Electricity 2026<\/title>\n<meta name=\"robots\" content=\"index, follow, max-snippet:-1, max-image-preview:large, max-video-preview:-1\" \/>\n<link rel=\"canonical\" href=\"https:\/\/electricity.entre.ee\/en\/comfort-heat-uab\/\" \/>\n<meta property=\"og:locale\" content=\"en_GB\" \/>\n<meta property=\"og:type\" content=\"article\" \/>\n<meta property=\"og:title\" content=\"Comfort Heat UAB - Electricity 2026\" \/>\n<meta property=\"og:description\" content=\"COMFORT HEAT Stend K29 Kontakt comfortheat.eu info@comfortheat.eu Ukmerg\u0117s g. 364, Vilnius, LT- 14188, Lithuania Comfort Heatil\u00a0on \u00fcle 25 aasta kogemust elektrik\u00fcttetoodete ja -lahenduste valdkonnas ning me tegutseme praegu rohkem kui 18 riigis, pakkudes teenuseid klientidele \u00e4risektoris, avalikus ja t\u00f6\u00f6stussektoris. Me arendame ja toodame k\u00fcttes\u00fcsteeme, tooteid ja tarvikuid, nagu n\u00e4iteks k\u00fcttekaablid, k\u00fcttemattid ja termostaadid, mis on [&hellip;]\" \/>\n<meta property=\"og:url\" content=\"https:\/\/electricity.entre.ee\/en\/comfort-heat-uab\/\" \/>\n<meta property=\"og:site_name\" content=\"Electricity 2026\" \/>\n<meta property=\"article:modified_time\" content=\"2026-04-07T17:38:13+00:00\" \/>\n<meta property=\"og:image\" content=\"https:\/\/electricity.entre.ee\/wp-content\/uploads\/2024\/12\/Comfort-Heat-UAB.png\" \/>\n\t<meta property=\"og:image:width\" content=\"225\" \/>\n\t<meta property=\"og:image:height\" content=\"225\" \/>\n\t<meta property=\"og:image:type\" content=\"image\/png\" \/>\n<meta name=\"twitter:card\" content=\"summary_large_image\" \/>\n<meta name=\"twitter:label1\" content=\"Estimated reading time\" \/>\n\t<meta name=\"twitter:data1\" content=\"1 minute\" \/>\n<script type=\"application\/ld+json\" class=\"yoast-schema-graph\">{\"@context\":\"https:\\\/\\\/schema.org\",\"@graph\":[{\"@type\":\"WebPage\",\"@id\":\"https:\\\/\\\/electricity.entre.ee\\\/comfort-heat-uab\\\/\",\"url\":\"https:\\\/\\\/electricity.entre.ee\\\/comfort-heat-uab\\\/\",\"name\":\"Comfort Heat UAB - Electricity 2026\",\"isPartOf\":{\"@id\":\"https:\\\/\\\/electricity.entre.ee\\\/en\\\/#website\"},\"primaryImageOfPage\":{\"@id\":\"https:\\\/\\\/electricity.entre.ee\\\/comfort-heat-uab\\\/#primaryimage\"},\"image\":{\"@id\":\"https:\\\/\\\/electricity.entre.ee\\\/comfort-heat-uab\\\/#primaryimage\"},\"thumbnailUrl\":\"https:\\\/\\\/electricity.entre.ee\\\/wp-content\\\/uploads\\\/2024\\\/12\\\/Comfort-Heat-UAB.png\",\"datePublished\":\"2024-12-28T14:48:45+00:00\",\"dateModified\":\"2026-04-07T17:38:13+00:00\",\"breadcrumb\":{\"@id\":\"https:\\\/\\\/electricity.entre.ee\\\/comfort-heat-uab\\\/#breadcrumb\"},\"inLanguage\":\"en-GB\",\"potentialAction\":[{\"@type\":\"ReadAction\",\"target\":[\"https:\\\/\\\/electricity.entre.ee\\\/comfort-heat-uab\\\/\"]}]},{\"@type\":\"ImageObject\",\"inLanguage\":\"en-GB\",\"@id\":\"https:\\\/\\\/electricity.entre.ee\\\/comfort-heat-uab\\\/#primaryimage\",\"url\":\"https:\\\/\\\/electricity.entre.ee\\\/wp-content\\\/uploads\\\/2024\\\/12\\\/Comfort-Heat-UAB.png\",\"contentUrl\":\"https:\\\/\\\/electricity.entre.ee\\\/wp-content\\\/uploads\\\/2024\\\/12\\\/Comfort-Heat-UAB.png\"},{\"@type\":\"BreadcrumbList\",\"@id\":\"https:\\\/\\\/electricity.entre.ee\\\/comfort-heat-uab\\\/#breadcrumb\",\"itemListElement\":[{\"@type\":\"ListItem\",\"position\":1,\"name\":\"Home\",\"item\":\"https:\\\/\\\/electricity.entre.ee\\\/\"},{\"@type\":\"ListItem\",\"position\":2,\"name\":\"Comfort Heat UAB\"}]},{\"@type\":\"WebSite\",\"@id\":\"https:\\\/\\\/electricity.entre.ee\\\/en\\\/#website\",\"url\":\"https:\\\/\\\/electricity.entre.ee\\\/en\\\/\",\"name\":\"Entre- Sinu idee ja vajadus, minu v\u00e4rske ja p\u00fchendunud teostus.\",\"description\":\"\",\"publisher\":{\"@id\":\"https:\\\/\\\/electricity.entre.ee\\\/en\\\/#organization\"},\"potentialAction\":[{\"@type\":\"SearchAction\",\"target\":{\"@type\":\"EntryPoint\",\"urlTemplate\":\"https:\\\/\\\/electricity.entre.ee\\\/en\\\/?s={search_term_string}\"},\"query-input\":{\"@type\":\"PropertyValueSpecification\",\"valueRequired\":true,\"valueName\":\"search_term_string\"}}],\"inLanguage\":\"en-GB\"},{\"@type\":\"Organization\",\"@id\":\"https:\\\/\\\/electricity.entre.ee\\\/en\\\/#organization\",\"name\":\"Entre- Sinu idee ja vajadus, minu v\u00e4rske ja p\u00fchendunud teostus.\",\"url\":\"https:\\\/\\\/electricity.entre.ee\\\/en\\\/\",\"logo\":{\"@type\":\"ImageObject\",\"inLanguage\":\"en-GB\",\"@id\":\"https:\\\/\\\/electricity.entre.ee\\\/en\\\/#\\\/schema\\\/logo\\\/image\\\/\",\"url\":\"https:\\\/\\\/electricity.entre.ee\\\/wp-content\\\/uploads\\\/2025\\\/01\\\/download-16.png\",\"contentUrl\":\"https:\\\/\\\/electricity.entre.ee\\\/wp-content\\\/uploads\\\/2025\\\/01\\\/download-16.png\",\"width\":2008,\"height\":351,\"caption\":\"Entre- Sinu idee ja vajadus, minu v\u00e4rske ja p\u00fchendunud teostus.\"},\"image\":{\"@id\":\"https:\\\/\\\/electricity.entre.ee\\\/en\\\/#\\\/schema\\\/logo\\\/image\\\/\"}}]}<\/script>\n<!-- \/ Yoast SEO plugin. -->","yoast_head_json":{"title":"Comfort Heat UAB - Electricity 2026","robots":{"index":"index","follow":"follow","max-snippet":"max-snippet:-1","max-image-preview":"max-image-preview:large","max-video-preview":"max-video-preview:-1"},"canonical":"https:\/\/electricity.entre.ee\/en\/comfort-heat-uab\/","og_locale":"en_GB","og_type":"article","og_title":"Comfort Heat UAB - Electricity 2026","og_description":"COMFORT HEAT Stend K29 Kontakt comfortheat.eu info@comfortheat.eu Ukmerg\u0117s g. 364, Vilnius, LT- 14188, Lithuania Comfort Heatil\u00a0on \u00fcle 25 aasta kogemust elektrik\u00fcttetoodete ja -lahenduste valdkonnas ning me tegutseme praegu rohkem kui 18 riigis, pakkudes teenuseid klientidele \u00e4risektoris, avalikus ja t\u00f6\u00f6stussektoris. Me arendame ja toodame k\u00fcttes\u00fcsteeme, tooteid ja tarvikuid, nagu n\u00e4iteks k\u00fcttekaablid, k\u00fcttemattid ja termostaadid, mis on [&hellip;]","og_url":"https:\/\/electricity.entre.ee\/en\/comfort-heat-uab\/","og_site_name":"Electricity 2026","article_modified_time":"2026-04-07T17:38:13+00:00","og_image":[{"width":225,"height":225,"url":"https:\/\/electricity.entre.ee\/wp-content\/uploads\/2024\/12\/Comfort-Heat-UAB.png","type":"image\/png"}],"twitter_card":"summary_large_image","twitter_misc":{"Estimated reading time":"1 minute"},"schema":{"@context":"https:\/\/schema.org","@graph":[{"@type":"WebPage","@id":"https:\/\/electricity.entre.ee\/comfort-heat-uab\/","url":"https:\/\/electricity.entre.ee\/comfort-heat-uab\/","name":"Comfort Heat UAB - Electricity 2026","isPartOf":{"@id":"https:\/\/electricity.entre.ee\/en\/#website"},"primaryImageOfPage":{"@id":"https:\/\/electricity.entre.ee\/comfort-heat-uab\/#primaryimage"},"image":{"@id":"https:\/\/electricity.entre.ee\/comfort-heat-uab\/#primaryimage"},"thumbnailUrl":"https:\/\/electricity.entre.ee\/wp-content\/uploads\/2024\/12\/Comfort-Heat-UAB.png","datePublished":"2024-12-28T14:48:45+00:00","dateModified":"2026-04-07T17:38:13+00:00","breadcrumb":{"@id":"https:\/\/electricity.entre.ee\/comfort-heat-uab\/#breadcrumb"},"inLanguage":"en-GB","potentialAction":[{"@type":"ReadAction","target":["https:\/\/electricity.entre.ee\/comfort-heat-uab\/"]}]},{"@type":"ImageObject","inLanguage":"en-GB","@id":"https:\/\/electricity.entre.ee\/comfort-heat-uab\/#primaryimage","url":"https:\/\/electricity.entre.ee\/wp-content\/uploads\/2024\/12\/Comfort-Heat-UAB.png","contentUrl":"https:\/\/electricity.entre.ee\/wp-content\/uploads\/2024\/12\/Comfort-Heat-UAB.png"},{"@type":"BreadcrumbList","@id":"https:\/\/electricity.entre.ee\/comfort-heat-uab\/#breadcrumb","itemListElement":[{"@type":"ListItem","position":1,"name":"Home","item":"https:\/\/electricity.entre.ee\/"},{"@type":"ListItem","position":2,"name":"Comfort Heat UAB"}]},{"@type":"WebSite","@id":"https:\/\/electricity.entre.ee\/en\/#website","url":"https:\/\/electricity.entre.ee\/en\/","name":"Entre- Sinu idee ja vajadus, minu v\u00e4rske ja p\u00fchendunud teostus.","description":"","publisher":{"@id":"https:\/\/electricity.entre.ee\/en\/#organization"},"potentialAction":[{"@type":"SearchAction","target":{"@type":"EntryPoint","urlTemplate":"https:\/\/electricity.entre.ee\/en\/?s={search_term_string}"},"query-input":{"@type":"PropertyValueSpecification","valueRequired":true,"valueName":"search_term_string"}}],"inLanguage":"en-GB"},{"@type":"Organization","@id":"https:\/\/electricity.entre.ee\/en\/#organization","name":"Entre- Sinu idee ja vajadus, minu v\u00e4rske ja p\u00fchendunud teostus.","url":"https:\/\/electricity.entre.ee\/en\/","logo":{"@type":"ImageObject","inLanguage":"en-GB","@id":"https:\/\/electricity.entre.ee\/en\/#\/schema\/logo\/image\/","url":"https:\/\/electricity.entre.ee\/wp-content\/uploads\/2025\/01\/download-16.png","contentUrl":"https:\/\/electricity.entre.ee\/wp-content\/uploads\/2025\/01\/download-16.png","width":2008,"height":351,"caption":"Entre- Sinu idee ja vajadus, minu v\u00e4rske ja p\u00fchendunud teostus."},"image":{"@id":"https:\/\/electricity.entre.ee\/en\/#\/schema\/logo\/image\/"}}]}},"_links":{"self":[{"href":"https:\/\/electricity.entre.ee\/en\/wp-json\/wp\/v2\/pages\/4893","targetHints":{"allow":["GET"]}}],"collection":[{"href":"https:\/\/electricity.entre.ee\/en\/wp-json\/wp\/v2\/pages"}],"about":[{"href":"https:\/\/electricity.entre.ee\/en\/wp-json\/wp\/v2\/types\/page"}],"author":[{"embeddable":true,"href":"https:\/\/electricity.entre.ee\/en\/wp-json\/wp\/v2\/users\/1"}],"replies":[{"embeddable":true,"href":"https:\/\/electricity.entre.ee\/en\/wp-json\/wp\/v2\/comments?post=4893"}],"version-history":[{"count":5,"href":"https:\/\/electricity.entre.ee\/en\/wp-json\/wp\/v2\/pages\/4893\/revisions"}],"predecessor-version":[{"id":7380,"href":"https:\/\/electricity.entre.ee\/en\/wp-json\/wp\/v2\/pages\/4893\/revisions\/7380"}],"wp:attachment":[{"href":"https:\/\/electricity.entre.ee\/en\/wp-json\/wp\/v2\/media?parent=4893"}],"curies":[{"name":"wp","href":"https:\/\/api.w.org\/{rel}","templated":true}]}}